{"id":88,"date":"2025-02-07T17:45:33","date_gmt":"2025-02-07T17:45:33","guid":{"rendered":"https:\/\/irishhawkingclub.org\/?page_id=88"},"modified":"2025-03-05T15:09:32","modified_gmt":"2025-03-05T15:09:32","slug":"legislation","status":"publish","type":"page","link":"https:\/\/irishhawkingclub.org\/ga\/legislation\/","title":{"rendered":"Reachta\u00edocht"},"content":{"rendered":"<div class=\"wp-block-group alignfull has-background-background-color has-background has-global-padding is-layout-constrained wp-container-core-group-is-layout-864ebe9b wp-block-group-is-layout-constrained\" style=\"margin-top:0;margin-bottom:0;padding-top:0;padding-right:0;padding-bottom:0;padding-left:0\">\n<div class=\"wp-block-cover alignfull extendify-image-import\" style=\"padding-top:0;padding-right:var(--wp--preset--spacing--30);padding-bottom:0;padding-left:var(--wp--preset--spacing--30);min-height:50px;aspect-ratio:unset;\"><span aria-hidden=\"true\" class=\"wp-block-cover__background has-black-background-color has-background-dim-30 has-background-dim\"><\/span><img loading=\"lazy\" decoding=\"async\" width=\"960\" height=\"720\" class=\"wp-block-cover__image-background wp-image-187\" alt=\"\" src=\"https:\/\/irishhawkingclub.org\/wp-content\/uploads\/2025\/02\/static-display-game-fairs_old_38-end-session-ihc.jpg\" data-object-fit=\"cover\" srcset=\"https:\/\/irishhawkingclub.org\/wp-content\/uploads\/2025\/02\/static-display-game-fairs_old_38-end-session-ihc.jpg 960w, https:\/\/irishhawkingclub.org\/wp-content\/uploads\/2025\/02\/static-display-game-fairs_old_38-end-session-ihc-300x225.jpg 300w, https:\/\/irishhawkingclub.org\/wp-content\/uploads\/2025\/02\/static-display-game-fairs_old_38-end-session-ihc-768x576.jpg 768w\" sizes=\"auto, (max-width: 960px) 100vw, 960px\" \/><div class=\"wp-block-cover__inner-container is-layout-flow wp-block-cover-is-layout-flow\">\n<div class=\"wp-block-group has-global-padding is-layout-constrained wp-block-group-is-layout-constrained\" style=\"padding-top:var(--wp--preset--spacing--60);padding-bottom:var(--wp--preset--spacing--60)\">\n<div class=\"wp-block-columns alignwide are-vertically-aligned-center is-layout-flex wp-container-core-columns-is-layout-947c9d80 wp-block-columns-is-layout-flex\">\n<div class=\"wp-block-column is-vertically-aligned-center is-layout-flow wp-block-column-is-layout-flow\">\n<h1 class=\"wp-block-heading has-text-color has-x-large-font-size\" style=\"color:#fffffffc\">Dl\u00edthi\u00fail<\/h1>\n<\/div>\n\n\n\n<div class=\"wp-block-column is-vertically-aligned-center is-layout-flow wp-block-column-is-layout-flow\">\n<p class=\"has-text-color\" style=\"color:#fffffffc\">D\u00e9an ini\u00fachadh ar thraidisi\u00fan na falconry le Club Hawking na h\u00c9ireann. B\u00ed linn chun an oidhreacht seo a chaomhn\u00fa. Tosa\u00edonn d'eachtra anseo.<\/p>\n<\/div>\n<\/div>\n<\/div>\n<\/div><\/div>\n<\/div>\n\n\n\n<div class=\"wp-block-group alignfull has-tertiary-background-color has-background has-global-padding is-layout-constrained wp-container-core-group-is-layout-7276a2bb wp-block-group-is-layout-constrained\" id=\"faq\" style=\"margin-top:0;margin-bottom:0;padding-top:var(--wp--preset--spacing--60);padding-right:var(--wp--preset--spacing--30);padding-bottom:var(--wp--preset--spacing--60);padding-left:var(--wp--preset--spacing--30)\">\n<div class=\"wp-block-group has-global-padding is-layout-constrained wp-block-group-is-layout-constrained\" style=\"border-bottom-color:var(--wp--preset--color--tertiary);border-bottom-width:1px;margin-top:0;padding-top:var(--wp--preset--spacing--30);padding-bottom:var(--wp--preset--spacing--30)\">\n<p>C\u00e9 go bhfuil fabhc\u00fana\u00edocht dl\u00edthi\u00fail sa d\u00e1 dhl\u00ednse in \u00c9irinn, t\u00e1 s\u00ed faoi rial\u00fa ag sraitheanna dl\u00edthe at\u00e1 go hioml\u00e1n difri\u00fail \u00f3 thuaidh agus \u00f3 dheas. Chun t\u00fas a chur leis, ba cheart duit teagmh\u00e1il a dh\u00e9anamh ar dt\u00fas leis an ngn\u00edomhaireacht rialtais \u00e1bhartha at\u00e1 freagrach as falconry agus a chur in i\u00fal d\u00f3ibh go bhfuil suim agat a bheith i do fhalconer.\u00a0Tabharfaidh siad comhairle duit d\u00e1 r\u00e9ir agus cuirfidh siad in i\u00fal duit cad iad na cead\u00fanais agus na ceadanna a bheidh ag teast\u00e1il uait.<\/p>\n\n\n\n<p>Ba cheart duit eolas a chur ar na rialach\u00e1in \u00e1bhartha freisin.\u00a0 Is iad seo a leanas na pr\u00edomhtheagmh\u00e1laithe le haghaidh cead\u00fanais falconry agus \u00e9an creiche:<\/p>\n\n\n\n<hr class=\"wp-block-separator has-alpha-channel-opacity\"\/>\n\n\n\n<h3 class=\"wp-block-heading\"><strong>Poblacht na h\u00c9ireann<\/strong><\/h3>\n\n\n\n<p>An tAonad Cead\u00fan\u00fach\u00e1in Fiadh\u00falra<br>An tSeirbh\u00eds P\u00e1irceanna N\u00e1isi\u00fanta agus Fiadh\u00falra<br>7 \u00c1it Ely<br>Baile \u00c1tha Cliath 2<br>Sonra\u00ed teagmh\u00e1la: R\u00edomhphost:&nbsp;<a href=\"http:\/\/www.wildlifelicence@ahg.gov.ie\/\">www.wildlifelicence@ahg.gov.ie<\/a><br>&nbsp;Uimhir theileaf\u00f3in: 01-8883275 n\u00f3 01-8883298<\/p>\n\n\n\n<p><a href=\"http:\/\/www.npws.ie\/legislationandconventions\/cites\/applyforimportexportpermits\/\">Is f\u00e9idir iarratais ar chead\u00fanais \u00e9an creiche a \u00edosl\u00f3d\u00e1il tr\u00ed chlice\u00e1il anseo<\/a><\/p>\n\n\n\n<p>Tabhair faoi deara: Beidh cead\u00fanas ag teast\u00e1il uait chun \u00e9an creiche a bheith agat agus cead\u00fanas eile chun dul i mbun falconry.<\/p>\n\n\n\n<p>Is \u00e9 seo a leanas an pr\u00edomhrialach\u00e1n:&nbsp;<br>&nbsp;&nbsp;&nbsp;&nbsp;&nbsp;I.R. Uimh. 8\/1984 \u2014 Na Rialach\u00e1in f\u00e1n Acht um Fhiadh\u00falra, 1976 (\u00c9in Chreiche), 1984.&nbsp;<\/p>\n\n\n\n<p>Beidh ort bualadh leis an Ranger Fiadh\u00falra \u00e1iti\u00fail chun ini\u00fachadh a dh\u00e9anamh ar d'\u00e1itreabh, ar do ch\u00e9ir\/ar d'iompar.<\/p>\n\n\n\n<hr class=\"wp-block-separator has-alpha-channel-opacity\"\/>\n\n\n\n<h3 class=\"wp-block-heading\"><strong>Tuaisceart \u00c9ireann<br><\/strong><\/h3>\n\n\n\n<p>Cigireacht Fiadh\u00falra, Tuaisceart \u00c9ireann<br>An Ghn\u00edomhaireacht Chomhshaoil, B\u00e9al Feirste(028)<br>9056 9557.<\/p>\n\n\n\n<p>An tAonad Bith\u00e9ags\u00falachta,<br>Foirgneamh Klondyke,<br>Ascaill an Chr\u00f3caigh,<\/p>\n\n\n\n<p>P\u00e1irc Ghn\u00f3 na nG\u00e1soibreacha,<br>B\u00f3thar Ormeau \u00cdochtarach,<br>B\u00e9al Feirste BT7 2JA<br>n\u00f3<br>Uimhir theileaf\u00f3in: 028 9056 9605<\/p>\n\n\n\n<p>Pr\u00edomh-Rialach\u00e1n: Fiadh\u00falra<br>An tOrd\u00fa (Tuaisceart \u00c9ireann), 1985 \u2013 Cead\u00fanas chun \u00c9in Chreiche a shealbh\u00fa.<\/p>\n\n\n\n<p>Tabhair do d\u2019aire, le do thoil, i gc\u00e1s speicis \u00e1irithe \u00e9an, go bhf\u00e9adfadh s\u00e9 go mbeadh g\u00e1 le hAirteagal 10, arna eisi\u00faint mar chuid den Choinbhinsi\u00fan maidir le Tr\u00e1d\u00e1il Idirn\u00e1isi\u00fanta Speiceas i mBaol (<a href=\"https:\/\/cites.org\/eng\" title=\"\">CITES<\/a>).<\/p>\n\n\n\n<p>Chomh maith leis sin, m\u00e1 t\u00e1 s\u00e9 beartaithe agat \u00e9an creiche a iomp\u00f3rt\u00e1il \u00f3 ph\u00f3raitheoir tr\u00e1cht\u00e1la lasmuigh den Phoblacht, beidh ort a chinnti\u00fa go gcomhl\u00edonann t\u00fa ceanglais na Roinne Talmha\u00edochta maidir le hallmhairi\u00fa.&nbsp;&nbsp;<\/p>\n<\/div>\n<\/div>\n\n\n\n<div class=\"wp-block-group alignfull has-background-background-color has-background has-global-padding is-layout-constrained wp-container-core-group-is-layout-7276a2bb wp-block-group-is-layout-constrained\" id=\"about\" style=\"margin-top:0;margin-bottom:0;padding-top:var(--wp--preset--spacing--60);padding-right:var(--wp--preset--spacing--30);padding-bottom:var(--wp--preset--spacing--60);padding-left:var(--wp--preset--spacing--30)\">\n<h2 class=\"wp-block-heading has-text-align-wide\">Cuairteoir\u00ed<\/h2>\n\n\n\n<p>N\u00ed m\u00f3r d'aon fhalconer ar cuairt chuig Poblacht na h\u00c9ireann (lena n-\u00e1ir\u00edtear iad si\u00fad ar cuairt \u00f3 Thuaisceart \u00c9ireann) a bhfuil s\u00e9 ar intinn aige fiach a dh\u00e9anamh lena \u00e9an cead\u00fanas falconry a bheith aige a d'eisigh an <a href=\"https:\/\/www.npws.ie\/\" title=\"\">NPWS <\/a>(faoi l\u00e1thair, \u20ac12.70).<\/p>\n\n\n\n<figure class=\"wp-block-image size-full\"><img loading=\"lazy\" decoding=\"async\" width=\"960\" height=\"720\" src=\"https:\/\/irishhawkingclub.org\/wp-content\/uploads\/2025\/02\/static-display-game-fairs_old_38-end-session-ihc.jpg\" alt=\"\" class=\"wp-image-187\" srcset=\"https:\/\/irishhawkingclub.org\/wp-content\/uploads\/2025\/02\/static-display-game-fairs_old_38-end-session-ihc.jpg 960w, https:\/\/irishhawkingclub.org\/wp-content\/uploads\/2025\/02\/static-display-game-fairs_old_38-end-session-ihc-300x225.jpg 300w, https:\/\/irishhawkingclub.org\/wp-content\/uploads\/2025\/02\/static-display-game-fairs_old_38-end-session-ihc-768x576.jpg 768w\" sizes=\"auto, (max-width: 960px) 100vw, 960px\" \/><\/figure>\n\n\n\n<p>Ba cheart do shealbh\u00f3ir cead\u00fanais a chinnti\u00fa go bhfuil s\u00e9\/s\u00ed eolach ar na coinn\u00edollacha at\u00e1 luaite ar<br>an cead\u00fanas agus m\u00e1 t\u00e1 aon cheann ann nach f\u00e9idir leis\/l\u00e9i a chomhl\u00edonadh, n\u00f3 nach f\u00e9idir leis\/l\u00e9i \u00e9\/\u00ed a chomhl\u00edonadh a thuilleadh, ba cheart d\u00f3\/di \u00e9 sin a chur in i\u00fal don Roinn \u00e1bhartha l\u00e1ithreach.<\/p>\n\n\n\n<p class=\"has-text-align-wide\">S\u00e9anadh:\u00a0 Sol\u00e1thra\u00edonn an IHC an fhaisn\u00e9is thuas chun cr\u00edche treorach amh\u00e1in agus n\u00ed airbhearta\u00edonn s\u00e9 go bhfuil an fhaisn\u00e9is ioml\u00e1n, f\u00edorasach agus ceart \u00f3 thaobh an dl\u00ed de. Is f\u00e9idir leis an bpr\u00f3iseas reachtach a bheith casta agus faoi r\u00e9ir athr\u00fa mar gheall ar athruithe reachtacha n\u00e1isi\u00fanta, Eorpacha agus Idirn\u00e1isi\u00fanta<\/p>\n\n\n\n<hr class=\"wp-block-separator has-alpha-channel-opacity\"\/>\n\n\n\n<div class=\"wp-block-buttons is-layout-flex wp-block-buttons-is-layout-flex\">\n<div class=\"wp-block-button\"><a class=\"wp-block-button__link wp-element-button\" href=\"http:\/\/www.npws.ie\/media\/npws\/publications\/legaldocs\/media,4935,en.pdf\">Foirm Iomp\u00f3rt\u00e1la \u00c9an Uachtair (NWPS)<\/a><\/div>\n<\/div>\n<\/div>","protected":false},"excerpt":{"rendered":"<p>While falconry is legal in both jurisdictions in Ireland, it is governed by completely different sets of laws North and South. To make a start you should first contact the relevant government agency with responsibility for falconry and let them know that you are interested in becoming a falconer.&nbsp;They will advise you accordingly and inform [&hellip;]<\/p>","protected":false},"author":1,"featured_media":0,"parent":0,"menu_order":0,"comment_status":"closed","ping_status":"closed","template":"","meta":{"footnotes":""},"class_list":["post-88","page","type-page","status-publish","hentry"],"yoast_head":"<!-- This site is optimized with the Yoast SEO plugin v27.2 - https:\/\/yoast.com\/product\/yoast-seo-wordpress\/ -->\n<title>Legislation - Irish Hawking Club<\/title>\n<meta name=\"robots\" content=\"index, follow, max-snippet:-1, max-image-preview:large, max-video-preview:-1\" \/>\n<link rel=\"canonical\" href=\"https:\/\/irishhawkingclub.org\/ga\/legislation\/\" \/>\n<meta property=\"og:locale\" content=\"ga_IE\" \/>\n<meta property=\"og:type\" content=\"article\" \/>\n<meta property=\"og:title\" content=\"Legislation - Irish Hawking Club\" \/>\n<meta property=\"og:description\" content=\"While falconry is legal in both jurisdictions in Ireland, it is governed by completely different sets of laws North and South. To make a start you should first contact the relevant government agency with responsibility for falconry and let them know that you are interested in becoming a falconer.&nbsp;They will advise you accordingly and inform [&hellip;]\" \/>\n<meta property=\"og:url\" content=\"https:\/\/irishhawkingclub.org\/ga\/legislation\/\" \/>\n<meta property=\"og:site_name\" content=\"Irish Hawking Club\" \/>\n<meta property=\"article:publisher\" content=\"https:\/\/www.facebook.com\/irishhawkingclub\/\" \/>\n<meta property=\"article:modified_time\" content=\"2025-03-05T15:09:32+00:00\" \/>\n<meta property=\"og:image\" content=\"https:\/\/irishhawkingclub.org\/wp-content\/uploads\/2025\/02\/static-display-game-fairs_old_38-end-session-ihc.jpg\" \/>\n<meta name=\"twitter:card\" content=\"summary_large_image\" \/>\n<meta name=\"twitter:label1\" content=\"Est. reading time\" \/>\n\t<meta name=\"twitter:data1\" content=\"2 minutes\" \/>\n<script type=\"application\/ld+json\" class=\"yoast-schema-graph\">{\"@context\":\"https:\/\/schema.org\",\"@graph\":[{\"@type\":\"WebPage\",\"@id\":\"https:\/\/irishhawkingclub.org\/legislation\/\",\"url\":\"https:\/\/irishhawkingclub.org\/legislation\/\",\"name\":\"Legislation - Irish Hawking Club\",\"isPartOf\":{\"@id\":\"https:\/\/irishhawkingclub.org\/ga\/#website\"},\"primaryImageOfPage\":{\"@id\":\"https:\/\/irishhawkingclub.org\/legislation\/#primaryimage\"},\"image\":{\"@id\":\"https:\/\/irishhawkingclub.org\/legislation\/#primaryimage\"},\"thumbnailUrl\":\"https:\/\/irishhawkingclub.org\/wp-content\/uploads\/2025\/02\/static-display-game-fairs_old_38-end-session-ihc.jpg\",\"datePublished\":\"2025-02-07T17:45:33+00:00\",\"dateModified\":\"2025-03-05T15:09:32+00:00\",\"breadcrumb\":{\"@id\":\"https:\/\/irishhawkingclub.org\/legislation\/#breadcrumb\"},\"inLanguage\":\"ga-IE\",\"potentialAction\":[{\"@type\":\"ReadAction\",\"target\":[\"https:\/\/irishhawkingclub.org\/legislation\/\"]}]},{\"@type\":\"ImageObject\",\"inLanguage\":\"ga-IE\",\"@id\":\"https:\/\/irishhawkingclub.org\/legislation\/#primaryimage\",\"url\":\"https:\/\/irishhawkingclub.org\/wp-content\/uploads\/2025\/02\/static-display-game-fairs_old_38-end-session-ihc.jpg\",\"contentUrl\":\"https:\/\/irishhawkingclub.org\/wp-content\/uploads\/2025\/02\/static-display-game-fairs_old_38-end-session-ihc.jpg\"},{\"@type\":\"BreadcrumbList\",\"@id\":\"https:\/\/irishhawkingclub.org\/legislation\/#breadcrumb\",\"itemListElement\":[{\"@type\":\"ListItem\",\"position\":1,\"name\":\"Home\",\"item\":\"https:\/\/irishhawkingclub.org\/\"},{\"@type\":\"ListItem\",\"position\":2,\"name\":\"Legislation\"}]},{\"@type\":\"WebSite\",\"@id\":\"https:\/\/irishhawkingclub.org\/ga\/#website\",\"url\":\"https:\/\/irishhawkingclub.org\/ga\/\",\"name\":\"Irish Hawking Club\",\"description\":\"Seabhaic seilge na h\u00c9ireann\",\"publisher\":{\"@id\":\"https:\/\/irishhawkingclub.org\/ga\/#organization\"},\"alternateName\":\"IHC\",\"potentialAction\":[{\"@type\":\"SearchAction\",\"target\":{\"@type\":\"EntryPoint\",\"urlTemplate\":\"https:\/\/irishhawkingclub.org\/ga\/?s={search_term_string}\"},\"query-input\":{\"@type\":\"PropertyValueSpecification\",\"valueRequired\":true,\"valueName\":\"search_term_string\"}}],\"inLanguage\":\"ga-IE\"},{\"@type\":\"Organization\",\"@id\":\"https:\/\/irishhawkingclub.org\/ga\/#organization\",\"name\":\"Irish Hawking Club\",\"alternateName\":\"IHC\",\"url\":\"https:\/\/irishhawkingclub.org\/ga\/\",\"logo\":{\"@type\":\"ImageObject\",\"inLanguage\":\"ga-IE\",\"@id\":\"https:\/\/irishhawkingclub.org\/ga\/#\/schema\/logo\/image\/\",\"url\":\"https:\/\/irishhawkingclub.org\/wp-content\/uploads\/2025\/02\/IHC-Logo.jpg\",\"contentUrl\":\"https:\/\/irishhawkingclub.org\/wp-content\/uploads\/2025\/02\/IHC-Logo.jpg\",\"width\":1160,\"height\":1420,\"caption\":\"Irish Hawking Club\"},\"image\":{\"@id\":\"https:\/\/irishhawkingclub.org\/ga\/#\/schema\/logo\/image\/\"},\"sameAs\":[\"https:\/\/www.facebook.com\/irishhawkingclub\/\"]}]}<\/script>\n<!-- \/ Yoast SEO plugin. -->","yoast_head_json":{"title":"Legislation - Irish Hawking Club","robots":{"index":"index","follow":"follow","max-snippet":"max-snippet:-1","max-image-preview":"max-image-preview:large","max-video-preview":"max-video-preview:-1"},"canonical":"https:\/\/irishhawkingclub.org\/ga\/legislation\/","og_locale":"ga_IE","og_type":"article","og_title":"Legislation - Irish Hawking Club","og_description":"While falconry is legal in both jurisdictions in Ireland, it is governed by completely different sets of laws North and South. To make a start you should first contact the relevant government agency with responsibility for falconry and let them know that you are interested in becoming a falconer.&nbsp;They will advise you accordingly and inform [&hellip;]","og_url":"https:\/\/irishhawkingclub.org\/ga\/legislation\/","og_site_name":"Irish Hawking Club","article_publisher":"https:\/\/www.facebook.com\/irishhawkingclub\/","article_modified_time":"2025-03-05T15:09:32+00:00","og_image":[{"url":"https:\/\/irishhawkingclub.org\/wp-content\/uploads\/2025\/02\/static-display-game-fairs_old_38-end-session-ihc.jpg","type":"","width":"","height":""}],"twitter_card":"summary_large_image","twitter_misc":{"Est. reading time":"2 minutes"},"schema":{"@context":"https:\/\/schema.org","@graph":[{"@type":"WebPage","@id":"https:\/\/irishhawkingclub.org\/legislation\/","url":"https:\/\/irishhawkingclub.org\/legislation\/","name":"Legislation - Irish Hawking Club","isPartOf":{"@id":"https:\/\/irishhawkingclub.org\/ga\/#website"},"primaryImageOfPage":{"@id":"https:\/\/irishhawkingclub.org\/legislation\/#primaryimage"},"image":{"@id":"https:\/\/irishhawkingclub.org\/legislation\/#primaryimage"},"thumbnailUrl":"https:\/\/irishhawkingclub.org\/wp-content\/uploads\/2025\/02\/static-display-game-fairs_old_38-end-session-ihc.jpg","datePublished":"2025-02-07T17:45:33+00:00","dateModified":"2025-03-05T15:09:32+00:00","breadcrumb":{"@id":"https:\/\/irishhawkingclub.org\/legislation\/#breadcrumb"},"inLanguage":"ga-IE","potentialAction":[{"@type":"ReadAction","target":["https:\/\/irishhawkingclub.org\/legislation\/"]}]},{"@type":"ImageObject","inLanguage":"ga-IE","@id":"https:\/\/irishhawkingclub.org\/legislation\/#primaryimage","url":"https:\/\/irishhawkingclub.org\/wp-content\/uploads\/2025\/02\/static-display-game-fairs_old_38-end-session-ihc.jpg","contentUrl":"https:\/\/irishhawkingclub.org\/wp-content\/uploads\/2025\/02\/static-display-game-fairs_old_38-end-session-ihc.jpg"},{"@type":"BreadcrumbList","@id":"https:\/\/irishhawkingclub.org\/legislation\/#breadcrumb","itemListElement":[{"@type":"ListItem","position":1,"name":"Home","item":"https:\/\/irishhawkingclub.org\/"},{"@type":"ListItem","position":2,"name":"Legislation"}]},{"@type":"WebSite","@id":"https:\/\/irishhawkingclub.org\/ga\/#website","url":"https:\/\/irishhawkingclub.org\/ga\/","name":"Irish Hawking Club","description":"Seabhaic seilge na h\u00c9ireann","publisher":{"@id":"https:\/\/irishhawkingclub.org\/ga\/#organization"},"alternateName":"IHC","potentialAction":[{"@type":"SearchAction","target":{"@type":"EntryPoint","urlTemplate":"https:\/\/irishhawkingclub.org\/ga\/?s={search_term_string}"},"query-input":{"@type":"PropertyValueSpecification","valueRequired":true,"valueName":"search_term_string"}}],"inLanguage":"ga-IE"},{"@type":"Organization","@id":"https:\/\/irishhawkingclub.org\/ga\/#organization","name":"Irish Hawking Club","alternateName":"IHC","url":"https:\/\/irishhawkingclub.org\/ga\/","logo":{"@type":"ImageObject","inLanguage":"ga-IE","@id":"https:\/\/irishhawkingclub.org\/ga\/#\/schema\/logo\/image\/","url":"https:\/\/irishhawkingclub.org\/wp-content\/uploads\/2025\/02\/IHC-Logo.jpg","contentUrl":"https:\/\/irishhawkingclub.org\/wp-content\/uploads\/2025\/02\/IHC-Logo.jpg","width":1160,"height":1420,"caption":"Irish Hawking Club"},"image":{"@id":"https:\/\/irishhawkingclub.org\/ga\/#\/schema\/logo\/image\/"},"sameAs":["https:\/\/www.facebook.com\/irishhawkingclub\/"]}]}},"jetpack_sharing_enabled":true,"_links":{"self":[{"href":"https:\/\/irishhawkingclub.org\/ga\/wp-json\/wp\/v2\/pages\/88","targetHints":{"allow":["GET"]}}],"collection":[{"href":"https:\/\/irishhawkingclub.org\/ga\/wp-json\/wp\/v2\/pages"}],"about":[{"href":"https:\/\/irishhawkingclub.org\/ga\/wp-json\/wp\/v2\/types\/page"}],"author":[{"embeddable":true,"href":"https:\/\/irishhawkingclub.org\/ga\/wp-json\/wp\/v2\/users\/1"}],"replies":[{"embeddable":true,"href":"https:\/\/irishhawkingclub.org\/ga\/wp-json\/wp\/v2\/comments?post=88"}],"version-history":[{"count":6,"href":"https:\/\/irishhawkingclub.org\/ga\/wp-json\/wp\/v2\/pages\/88\/revisions"}],"predecessor-version":[{"id":473,"href":"https:\/\/irishhawkingclub.org\/ga\/wp-json\/wp\/v2\/pages\/88\/revisions\/473"}],"wp:attachment":[{"href":"https:\/\/irishhawkingclub.org\/ga\/wp-json\/wp\/v2\/media?parent=88"}],"curies":[{"name":"wp","href":"https:\/\/api.w.org\/{rel}","templated":true}]}}