{"id":82,"date":"2025-02-07T17:33:28","date_gmt":"2025-02-07T17:33:28","guid":{"rendered":"https:\/\/irishhawkingclub.org\/?page_id=82"},"modified":"2025-03-05T15:07:32","modified_gmt":"2025-03-05T15:07:32","slug":"beginners","status":"publish","type":"page","link":"https:\/\/irishhawkingclub.org\/ga\/beginners\/","title":{"rendered":"Thosaitheoir\u00ed"},"content":{"rendered":"<div class=\"wp-block-group alignfull has-background-background-color has-background has-global-padding is-layout-constrained wp-container-core-group-is-layout-864ebe9b wp-block-group-is-layout-constrained\" style=\"margin-top:0;margin-bottom:0;padding-top:0;padding-right:0;padding-bottom:0;padding-left:0\">\n<div class=\"wp-block-cover alignfull extendify-image-import\" style=\"padding-top:0;padding-right:var(--wp--preset--spacing--30);padding-bottom:0;padding-left:var(--wp--preset--spacing--30);min-height:50px;aspect-ratio:unset;\"><span aria-hidden=\"true\" class=\"wp-block-cover__background has-black-background-color has-background-dim-40 has-background-dim\"><\/span><img loading=\"lazy\" decoding=\"async\" width=\"2560\" height=\"1440\" class=\"wp-block-cover__image-background wp-image-324\" alt=\"\" src=\"https:\/\/irishhawkingclub.org\/wp-content\/uploads\/2025\/03\/20241116_120131_Brendan_Lally_Sneem_IHC_meet_2024-e-ryan.jpg\" data-object-fit=\"cover\" srcset=\"https:\/\/irishhawkingclub.org\/wp-content\/uploads\/2025\/03\/20241116_120131_Brendan_Lally_Sneem_IHC_meet_2024-e-ryan.jpg 2560w, https:\/\/irishhawkingclub.org\/wp-content\/uploads\/2025\/03\/20241116_120131_Brendan_Lally_Sneem_IHC_meet_2024-e-ryan-300x169.jpg 300w, https:\/\/irishhawkingclub.org\/wp-content\/uploads\/2025\/03\/20241116_120131_Brendan_Lally_Sneem_IHC_meet_2024-e-ryan-1024x576.jpg 1024w, https:\/\/irishhawkingclub.org\/wp-content\/uploads\/2025\/03\/20241116_120131_Brendan_Lally_Sneem_IHC_meet_2024-e-ryan-768x432.jpg 768w, https:\/\/irishhawkingclub.org\/wp-content\/uploads\/2025\/03\/20241116_120131_Brendan_Lally_Sneem_IHC_meet_2024-e-ryan-1536x864.jpg 1536w, https:\/\/irishhawkingclub.org\/wp-content\/uploads\/2025\/03\/20241116_120131_Brendan_Lally_Sneem_IHC_meet_2024-e-ryan-2048x1152.jpg 2048w\" sizes=\"auto, (max-width: 2560px) 100vw, 2560px\" \/><div class=\"wp-block-cover__inner-container is-layout-flow wp-block-cover-is-layout-flow\">\n<div class=\"wp-block-group has-global-padding is-layout-constrained wp-block-group-is-layout-constrained\" style=\"padding-top:var(--wp--preset--spacing--60);padding-bottom:var(--wp--preset--spacing--60)\">\n<div class=\"wp-block-columns alignwide are-vertically-aligned-center is-layout-flex wp-container-core-columns-is-layout-947c9d80 wp-block-columns-is-layout-flex\">\n<div class=\"wp-block-column is-vertically-aligned-center is-layout-flow wp-block-column-is-layout-flow\">\n<h1 class=\"wp-block-heading has-text-color has-x-large-font-size\" style=\"color:#fffffffc\">Ag Tos\u00fa<\/h1>\n<\/div>\n\n\n\n<div class=\"wp-block-column is-vertically-aligned-center is-layout-flow wp-block-column-is-layout-flow\">\n<p class=\"has-text-color\" style=\"color:#fffffffc\">D\u00e9an ini\u00fachadh ar thraidisi\u00fan na falconry le Club Hawking na h\u00c9ireann. B\u00ed linn chun an oidhreacht seo a chaomhn\u00fa. Tosa\u00edonn d'eachtra anseo.<\/p>\n<\/div>\n<\/div>\n<\/div>\n<\/div><\/div>\n<\/div>\n\n\n\n<div class=\"wp-block-group alignfull has-tertiary-background-color has-background has-global-padding is-layout-constrained wp-container-core-group-is-layout-7276a2bb wp-block-group-is-layout-constrained\" id=\"faq\" style=\"margin-top:0;margin-bottom:0;padding-top:var(--wp--preset--spacing--60);padding-right:var(--wp--preset--spacing--30);padding-bottom:var(--wp--preset--spacing--60);padding-left:var(--wp--preset--spacing--30)\">\n<div class=\"wp-block-group has-global-padding is-layout-constrained wp-block-group-is-layout-constrained\" style=\"border-bottom-color:var(--wp--preset--color--tertiary);border-bottom-width:1px;margin-top:0;padding-top:var(--wp--preset--spacing--30);padding-bottom:var(--wp--preset--spacing--30)\">\n<h6 class=\"wp-block-heading has-text-align-left has-medium-font-size\">Falconry in \u00c9irinn<\/h6>\n\n\n\n<p class=\"has-small-font-size\" style=\"margin-top:12px\">T\u00e1 Falconry dl\u00edthi\u00fail sa d\u00e1 dhl\u00ednse in \u00c9irinn, ach t\u00e1 sraith ioml\u00e1n \u00e9ags\u00fail dl\u00edthe agus srianta i bhfeidhm.<\/p>\n\n\n\n<p>Chun t\u00fas a chur leis, ba cheart duit teagmh\u00e1il a dh\u00e9anamh ar dt\u00fas leis an ngn\u00edomhaireacht rialtais at\u00e1 freagrach as falconry agus a r\u00e1 leo go bhfuil suim agat a bheith i do fhalconer (F\u00e9ach <a href=\"https:\/\/irishhawkingclub.org\/ga\/legislation\/\" title=\"Reachta\u00edocht\">Reachta\u00edocht <\/a>Roinn).&nbsp;&nbsp;<\/p>\n\n\n\n<p>N\u00ed m\u00f3r duit na rialach\u00e1in seo go l\u00e9ir a thuiscint go hioml\u00e1n sula dt\u00e9ann t\u00fa n\u00edos faide. Ba cheart duit iarracht a dh\u00e9anamh teagmh\u00e1il a dh\u00e9anamh le falconer at\u00e1 ina ch\u00f3na\u00ed i do cheantar agus at\u00e1 toilteanach cabhr\u00fa leat \u2013 d\u00e9anfaidh an IHC iarracht cabhr\u00fa leat. Is m\u00f3r ag falconers a bhfuil taith\u00ed acu fi\u00fa cabhair \u00f3 falconers eile \u2013 thar aon rud eile t\u00e1 an chabhair sin ag teast\u00e1il \u00f3 thosaitheoir\u00ed.<\/p>\n\n\n\n<figure class=\"wp-block-image size-full\"><img loading=\"lazy\" decoding=\"async\" width=\"960\" height=\"640\" src=\"https:\/\/irishhawkingclub.org\/wp-content\/uploads\/2025\/03\/ger_orig.jpg\" alt=\"\" class=\"wp-image-343\" srcset=\"https:\/\/irishhawkingclub.org\/wp-content\/uploads\/2025\/03\/ger_orig.jpg 960w, https:\/\/irishhawkingclub.org\/wp-content\/uploads\/2025\/03\/ger_orig-300x200.jpg 300w, https:\/\/irishhawkingclub.org\/wp-content\/uploads\/2025\/03\/ger_orig-768x512.jpg 768w\" sizes=\"auto, (max-width: 960px) 100vw, 960px\" \/><\/figure>\n\n\n\n<p>Ba ch\u00f3ir do thosaitheoir\u00ed l\u00e9amh go forleathan faoi falconry. Foghlaim \u00f3 dhaoine eile bot\u00fain, n\u00ed hamh\u00e1in do chuid f\u00e9in. T\u00e9igh isteach sa r\u00e9imse ar fhiacha le do falconer taith\u00ed acu. Bliain amh\u00e1in ar a laghad a thiomn\u00fa do bhreathn\u00f3ireacht agus do l\u00e9amh amh\u00e1in. M\u00e1 t\u00e1 t\u00fa f\u00f3s cinnte gur mhaith leat a bheith i do falconer, t\u00e9igh tr\u00edd an gc\u00e9im dheiridh agus d\u00e9an iarratas ar na cead\u00fanais \u00e1bhartha, d\u00e9an do chuid mews agus do limist\u00e9ar s\u00edonchaitheamh a th\u00f3g\u00e1il, agus trealamh a fh\u00e1il go c\u00faramach agus sula bhfaigheann t\u00fa seabhac.<\/p>\n\n\n\n<figure class=\"wp-block-image size-full\"><img loading=\"lazy\" decoding=\"async\" width=\"960\" height=\"640\" src=\"https:\/\/irishhawkingclub.org\/wp-content\/uploads\/2025\/03\/img-0134_orig.jpg\" alt=\"\" class=\"wp-image-356\" srcset=\"https:\/\/irishhawkingclub.org\/wp-content\/uploads\/2025\/03\/img-0134_orig.jpg 960w, https:\/\/irishhawkingclub.org\/wp-content\/uploads\/2025\/03\/img-0134_orig-300x200.jpg 300w, https:\/\/irishhawkingclub.org\/wp-content\/uploads\/2025\/03\/img-0134_orig-768x512.jpg 768w\" sizes=\"auto, (max-width: 960px) 100vw, 960px\" \/><\/figure>\n\n\n\n<p>Deirtear gur sp\u00f3rt \u00e9 falconry do dhaoine an-saibhir n\u00f3 do dhaoine d\u00edfhostaithe!\u00a0 Is \u00e9 an pr\u00edomhphointe anseo n\u00e1 go dteasta\u00edonn m\u00e9id suntasach ama uaidh.\u00a0Ionas gur f\u00e9idir le falconer ceartas a dh\u00e9anamh d\u00e1 \u00e9an, n\u00ed m\u00f3r d\u00f3ibh a bheith in ann m\u00e9id suntasach ama a thiomn\u00fa chun a n-\u00e9an a oili\u00faint, a eitilt agus a fhiach.\u00a0 Mura bhfuil am agat, is d\u00f3cha go nd\u00e9anfaidh t\u00fa d'\u00e9an creiche a mhilleadh.\u00a0 Is f\u00e9idir leat taitneamh a bhaint as falconry f\u00f3s mar lucht f\u00e9achana agus mar bhall de Chlub Hawking na h\u00c9ireann.<\/p>\n\n\n\n<figure class=\"wp-block-image size-full\"><img loading=\"lazy\" decoding=\"async\" width=\"533\" height=\"800\" src=\"https:\/\/irishhawkingclub.org\/wp-content\/uploads\/2025\/02\/static-display-game-fairs_old_36-harris-fist-chick.jpg\" alt=\"\" class=\"wp-image-189\" srcset=\"https:\/\/irishhawkingclub.org\/wp-content\/uploads\/2025\/02\/static-display-game-fairs_old_36-harris-fist-chick.jpg 533w, https:\/\/irishhawkingclub.org\/wp-content\/uploads\/2025\/02\/static-display-game-fairs_old_36-harris-fist-chick-200x300.jpg 200w\" sizes=\"auto, (max-width: 533px) 100vw, 533px\" \/><\/figure>\n\n\n\n<p>Ba ch\u00f3ir daoine a bhfuil s\u00e9 ar intinn acu falcon n\u00f3 seabhac a choinne\u00e1il mar pheata, a dh\u00edspreagadh \u00f3 fhalconry a ghlacadh.\u00a0T\u00e1 fiach t\u00e1bhachtach do shl\u00e1inte fhisici\u00fail agus mheabhrach an \u00e9in.\u00a0D'fhonn fiach a dh\u00e9anamh le h\u00e9an creiche, beidh ar dhuine a chinnti\u00fa go mbeidh rochtain leordh\u00f3thanach acu ar thalamh fiaigh oiri\u00fanach, le l\u00edon leordh\u00f3thanach speiceas cair\u00e9il (i.e. coin\u00edn\u00ed, croibh, srl.).\u00a0 T\u00e1 gach speiceas \u00e9an creiche tagtha chun cinn agus t\u00e1 s\u00e9 ti\u00fanta go m\u00edn, thar na m\u00edlte bliain, chun cine\u00e1lacha \u00e9ags\u00fala speiceas creiche a shaothr\u00fa tr\u00ed st\u00edleanna \u00e9ags\u00fala fiaigh agus eitilte.\u00a0 D\u00e1 bhr\u00ed sin, is bun\u00fas maith \u00e9 tuiscint ar ghn\u00e1th\u00f3g n\u00e1d\u00fartha agus ar iompra\u00edocht \u00e9an fi\u00e1in creiche.<\/p>\n<\/div>\n<\/div>\n\n\n\n<div class=\"wp-block-group alignfull has-background-background-color has-background has-global-padding is-layout-constrained wp-container-core-group-is-layout-7276a2bb wp-block-group-is-layout-constrained\" id=\"about\" style=\"margin-top:0;margin-bottom:0;padding-top:var(--wp--preset--spacing--60);padding-right:var(--wp--preset--spacing--30);padding-bottom:var(--wp--preset--spacing--60);padding-left:var(--wp--preset--spacing--30)\">\n<h5 class=\"wp-block-heading has-text-align-wide\">Sula n-\u00e9ireoidh t\u00fa le h\u00e9an a d'fh\u00e9adfadh t\u00fa a dh\u00e9anamh<\/h5>\n\n\n\n<ul class=\"wp-block-list\">\n<li>t\u00e1 roinnt leabhar ar fhabhc\u00fan l\u00e9ite acu;<\/li>\n\n\n\n<li>cur amach a bheith agat ar an reachta\u00edocht \u00e1bhartha i do dhl\u00ednse;<\/li>\n\n\n\n<li>gur bhreithnigh t\u00fa go c\u00faramach an talamh\/gn\u00e1th\u00f3g at\u00e1 ar f\u00e1il duit chun fiach a dh\u00e9anamh (le cead cu\u00ed \u00f3 \u00fain\u00e9ir\u00ed tal\u00fan, \u00f3 chlubanna gunna, etc. chomh maith le saor\u00e1id\u00ed iompair leordh\u00f3thanacha);<\/li>\n\n\n\n<li>Labhair t\u00fa le roinnt falconers (ionas go bhfuil t\u00fa ar an eolas go maith agus gur f\u00e9idir leat foghlaim \u00f3 bhot\u00fain eile), agus go hid\u00e9alach chonaic t\u00fa falconry sa r\u00e9imse (tr\u00edd an gclub forbr\u00f3idh t\u00fa teagmh\u00e1lacha agus is f\u00e9idir leat freastal ar chruinnithe allamuigh)<\/li>\n\n\n\n<li>B'fh\u00e9idir gur mhaith leat smaoineamh ar ch\u00farsa tosaigh a dh\u00e9anamh ar fhabhc\u00fan ag ionad bunaithe \u00e9an chreiche n\u00f3 fabhc\u00fan (is f\u00e9idir \u00e9 seo a mholadh go h\u00e1irithe do thosaitheoir\u00ed nach bhfuil ina gc\u00f3na\u00ed gar do fhabhc\u00fant\u00f3ir agus meant\u00f3ir seanbhunaithe).<\/li>\n<\/ul>\n\n\n\n<p>Ansin, is f\u00e9idir leat smaoineamh ar cad iad na speicis \u00e9an a fh\u00e1il.<\/p>\n\n\n\n<figure class=\"wp-block-table\"><table class=\"has-fixed-layout\"><tbody><tr><td><strong>Fabhc\u00fan Kestrel<\/strong><\/td><td><strong>Fabhc\u00fan faoi chuing<\/strong><\/td><td><strong>Seabhac Harris<\/strong><\/td><\/tr><tr><td><img loading=\"lazy\" decoding=\"async\" width=\"150\" height=\"157\" class=\"wp-image-154\" style=\"width: 150px;\" src=\"https:\/\/irishhawkingclub.org\/wp-content\/uploads\/2025\/02\/our-birds_16-kestrel-wood.jpg\" alt=\"\" srcset=\"https:\/\/irishhawkingclub.org\/wp-content\/uploads\/2025\/02\/our-birds_16-kestrel-wood.jpg 750w, https:\/\/irishhawkingclub.org\/wp-content\/uploads\/2025\/02\/our-birds_16-kestrel-wood-287x300.jpg 287w\" sizes=\"auto, (max-width: 150px) 100vw, 150px\" \/><\/td><td><img loading=\"lazy\" decoding=\"async\" width=\"150\" height=\"91\" class=\"wp-image-361\" style=\"width: 150px;\" src=\"https:\/\/irishhawkingclub.org\/wp-content\/uploads\/2025\/03\/ladyb_orig.jpg\" alt=\"\" srcset=\"https:\/\/irishhawkingclub.org\/wp-content\/uploads\/2025\/03\/ladyb_orig.jpg 1100w, https:\/\/irishhawkingclub.org\/wp-content\/uploads\/2025\/03\/ladyb_orig-300x183.jpg 300w, https:\/\/irishhawkingclub.org\/wp-content\/uploads\/2025\/03\/ladyb_orig-1024x624.jpg 1024w, https:\/\/irishhawkingclub.org\/wp-content\/uploads\/2025\/03\/ladyb_orig-768x468.jpg 768w\" sizes=\"auto, (max-width: 150px) 100vw, 150px\" \/><\/td><td><img loading=\"lazy\" decoding=\"async\" width=\"150\" height=\"200\" class=\"wp-image-174\" style=\"width: 150px;\" src=\"https:\/\/irishhawkingclub.org\/wp-content\/uploads\/2025\/02\/field_meets_10_harris_fist.jpg\" alt=\"Harris Hawk\" srcset=\"https:\/\/irishhawkingclub.org\/wp-content\/uploads\/2025\/02\/field_meets_10_harris_fist.jpg 600w, https:\/\/irishhawkingclub.org\/wp-content\/uploads\/2025\/02\/field_meets_10_harris_fist-225x300.jpg 225w\" sizes=\"auto, (max-width: 150px) 100vw, 150px\" \/><\/td><\/tr><\/tbody><\/table><\/figure>\n\n\n\n<p>Sula bhfaighidh t\u00fa \u00e9an, \u00e1fach, beidh ort a chinnti\u00fa \u2013<\/p>\n\n\n\n<ul class=\"wp-block-list\">\n<li>Trealamh leordh\u00f3thaineach a bheith ann \u2013 p\u00e9irs\u00ed, l\u00e1mhainn\u00ed, scl\u00f3inte, r\u00fait\u00edn\u00ed, jesses, cloig, etc. agus go hid\u00e9alach <a href=\"https:\/\/en.wikipedia.org\/wiki\/Wildlife_radio_telemetry\" title=\"\">teilim\u00e9adracht <\/a>(ba cheart tarchurad\u00f3ir agus glacad\u00f3ir a bheith ag gach fabhc\u00fan at\u00e1 ag eitilt \u00e9in chreiche neamhdh\u00fachasacha n\u00f3 hibrid\u00ed; ba cheart go mbeadh a fhios agat freisin conas trealamh fabhc\u00fana\u00edochta traidisi\u00fanta caighde\u00e1nach a dh\u00e9anamh agus d\u00e1 bhr\u00ed sin ba cheart go mbeadh leathar, uirlis\u00ed agus trealamh oiri\u00fanach agat mar phuinseanna, s\u00fail\u00edn\u00ed, srl.)<\/li>\n\n\n\n<li>Saor\u00e1id\u00ed leordh\u00f3thanacha a bheith agat chun <a href=\"https:\/\/en.wikipedia.org\/wiki\/Hawk\" title=\"\">seabhac <\/a>n\u00f3 <a href=\"https:\/\/en.wikipedia.org\/wiki\/Falcon\" title=\"\">fabhc\u00fan <\/a>(eitle\u00e1n\/<a href=\"https:\/\/en.wikipedia.org\/wiki\/Mews_(falconry)\" title=\"\">me\u00e1nna <\/a>de mh\u00e9id fhlaithi\u00fail le saor\u00e1id\u00ed oiri\u00fanacha s\u00edonchaitheamh aimsire; reoiteoir chun bia a st\u00f3r\u00e1il, fearas garchabhrach);<\/li>\n\n\n\n<li>Moltar \u00e1rachas freisin (ar f\u00e1il ag r\u00e1ta lascaine \u00f3n IHC)<\/li>\n<\/ul>\n\n\n\n<p class=\"has-text-align-wide\">T\u00e1 bileog agus treoir do thosaitheoir\u00ed curtha ar f\u00e1il ag an IHC maidir le tith\u00edocht \u00e9an creiche, ar f\u00e9idir iad a chur ar f\u00e1il ar iarratas \u00f3n gCisteoir agus d\u2019iarratas ar bhallra\u00edocht \u00e1 dh\u00e9anamh agat.<\/p>\n<\/div>","protected":false},"excerpt":{"rendered":"<p>Falconry in Ireland Falconry is legal in both jurisdictions in Ireland, but a&nbsp;completely different set of laws and restrictions apply. To make a start you should first contact the government agency with responsibility for falconry and tell them that you are interested in becoming a falconer (Refer to Legislation Section).&nbsp;&nbsp; You must understand all of [&hellip;]<\/p>","protected":false},"author":1,"featured_media":0,"parent":0,"menu_order":0,"comment_status":"closed","ping_status":"closed","template":"","meta":{"footnotes":""},"class_list":["post-82","page","type-page","status-publish","hentry"],"yoast_head":"<!-- This site is optimized with the Yoast SEO plugin v27.4 - https:\/\/yoast.com\/product\/yoast-seo-wordpress\/ -->\n<title>Beginners - Irish Hawking Club<\/title>\n<meta name=\"robots\" content=\"index, follow, max-snippet:-1, max-image-preview:large, max-video-preview:-1\" \/>\n<link rel=\"canonical\" href=\"https:\/\/irishhawkingclub.org\/ga\/beginners\/\" \/>\n<meta property=\"og:locale\" content=\"ga_IE\" \/>\n<meta property=\"og:type\" content=\"article\" \/>\n<meta property=\"og:title\" content=\"Beginners - Irish Hawking Club\" \/>\n<meta property=\"og:description\" content=\"Falconry in Ireland Falconry is legal in both jurisdictions in Ireland, but a&nbsp;completely different set of laws and restrictions apply. To make a start you should first contact the government agency with responsibility for falconry and tell them that you are interested in becoming a falconer (Refer to Legislation Section).&nbsp;&nbsp; You must understand all of [&hellip;]\" \/>\n<meta property=\"og:url\" content=\"https:\/\/irishhawkingclub.org\/ga\/beginners\/\" \/>\n<meta property=\"og:site_name\" content=\"Irish Hawking Club\" \/>\n<meta property=\"article:publisher\" content=\"https:\/\/www.facebook.com\/irishhawkingclub\/\" \/>\n<meta property=\"article:modified_time\" content=\"2025-03-05T15:07:32+00:00\" \/>\n<meta property=\"og:image\" content=\"https:\/\/irishhawkingclub.org\/wp-content\/uploads\/2025\/03\/20241116_120131_Brendan_Lally_Sneem_IHC_meet_2024-e-ryan.jpg\" \/>\n<meta name=\"twitter:card\" content=\"summary_large_image\" \/>\n<meta name=\"twitter:label1\" content=\"Est. reading time\" \/>\n\t<meta name=\"twitter:data1\" content=\"3 minutes\" \/>\n<script type=\"application\/ld+json\" class=\"yoast-schema-graph\">{\"@context\":\"https:\\\/\\\/schema.org\",\"@graph\":[{\"@type\":\"WebPage\",\"@id\":\"https:\\\/\\\/irishhawkingclub.org\\\/beginners\\\/\",\"url\":\"https:\\\/\\\/irishhawkingclub.org\\\/beginners\\\/\",\"name\":\"Beginners - Irish Hawking Club\",\"isPartOf\":{\"@id\":\"https:\\\/\\\/irishhawkingclub.org\\\/ga\\\/#website\"},\"primaryImageOfPage\":{\"@id\":\"https:\\\/\\\/irishhawkingclub.org\\\/beginners\\\/#primaryimage\"},\"image\":{\"@id\":\"https:\\\/\\\/irishhawkingclub.org\\\/beginners\\\/#primaryimage\"},\"thumbnailUrl\":\"https:\\\/\\\/irishhawkingclub.org\\\/wp-content\\\/uploads\\\/2025\\\/03\\\/20241116_120131_Brendan_Lally_Sneem_IHC_meet_2024-e-ryan.jpg\",\"datePublished\":\"2025-02-07T17:33:28+00:00\",\"dateModified\":\"2025-03-05T15:07:32+00:00\",\"breadcrumb\":{\"@id\":\"https:\\\/\\\/irishhawkingclub.org\\\/beginners\\\/#breadcrumb\"},\"inLanguage\":\"ga-IE\",\"potentialAction\":[{\"@type\":\"ReadAction\",\"target\":[\"https:\\\/\\\/irishhawkingclub.org\\\/beginners\\\/\"]}]},{\"@type\":\"ImageObject\",\"inLanguage\":\"ga-IE\",\"@id\":\"https:\\\/\\\/irishhawkingclub.org\\\/beginners\\\/#primaryimage\",\"url\":\"https:\\\/\\\/irishhawkingclub.org\\\/wp-content\\\/uploads\\\/2025\\\/03\\\/20241116_120131_Brendan_Lally_Sneem_IHC_meet_2024-e-ryan.jpg\",\"contentUrl\":\"https:\\\/\\\/irishhawkingclub.org\\\/wp-content\\\/uploads\\\/2025\\\/03\\\/20241116_120131_Brendan_Lally_Sneem_IHC_meet_2024-e-ryan.jpg\"},{\"@type\":\"BreadcrumbList\",\"@id\":\"https:\\\/\\\/irishhawkingclub.org\\\/beginners\\\/#breadcrumb\",\"itemListElement\":[{\"@type\":\"ListItem\",\"position\":1,\"name\":\"Home\",\"item\":\"https:\\\/\\\/irishhawkingclub.org\\\/\"},{\"@type\":\"ListItem\",\"position\":2,\"name\":\"Beginners\"}]},{\"@type\":\"WebSite\",\"@id\":\"https:\\\/\\\/irishhawkingclub.org\\\/ga\\\/#website\",\"url\":\"https:\\\/\\\/irishhawkingclub.org\\\/ga\\\/\",\"name\":\"Irish Hawking Club\",\"description\":\"Seabhaic seilge na h\u00c9ireann\",\"publisher\":{\"@id\":\"https:\\\/\\\/irishhawkingclub.org\\\/ga\\\/#organization\"},\"alternateName\":\"IHC\",\"potentialAction\":[{\"@type\":\"SearchAction\",\"target\":{\"@type\":\"EntryPoint\",\"urlTemplate\":\"https:\\\/\\\/irishhawkingclub.org\\\/ga\\\/?s={search_term_string}\"},\"query-input\":{\"@type\":\"PropertyValueSpecification\",\"valueRequired\":true,\"valueName\":\"search_term_string\"}}],\"inLanguage\":\"ga-IE\"},{\"@type\":\"Organization\",\"@id\":\"https:\\\/\\\/irishhawkingclub.org\\\/ga\\\/#organization\",\"name\":\"Irish Hawking Club\",\"alternateName\":\"IHC\",\"url\":\"https:\\\/\\\/irishhawkingclub.org\\\/ga\\\/\",\"logo\":{\"@type\":\"ImageObject\",\"inLanguage\":\"ga-IE\",\"@id\":\"https:\\\/\\\/irishhawkingclub.org\\\/ga\\\/#\\\/schema\\\/logo\\\/image\\\/\",\"url\":\"https:\\\/\\\/irishhawkingclub.org\\\/wp-content\\\/uploads\\\/2025\\\/02\\\/IHC-Logo.jpg\",\"contentUrl\":\"https:\\\/\\\/irishhawkingclub.org\\\/wp-content\\\/uploads\\\/2025\\\/02\\\/IHC-Logo.jpg\",\"width\":1160,\"height\":1420,\"caption\":\"Irish Hawking Club\"},\"image\":{\"@id\":\"https:\\\/\\\/irishhawkingclub.org\\\/ga\\\/#\\\/schema\\\/logo\\\/image\\\/\"},\"sameAs\":[\"https:\\\/\\\/www.facebook.com\\\/irishhawkingclub\\\/\"]}]}<\/script>\n<!-- \/ Yoast SEO plugin. -->","yoast_head_json":{"title":"Beginners - Irish Hawking Club","robots":{"index":"index","follow":"follow","max-snippet":"max-snippet:-1","max-image-preview":"max-image-preview:large","max-video-preview":"max-video-preview:-1"},"canonical":"https:\/\/irishhawkingclub.org\/ga\/beginners\/","og_locale":"ga_IE","og_type":"article","og_title":"Beginners - Irish Hawking Club","og_description":"Falconry in Ireland Falconry is legal in both jurisdictions in Ireland, but a&nbsp;completely different set of laws and restrictions apply. To make a start you should first contact the government agency with responsibility for falconry and tell them that you are interested in becoming a falconer (Refer to Legislation Section).&nbsp;&nbsp; You must understand all of [&hellip;]","og_url":"https:\/\/irishhawkingclub.org\/ga\/beginners\/","og_site_name":"Irish Hawking Club","article_publisher":"https:\/\/www.facebook.com\/irishhawkingclub\/","article_modified_time":"2025-03-05T15:07:32+00:00","og_image":[{"url":"https:\/\/irishhawkingclub.org\/wp-content\/uploads\/2025\/03\/20241116_120131_Brendan_Lally_Sneem_IHC_meet_2024-e-ryan.jpg","type":"","width":"","height":""}],"twitter_card":"summary_large_image","twitter_misc":{"Est. reading time":"3 minutes"},"schema":{"@context":"https:\/\/schema.org","@graph":[{"@type":"WebPage","@id":"https:\/\/irishhawkingclub.org\/beginners\/","url":"https:\/\/irishhawkingclub.org\/beginners\/","name":"Beginners - Irish Hawking Club","isPartOf":{"@id":"https:\/\/irishhawkingclub.org\/ga\/#website"},"primaryImageOfPage":{"@id":"https:\/\/irishhawkingclub.org\/beginners\/#primaryimage"},"image":{"@id":"https:\/\/irishhawkingclub.org\/beginners\/#primaryimage"},"thumbnailUrl":"https:\/\/irishhawkingclub.org\/wp-content\/uploads\/2025\/03\/20241116_120131_Brendan_Lally_Sneem_IHC_meet_2024-e-ryan.jpg","datePublished":"2025-02-07T17:33:28+00:00","dateModified":"2025-03-05T15:07:32+00:00","breadcrumb":{"@id":"https:\/\/irishhawkingclub.org\/beginners\/#breadcrumb"},"inLanguage":"ga-IE","potentialAction":[{"@type":"ReadAction","target":["https:\/\/irishhawkingclub.org\/beginners\/"]}]},{"@type":"ImageObject","inLanguage":"ga-IE","@id":"https:\/\/irishhawkingclub.org\/beginners\/#primaryimage","url":"https:\/\/irishhawkingclub.org\/wp-content\/uploads\/2025\/03\/20241116_120131_Brendan_Lally_Sneem_IHC_meet_2024-e-ryan.jpg","contentUrl":"https:\/\/irishhawkingclub.org\/wp-content\/uploads\/2025\/03\/20241116_120131_Brendan_Lally_Sneem_IHC_meet_2024-e-ryan.jpg"},{"@type":"BreadcrumbList","@id":"https:\/\/irishhawkingclub.org\/beginners\/#breadcrumb","itemListElement":[{"@type":"ListItem","position":1,"name":"Home","item":"https:\/\/irishhawkingclub.org\/"},{"@type":"ListItem","position":2,"name":"Beginners"}]},{"@type":"WebSite","@id":"https:\/\/irishhawkingclub.org\/ga\/#website","url":"https:\/\/irishhawkingclub.org\/ga\/","name":"Irish Hawking Club","description":"Seabhaic seilge na h\u00c9ireann","publisher":{"@id":"https:\/\/irishhawkingclub.org\/ga\/#organization"},"alternateName":"IHC","potentialAction":[{"@type":"SearchAction","target":{"@type":"EntryPoint","urlTemplate":"https:\/\/irishhawkingclub.org\/ga\/?s={search_term_string}"},"query-input":{"@type":"PropertyValueSpecification","valueRequired":true,"valueName":"search_term_string"}}],"inLanguage":"ga-IE"},{"@type":"Organization","@id":"https:\/\/irishhawkingclub.org\/ga\/#organization","name":"Irish Hawking Club","alternateName":"IHC","url":"https:\/\/irishhawkingclub.org\/ga\/","logo":{"@type":"ImageObject","inLanguage":"ga-IE","@id":"https:\/\/irishhawkingclub.org\/ga\/#\/schema\/logo\/image\/","url":"https:\/\/irishhawkingclub.org\/wp-content\/uploads\/2025\/02\/IHC-Logo.jpg","contentUrl":"https:\/\/irishhawkingclub.org\/wp-content\/uploads\/2025\/02\/IHC-Logo.jpg","width":1160,"height":1420,"caption":"Irish Hawking Club"},"image":{"@id":"https:\/\/irishhawkingclub.org\/ga\/#\/schema\/logo\/image\/"},"sameAs":["https:\/\/www.facebook.com\/irishhawkingclub\/"]}]}},"jetpack_sharing_enabled":true,"_links":{"self":[{"href":"https:\/\/irishhawkingclub.org\/ga\/wp-json\/wp\/v2\/pages\/82","targetHints":{"allow":["GET"]}}],"collection":[{"href":"https:\/\/irishhawkingclub.org\/ga\/wp-json\/wp\/v2\/pages"}],"about":[{"href":"https:\/\/irishhawkingclub.org\/ga\/wp-json\/wp\/v2\/types\/page"}],"author":[{"embeddable":true,"href":"https:\/\/irishhawkingclub.org\/ga\/wp-json\/wp\/v2\/users\/1"}],"replies":[{"embeddable":true,"href":"https:\/\/irishhawkingclub.org\/ga\/wp-json\/wp\/v2\/comments?post=82"}],"version-history":[{"count":9,"href":"https:\/\/irishhawkingclub.org\/ga\/wp-json\/wp\/v2\/pages\/82\/revisions"}],"predecessor-version":[{"id":468,"href":"https:\/\/irishhawkingclub.org\/ga\/wp-json\/wp\/v2\/pages\/82\/revisions\/468"}],"wp:attachment":[{"href":"https:\/\/irishhawkingclub.org\/ga\/wp-json\/wp\/v2\/media?parent=82"}],"curies":[{"name":"wp","href":"https:\/\/api.w.org\/{rel}","templated":true}]}}