{"id":582,"date":"2025-11-07T13:47:55","date_gmt":"2025-11-07T13:47:55","guid":{"rendered":"https:\/\/irishhawkingclub.org\/?page_id=582"},"modified":"2025-11-07T19:16:38","modified_gmt":"2025-11-07T19:16:38","slug":"pay","status":"publish","type":"page","link":"https:\/\/irishhawkingclub.org\/ga\/pay\/","title":{"rendered":"P\u00e1"},"content":{"rendered":"<figure class=\"wp-block-table\"><table><thead><tr><th>Cine\u00e1l ballra\u00edochta<\/th><th>Tuairisc<\/th><th class=\"has-text-align-center\" data-align=\"center\">Costas<\/th><th>Nasc<\/th><\/tr><\/thead><tbody><tr><td><strong>Comhlach<\/strong><\/td><td>Do chomhalta\u00ed nua<\/td><td class=\"has-text-align-center\" data-align=\"center\">\u20ac80<\/td><td><a href=\"https:\/\/www.paypal.com\/cgi-bin\/webscr?cmd=_s-xclick&amp;hosted_button_id=MJSTFQQBSCZXL\"><img loading=\"lazy\" decoding=\"async\" width=\"150\" height=\"41\" class=\"wp-image-584\" style=\"width: 150px;\" src=\"https:\/\/irishhawkingclub.org\/wp-content\/uploads\/2025\/11\/IHC_PayPal_btn_buynowCC_LG.png\" alt=\"\"><\/a><\/td><\/tr><tr><td><strong>Ioml\u00e1n<\/strong><\/td><td>Tar \u00e9is bliain amh\u00e1in ar a laghad mar Chomhlach<\/td><td class=\"has-text-align-center\" data-align=\"center\">\u20ac60<\/td><td><a href=\"https:\/\/www.paypal.com\/cgi-bin\/webscr?cmd=_s-xclick&amp;hosted_button_id=RXR3347QNM2UN\"><img loading=\"lazy\" decoding=\"async\" width=\"150\" height=\"41\" class=\"wp-image-584\" style=\"width: 150px;\" src=\"https:\/\/irishhawkingclub.org\/wp-content\/uploads\/2025\/11\/IHC_PayPal_btn_buynowCC_LG.png\" alt=\"\"><\/a><\/td><\/tr><tr><td><strong>Teaghlaigh<\/strong><\/td><td>Do theaghlaigh (duine f\u00e1sta + leana\u00ed faoi bhun 18 mbliana d'aois)<\/td><td class=\"has-text-align-center\" data-align=\"center\">\u20ac100<\/td><td><a href=\"https:\/\/www.paypal.com\/cgi-bin\/webscr?cmd=_s-xclick&amp;hosted_button_id=UKX77Y68DX6AA\"><img loading=\"lazy\" decoding=\"async\" width=\"150\" height=\"41\" class=\"wp-image-584\" style=\"width: 150px;\" src=\"https:\/\/irishhawkingclub.org\/wp-content\/uploads\/2025\/11\/IHC_PayPal_btn_buynowCC_LG.png\" alt=\"\"><\/a><\/td><\/tr><tr><td><strong>Taca\u00edocht \/ Thar Lear<\/strong><\/td><td>Do neamh-falconers n\u00f3 baill thar lear<\/td><td class=\"has-text-align-center\" data-align=\"center\">\u20ac40<\/td><td><a href=\"https:\/\/www.paypal.com\/cgi-bin\/webscr?cmd=_s-xclick&amp;hosted_button_id=9WTWHQWGLFCMW\"><img loading=\"lazy\" decoding=\"async\" width=\"150\" height=\"41\" class=\"wp-image-584\" style=\"width: 150px;\" src=\"https:\/\/irishhawkingclub.org\/wp-content\/uploads\/2025\/11\/IHC_PayPal_btn_buynowCC_LG.png\" alt=\"\"><\/a><\/td><\/tr><tr><td><strong>Lascaine<\/strong><\/td><td>Faoi bhun 18 mbliana d'aois agus mic l\u00e9inn faoi bhun 25 bliana d'aois<\/td><td class=\"has-text-align-center\" data-align=\"center\">\u20ac40<\/td><td><a href=\"https:\/\/www.paypal.com\/cgi-bin\/webscr?cmd=_s-xclick&amp;hosted_button_id=NKY6S8ESPSBBE\"><img loading=\"lazy\" decoding=\"async\" width=\"150\" height=\"41\" class=\"wp-image-584\" style=\"width: 150px;\" src=\"https:\/\/irishhawkingclub.org\/wp-content\/uploads\/2025\/11\/IHC_PayPal_btn_buynowCC_LG.png\" alt=\"\"><\/a><\/td><\/tr><\/tbody><\/table><\/figure>\n\n\n\n<hr class=\"wp-block-separator has-alpha-channel-opacity\"\/>\n\n\n\n<p>M\u00e1s mian leat \u00edoc tr\u00ed aistri\u00fa bainc n\u00f3 seic, d\u00e9an teagmh\u00e1il linn ag irishhawkingclub@gmail.com<\/p>\n\n\n\n<p class=\"has-small-font-size\">N\u00ed thugann f\u00e1il na foirme iarratais ballra\u00edochta comhl\u00e1naithe agus \/ n\u00f3 na dt\u00e1ill\u00ed ballra\u00edocht l\u00e1ithreach n\u00f3 uathoibr\u00edoch.<\/p>\n\n\n\n<div class=\"wp-block-columns is-layout-flex wp-container-core-columns-is-layout-28f84493 wp-block-columns-is-layout-flex\">\n<div class=\"wp-block-column is-layout-flow wp-block-column-is-layout-flow\" style=\"flex-basis:100%\">\n<div class=\"wp-block-buttons is-layout-flex wp-block-buttons-is-layout-flex\"><\/div>\n<\/div>\n<\/div>\n\n\n\n<p><\/p>","protected":false},"excerpt":{"rendered":"<p>Membership type Description Cost Link Associate For new members \u20ac80 Full After at least one year as an Associate \u20ac60 Family For families (adult + children under 18 years old) \u20ac100 Supporting \/ Overseas For non-falconers or overseas members \u20ac40 Discount Under- 18s and students under 25 \u20ac40 If you would like to pay by [&hellip;]<\/p>","protected":false},"author":1,"featured_media":0,"parent":0,"menu_order":0,"comment_status":"closed","ping_status":"closed","template":"page-with-title","meta":{"footnotes":""},"class_list":["post-582","page","type-page","status-publish","hentry"],"yoast_head":"<!-- This site is optimized with the Yoast SEO plugin v27.2 - https:\/\/yoast.com\/product\/yoast-seo-wordpress\/ -->\n<title>Pay - Irish Hawking Club<\/title>\n<meta name=\"robots\" content=\"index, follow, max-snippet:-1, max-image-preview:large, max-video-preview:-1\" \/>\n<link rel=\"canonical\" href=\"https:\/\/irishhawkingclub.org\/ga\/pay\/\" \/>\n<meta property=\"og:locale\" content=\"ga_IE\" \/>\n<meta property=\"og:type\" content=\"article\" \/>\n<meta property=\"og:title\" content=\"Pay - Irish Hawking Club\" \/>\n<meta property=\"og:description\" content=\"Membership type Description Cost Link Associate For new members \u20ac80 Full After at least one year as an Associate \u20ac60 Family For families (adult + children under 18 years old) \u20ac100 Supporting \/ Overseas For non-falconers or overseas members \u20ac40 Discount Under- 18s and students under 25 \u20ac40 If you would like to pay by [&hellip;]\" \/>\n<meta property=\"og:url\" content=\"https:\/\/irishhawkingclub.org\/ga\/pay\/\" \/>\n<meta property=\"og:site_name\" content=\"Irish Hawking Club\" \/>\n<meta property=\"article:publisher\" content=\"https:\/\/www.facebook.com\/irishhawkingclub\/\" \/>\n<meta property=\"article:modified_time\" content=\"2025-11-07T19:16:38+00:00\" \/>\n<meta property=\"og:image\" content=\"https:\/\/irishhawkingclub.org\/wp-content\/uploads\/2025\/11\/IHC_PayPal_btn_buynowCC_LG.png\" \/>\n<meta name=\"twitter:card\" content=\"summary_large_image\" \/>\n<script type=\"application\/ld+json\" class=\"yoast-schema-graph\">{\"@context\":\"https:\/\/schema.org\",\"@graph\":[{\"@type\":\"WebPage\",\"@id\":\"https:\/\/irishhawkingclub.org\/pay\/\",\"url\":\"https:\/\/irishhawkingclub.org\/pay\/\",\"name\":\"Pay - Irish Hawking Club\",\"isPartOf\":{\"@id\":\"https:\/\/irishhawkingclub.org\/ga\/#website\"},\"primaryImageOfPage\":{\"@id\":\"https:\/\/irishhawkingclub.org\/pay\/#primaryimage\"},\"image\":{\"@id\":\"https:\/\/irishhawkingclub.org\/pay\/#primaryimage\"},\"thumbnailUrl\":\"https:\/\/irishhawkingclub.org\/wp-content\/uploads\/2025\/11\/IHC_PayPal_btn_buynowCC_LG.png\",\"datePublished\":\"2025-11-07T13:47:55+00:00\",\"dateModified\":\"2025-11-07T19:16:38+00:00\",\"breadcrumb\":{\"@id\":\"https:\/\/irishhawkingclub.org\/pay\/#breadcrumb\"},\"inLanguage\":\"ga-IE\",\"potentialAction\":[{\"@type\":\"ReadAction\",\"target\":[\"https:\/\/irishhawkingclub.org\/pay\/\"]}]},{\"@type\":\"ImageObject\",\"inLanguage\":\"ga-IE\",\"@id\":\"https:\/\/irishhawkingclub.org\/pay\/#primaryimage\",\"url\":\"https:\/\/irishhawkingclub.org\/wp-content\/uploads\/2025\/11\/IHC_PayPal_btn_buynowCC_LG.png\",\"contentUrl\":\"https:\/\/irishhawkingclub.org\/wp-content\/uploads\/2025\/11\/IHC_PayPal_btn_buynowCC_LG.png\"},{\"@type\":\"BreadcrumbList\",\"@id\":\"https:\/\/irishhawkingclub.org\/pay\/#breadcrumb\",\"itemListElement\":[{\"@type\":\"ListItem\",\"position\":1,\"name\":\"Home\",\"item\":\"https:\/\/irishhawkingclub.org\/\"},{\"@type\":\"ListItem\",\"position\":2,\"name\":\"Pay\"}]},{\"@type\":\"WebSite\",\"@id\":\"https:\/\/irishhawkingclub.org\/ga\/#website\",\"url\":\"https:\/\/irishhawkingclub.org\/ga\/\",\"name\":\"Irish Hawking Club\",\"description\":\"Seabhaic seilge na h\u00c9ireann\",\"publisher\":{\"@id\":\"https:\/\/irishhawkingclub.org\/ga\/#organization\"},\"alternateName\":\"IHC\",\"potentialAction\":[{\"@type\":\"SearchAction\",\"target\":{\"@type\":\"EntryPoint\",\"urlTemplate\":\"https:\/\/irishhawkingclub.org\/ga\/?s={search_term_string}\"},\"query-input\":{\"@type\":\"PropertyValueSpecification\",\"valueRequired\":true,\"valueName\":\"search_term_string\"}}],\"inLanguage\":\"ga-IE\"},{\"@type\":\"Organization\",\"@id\":\"https:\/\/irishhawkingclub.org\/ga\/#organization\",\"name\":\"Irish Hawking Club\",\"alternateName\":\"IHC\",\"url\":\"https:\/\/irishhawkingclub.org\/ga\/\",\"logo\":{\"@type\":\"ImageObject\",\"inLanguage\":\"ga-IE\",\"@id\":\"https:\/\/irishhawkingclub.org\/ga\/#\/schema\/logo\/image\/\",\"url\":\"https:\/\/irishhawkingclub.org\/wp-content\/uploads\/2025\/02\/IHC-Logo.jpg\",\"contentUrl\":\"https:\/\/irishhawkingclub.org\/wp-content\/uploads\/2025\/02\/IHC-Logo.jpg\",\"width\":1160,\"height\":1420,\"caption\":\"Irish Hawking Club\"},\"image\":{\"@id\":\"https:\/\/irishhawkingclub.org\/ga\/#\/schema\/logo\/image\/\"},\"sameAs\":[\"https:\/\/www.facebook.com\/irishhawkingclub\/\"]}]}<\/script>\n<!-- \/ Yoast SEO plugin. -->","yoast_head_json":{"title":"Pay - Irish Hawking Club","robots":{"index":"index","follow":"follow","max-snippet":"max-snippet:-1","max-image-preview":"max-image-preview:large","max-video-preview":"max-video-preview:-1"},"canonical":"https:\/\/irishhawkingclub.org\/ga\/pay\/","og_locale":"ga_IE","og_type":"article","og_title":"Pay - Irish Hawking Club","og_description":"Membership type Description Cost Link Associate For new members \u20ac80 Full After at least one year as an Associate \u20ac60 Family For families (adult + children under 18 years old) \u20ac100 Supporting \/ Overseas For non-falconers or overseas members \u20ac40 Discount Under- 18s and students under 25 \u20ac40 If you would like to pay by [&hellip;]","og_url":"https:\/\/irishhawkingclub.org\/ga\/pay\/","og_site_name":"Irish Hawking Club","article_publisher":"https:\/\/www.facebook.com\/irishhawkingclub\/","article_modified_time":"2025-11-07T19:16:38+00:00","og_image":[{"url":"https:\/\/irishhawkingclub.org\/wp-content\/uploads\/2025\/11\/IHC_PayPal_btn_buynowCC_LG.png","type":"","width":"","height":""}],"twitter_card":"summary_large_image","schema":{"@context":"https:\/\/schema.org","@graph":[{"@type":"WebPage","@id":"https:\/\/irishhawkingclub.org\/pay\/","url":"https:\/\/irishhawkingclub.org\/pay\/","name":"Pay - Irish Hawking Club","isPartOf":{"@id":"https:\/\/irishhawkingclub.org\/ga\/#website"},"primaryImageOfPage":{"@id":"https:\/\/irishhawkingclub.org\/pay\/#primaryimage"},"image":{"@id":"https:\/\/irishhawkingclub.org\/pay\/#primaryimage"},"thumbnailUrl":"https:\/\/irishhawkingclub.org\/wp-content\/uploads\/2025\/11\/IHC_PayPal_btn_buynowCC_LG.png","datePublished":"2025-11-07T13:47:55+00:00","dateModified":"2025-11-07T19:16:38+00:00","breadcrumb":{"@id":"https:\/\/irishhawkingclub.org\/pay\/#breadcrumb"},"inLanguage":"ga-IE","potentialAction":[{"@type":"ReadAction","target":["https:\/\/irishhawkingclub.org\/pay\/"]}]},{"@type":"ImageObject","inLanguage":"ga-IE","@id":"https:\/\/irishhawkingclub.org\/pay\/#primaryimage","url":"https:\/\/irishhawkingclub.org\/wp-content\/uploads\/2025\/11\/IHC_PayPal_btn_buynowCC_LG.png","contentUrl":"https:\/\/irishhawkingclub.org\/wp-content\/uploads\/2025\/11\/IHC_PayPal_btn_buynowCC_LG.png"},{"@type":"BreadcrumbList","@id":"https:\/\/irishhawkingclub.org\/pay\/#breadcrumb","itemListElement":[{"@type":"ListItem","position":1,"name":"Home","item":"https:\/\/irishhawkingclub.org\/"},{"@type":"ListItem","position":2,"name":"Pay"}]},{"@type":"WebSite","@id":"https:\/\/irishhawkingclub.org\/ga\/#website","url":"https:\/\/irishhawkingclub.org\/ga\/","name":"Irish Hawking Club","description":"Seabhaic seilge na h\u00c9ireann","publisher":{"@id":"https:\/\/irishhawkingclub.org\/ga\/#organization"},"alternateName":"IHC","potentialAction":[{"@type":"SearchAction","target":{"@type":"EntryPoint","urlTemplate":"https:\/\/irishhawkingclub.org\/ga\/?s={search_term_string}"},"query-input":{"@type":"PropertyValueSpecification","valueRequired":true,"valueName":"search_term_string"}}],"inLanguage":"ga-IE"},{"@type":"Organization","@id":"https:\/\/irishhawkingclub.org\/ga\/#organization","name":"Irish Hawking Club","alternateName":"IHC","url":"https:\/\/irishhawkingclub.org\/ga\/","logo":{"@type":"ImageObject","inLanguage":"ga-IE","@id":"https:\/\/irishhawkingclub.org\/ga\/#\/schema\/logo\/image\/","url":"https:\/\/irishhawkingclub.org\/wp-content\/uploads\/2025\/02\/IHC-Logo.jpg","contentUrl":"https:\/\/irishhawkingclub.org\/wp-content\/uploads\/2025\/02\/IHC-Logo.jpg","width":1160,"height":1420,"caption":"Irish Hawking Club"},"image":{"@id":"https:\/\/irishhawkingclub.org\/ga\/#\/schema\/logo\/image\/"},"sameAs":["https:\/\/www.facebook.com\/irishhawkingclub\/"]}]}},"jetpack_sharing_enabled":true,"_links":{"self":[{"href":"https:\/\/irishhawkingclub.org\/ga\/wp-json\/wp\/v2\/pages\/582","targetHints":{"allow":["GET"]}}],"collection":[{"href":"https:\/\/irishhawkingclub.org\/ga\/wp-json\/wp\/v2\/pages"}],"about":[{"href":"https:\/\/irishhawkingclub.org\/ga\/wp-json\/wp\/v2\/types\/page"}],"author":[{"embeddable":true,"href":"https:\/\/irishhawkingclub.org\/ga\/wp-json\/wp\/v2\/users\/1"}],"replies":[{"embeddable":true,"href":"https:\/\/irishhawkingclub.org\/ga\/wp-json\/wp\/v2\/comments?post=582"}],"version-history":[{"count":8,"href":"https:\/\/irishhawkingclub.org\/ga\/wp-json\/wp\/v2\/pages\/582\/revisions"}],"predecessor-version":[{"id":596,"href":"https:\/\/irishhawkingclub.org\/ga\/wp-json\/wp\/v2\/pages\/582\/revisions\/596"}],"wp:attachment":[{"href":"https:\/\/irishhawkingclub.org\/ga\/wp-json\/wp\/v2\/media?parent=582"}],"curies":[{"name":"wp","href":"https:\/\/api.w.org\/{rel}","templated":true}]}}