{"id":17,"date":"2025-01-24T00:04:50","date_gmt":"2025-01-24T00:04:50","guid":{"rendered":"https:\/\/irishhawkingclub.org\/home\/"},"modified":"2025-11-17T15:34:06","modified_gmt":"2025-11-17T15:34:06","slug":"home","status":"publish","type":"page","link":"https:\/\/irishhawkingclub.org\/ga\/","title":{"rendered":"Baile"},"content":{"rendered":"<div class=\"wp-block-group alignfull has-background-background-color has-background has-global-padding is-layout-constrained wp-container-core-group-is-layout-70812fb1 wp-block-group-is-layout-constrained\" style=\"margin-top:0;margin-bottom:0;padding-top:var(--wp--preset--spacing--50);padding-right:var(--wp--preset--spacing--30);padding-bottom:var(--wp--preset--spacing--60);padding-left:var(--wp--preset--spacing--30)\">\n<div class=\"wp-block-group alignwide has-global-padding is-content-justification-left is-layout-constrained wp-container-core-group-is-layout-17af7ffb wp-block-group-is-layout-constrained\">\n<h1 class=\"wp-block-heading alignfull\" style=\"margin-top:12px\">Ceard agus Cleachtadh na Seabhac\u00f3ireachta in \u00c9irinn<\/h1>\n<\/div>\n\n\n\n<div class=\"wp-block-columns alignwide is-layout-flex wp-container-core-columns-is-layout-13e2ef3f wp-block-columns-is-layout-flex\">\n<div class=\"wp-block-column is-layout-flow wp-container-core-column-is-layout-8eebadab wp-block-column-is-layout-flow\">\n<figure class=\"wp-block-image size-full extendify-image-import\"><img loading=\"lazy\" decoding=\"async\" width=\"634\" height=\"404\" src=\"https:\/\/irishhawkingclub.org\/wp-content\/uploads\/2025\/02\/field_meets_2_three_Falconers_dogs.jpg\" alt=\"\" class=\"wp-image-182\" style=\"aspect-ratio:16\/9;object-fit:cover\" srcset=\"https:\/\/irishhawkingclub.org\/wp-content\/uploads\/2025\/02\/field_meets_2_three_Falconers_dogs.jpg 634w, https:\/\/irishhawkingclub.org\/wp-content\/uploads\/2025\/02\/field_meets_2_three_Falconers_dogs-300x191.jpg 300w\" sizes=\"auto, (max-width: 634px) 100vw, 634px\" \/><\/figure>\n\n\n\n<figure class=\"wp-block-image size-full extendify-image-import\"><img loading=\"lazy\" decoding=\"async\" width=\"600\" height=\"800\" src=\"https:\/\/irishhawkingclub.org\/wp-content\/uploads\/2025\/02\/our-birds_11_gos.jpg\" alt=\"\" class=\"wp-image-159\" style=\"aspect-ratio:1;object-fit:cover\" srcset=\"https:\/\/irishhawkingclub.org\/wp-content\/uploads\/2025\/02\/our-birds_11_gos.jpg 600w, https:\/\/irishhawkingclub.org\/wp-content\/uploads\/2025\/02\/our-birds_11_gos-225x300.jpg 225w\" sizes=\"auto, (max-width: 600px) 100vw, 600px\" \/><\/figure>\n<\/div>\n\n\n\n<div class=\"wp-block-column is-layout-flow wp-container-core-column-is-layout-8eebadab wp-block-column-is-layout-flow\">\n<figure class=\"wp-block-image size-full extendify-image-import\"><img loading=\"lazy\" decoding=\"async\" width=\"960\" height=\"640\" src=\"https:\/\/irishhawkingclub.org\/wp-content\/uploads\/2025\/03\/ger_orig.jpg\" alt=\"\" class=\"wp-image-343\" style=\"aspect-ratio:1;object-fit:cover\" srcset=\"https:\/\/irishhawkingclub.org\/wp-content\/uploads\/2025\/03\/ger_orig.jpg 960w, https:\/\/irishhawkingclub.org\/wp-content\/uploads\/2025\/03\/ger_orig-300x200.jpg 300w, https:\/\/irishhawkingclub.org\/wp-content\/uploads\/2025\/03\/ger_orig-768x512.jpg 768w\" sizes=\"auto, (max-width: 960px) 100vw, 960px\" \/><\/figure>\n\n\n\n<figure class=\"wp-block-image size-full extendify-image-import\"><img loading=\"lazy\" decoding=\"async\" width=\"1100\" height=\"731\" src=\"https:\/\/irishhawkingclub.org\/wp-content\/uploads\/2025\/02\/latest3_orig.jpg\" alt=\"\" class=\"wp-image-244\" style=\"aspect-ratio:16\/9;object-fit:cover\" srcset=\"https:\/\/irishhawkingclub.org\/wp-content\/uploads\/2025\/02\/latest3_orig.jpg 1100w, https:\/\/irishhawkingclub.org\/wp-content\/uploads\/2025\/02\/latest3_orig-300x199.jpg 300w, https:\/\/irishhawkingclub.org\/wp-content\/uploads\/2025\/02\/latest3_orig-1024x680.jpg 1024w, https:\/\/irishhawkingclub.org\/wp-content\/uploads\/2025\/02\/latest3_orig-768x510.jpg 768w\" sizes=\"auto, (max-width: 1100px) 100vw, 1100px\" \/><\/figure>\n<\/div>\n<\/div>\n\n\n\n<p class=\"translation-block\">Buna\u00edodh Club Seabhac\u00f3ireachta na h\u00c9ireann sa bhliain 1860 agus t\u00e1 s\u00e9 d\u00edrithe ar cheard agus chleachtas na seabhac\u00f3ireachta in \u00c9irinn a chosaint.<\/p>\n\n\n\n<p class=\"translation-block\">Is \u00ed an seabhac\u00f3ireacht na seilge cair\u00e9il ina staid n\u00e1d\u00fartha tr\u00ed mhe\u00e1n \u00e9in chreiche oilte. T\u00e1 s\u00ed inscr\u00edofa ar Fhardal St\u00e1it na h\u00c9ireann d\u2019Oidhreacht Chult\u00fartha Neamhl\u00e1imhsithe agus ar Fhardal Idirn\u00e1isi\u00fanta UNESCO d\u2019Oidhreacht Chult\u00fartha Neamhl\u00e1imhsithe an Chine Daonna. .<\/p>\n\n\n\n<p class=\"translation-block\">Tagann \u00e1r mbaill \u00f3 gach c\u00falra ar fud oile\u00e1n na h\u00c9ireann chomh maith le thar lear, agus t\u00e1 siad uile aontaithe i sprioc choiteann chun stair shaibhir seabhac\u00f3ireachta na  h\u00c9ireann a chaomhn\u00fa, a ard chleachtais eitici\u00fala agus a sainch\u00faram caomhnaithe a chur chun cinn, agus rannph\u00e1irt\u00edocht phobail a choth\u00fa do na gl\u00fanta at\u00e1 le teacht.<\/p>\n\n\n\n<p class=\"translation-block\">Is ball den Chumann Idirn\u00e1isi\u00fanta um Sheabhac\u00f3ireacht agus Chaomhn\u00fa \u00c9an Creiche (IAF) \u00e9 Club Seabhac\u00f3ireachta na h\u00c9ireann, ar comhlacht comhairleach \u00e9 do  UNESCO agus don IUCN, chomh maith le Bord Seabhac na R\u00edochta Aontaithe.<\/p>\n\n\n\n<hr class=\"wp-block-separator has-alpha-channel-opacity\"\/>\n<\/div>\n\n\n\n<figure class=\"wp-block-image aligncenter size-large\"><img loading=\"lazy\" decoding=\"async\" width=\"1024\" height=\"768\" src=\"https:\/\/irishhawkingclub.org\/wp-content\/uploads\/2025\/11\/DSCF4194-1024x768.jpg\" alt=\"\" class=\"wp-image-567\" srcset=\"https:\/\/irishhawkingclub.org\/wp-content\/uploads\/2025\/11\/DSCF4194-1024x768.jpg 1024w, https:\/\/irishhawkingclub.org\/wp-content\/uploads\/2025\/11\/DSCF4194-300x225.jpg 300w, https:\/\/irishhawkingclub.org\/wp-content\/uploads\/2025\/11\/DSCF4194-768x576.jpg 768w, https:\/\/irishhawkingclub.org\/wp-content\/uploads\/2025\/11\/DSCF4194-1536x1152.jpg 1536w, https:\/\/irishhawkingclub.org\/wp-content\/uploads\/2025\/11\/DSCF4194-2048x1536.jpg 2048w\" sizes=\"auto, (max-width: 1024px) 100vw, 1024px\" \/><\/figure>\n\n\n\n<div class=\"wp-block-group alignfull has-background-background-color has-background has-global-padding is-layout-constrained wp-container-core-group-is-layout-28549256 wp-block-group-is-layout-constrained\" id=\"blog\" style=\"margin-top:0;margin-bottom:0;padding-top:var(--wp--preset--spacing--60);padding-right:var(--wp--preset--spacing--30);padding-bottom:var(--wp--preset--spacing--60);padding-left:var(--wp--preset--spacing--30)\">\n<p>An <a href=\"https:\/\/irishhawkingclub.org\/ga\/\">Club Seabhac na h\u00c9ireann<\/a> tiomanta d'eala\u00edn agus do chleachtas fabhc\u00fain agus do scaipeadh eolais ar \u00e9in chreiche. <\/p>\n\n\n\n<p class=\"has-text-align-left\" style=\"margin-top:16px\">T\u00e1 ballra\u00edocht oscailte d\u00f3ibh si\u00fad a thaca\u00edonn n\u00f3 a chleachtann an eala\u00edn \u00e1rsa seo de r\u00e9ir na gcaighde\u00e1n agus na dtraidisi\u00fan is airde.\u00a0M\u00e1s mian leat a bheith i do bhall cleachtach n\u00f3 taca\u00edochta den IHC, t\u00e9igh go dt\u00ed an&nbsp;<a title=\"Ballra\u00edocht\" href=\"https:\/\/irishhawkingclub.org\/ga\/membership\/\"><strong>ballra\u00edocht<\/strong><\/a>&nbsp;Roinn.<br><br>M\u00e1 t\u00e1 t\u00fa nua chun falconry, t\u00e9igh go dt\u00ed \u00e1r tosaitheoir\u00ed agus t\u00e1 an chuid seo l\u00e9argas anseo duit ar cad ba cheart a mheas sula dtosa\u00edonn t\u00fa.&nbsp;<a title=\"Thosaitheoir\u00ed\" href=\"https:\/\/irishhawkingclub.org\/ga\/beginners\/\"><strong>tosaitheoir\u00ed<\/strong><\/a>&nbsp;Tabharfaidh an chuid seo l\u00e9argas duit ar cad ba cheart a mheas sula dtosa\u00edonn t\u00fa.<\/p>\n<\/div>","protected":false},"excerpt":{"rendered":"<p>The Art &amp; Practice of Falconry in Ireland Bunaithe i 1860, t\u00e1 Club Hawking na h\u00c9ireann tiomanta d'eala\u00edn agus cleachtas falconry in \u00c9irinn a chosaint. Is \u00e9 Falconry eala\u00edn an chair\u00e9il seilge ina staid n\u00e1d\u00fartha tr\u00ed raptor oilte. [1] T\u00e1 s\u00e9 inscr\u00edofa ar Fhardal St\u00e1it na h\u00c9ireann um Chult\u00far Dol\u00e1imhsithe [\u2026]<\/p>","protected":false},"author":1,"featured_media":0,"parent":0,"menu_order":0,"comment_status":"closed","ping_status":"closed","template":"no-title","meta":{"footnotes":""},"class_list":["post-17","page","type-page","status-publish","hentry"],"yoast_head":"<!-- This site is optimized with the Yoast SEO plugin v27.4 - https:\/\/yoast.com\/product\/yoast-seo-wordpress\/ -->\n<title>Home - Irish Hawking Club<\/title>\n<meta name=\"robots\" content=\"index, follow, max-snippet:-1, max-image-preview:large, max-video-preview:-1\" \/>\n<link rel=\"canonical\" href=\"https:\/\/irishhawkingclub.org\/ga\/\" \/>\n<meta property=\"og:locale\" content=\"ga_IE\" \/>\n<meta property=\"og:type\" content=\"article\" \/>\n<meta property=\"og:title\" content=\"Home - Irish Hawking Club\" \/>\n<meta property=\"og:description\" content=\"The Art &amp; Practice of Falconry in Ireland Founded in 1860, the Irish Hawking Club is dedicated to safeguarding the art and practice of falconry in Ireland. Falconry is the art of hunting quarry in its natural state by means of a trained raptor. It is inscribed both on Ireland&#8217;s State Inventory of Intangible Cultural [&hellip;]\" \/>\n<meta property=\"og:url\" content=\"https:\/\/irishhawkingclub.org\/ga\/\" \/>\n<meta property=\"og:site_name\" content=\"Irish Hawking Club\" \/>\n<meta property=\"article:publisher\" content=\"https:\/\/www.facebook.com\/irishhawkingclub\/\" \/>\n<meta property=\"article:modified_time\" content=\"2025-11-17T15:34:06+00:00\" \/>\n<meta property=\"og:image\" content=\"https:\/\/irishhawkingclub.org\/wp-content\/uploads\/2025\/02\/field_meets_2_three_Falconers_dogs.jpg\" \/>\n<meta name=\"twitter:card\" content=\"summary_large_image\" \/>\n<meta name=\"twitter:label1\" content=\"Est. reading time\" \/>\n\t<meta name=\"twitter:data1\" content=\"1 minute\" \/>\n<script type=\"application\/ld+json\" class=\"yoast-schema-graph\">{\"@context\":\"https:\\\/\\\/schema.org\",\"@graph\":[{\"@type\":\"WebPage\",\"@id\":\"https:\\\/\\\/irishhawkingclub.org\\\/\",\"url\":\"https:\\\/\\\/irishhawkingclub.org\\\/\",\"name\":\"Home - Irish Hawking Club\",\"isPartOf\":{\"@id\":\"https:\\\/\\\/irishhawkingclub.org\\\/ga\\\/#website\"},\"primaryImageOfPage\":{\"@id\":\"https:\\\/\\\/irishhawkingclub.org\\\/#primaryimage\"},\"image\":{\"@id\":\"https:\\\/\\\/irishhawkingclub.org\\\/#primaryimage\"},\"thumbnailUrl\":\"https:\\\/\\\/irishhawkingclub.org\\\/wp-content\\\/uploads\\\/2025\\\/02\\\/field_meets_2_three_Falconers_dogs.jpg\",\"datePublished\":\"2025-01-24T00:04:50+00:00\",\"dateModified\":\"2025-11-17T15:34:06+00:00\",\"breadcrumb\":{\"@id\":\"https:\\\/\\\/irishhawkingclub.org\\\/#breadcrumb\"},\"inLanguage\":\"ga-IE\",\"potentialAction\":[{\"@type\":\"ReadAction\",\"target\":[\"https:\\\/\\\/irishhawkingclub.org\\\/\"]}]},{\"@type\":\"ImageObject\",\"inLanguage\":\"ga-IE\",\"@id\":\"https:\\\/\\\/irishhawkingclub.org\\\/#primaryimage\",\"url\":\"https:\\\/\\\/irishhawkingclub.org\\\/wp-content\\\/uploads\\\/2025\\\/02\\\/field_meets_2_three_Falconers_dogs.jpg\",\"contentUrl\":\"https:\\\/\\\/irishhawkingclub.org\\\/wp-content\\\/uploads\\\/2025\\\/02\\\/field_meets_2_three_Falconers_dogs.jpg\"},{\"@type\":\"BreadcrumbList\",\"@id\":\"https:\\\/\\\/irishhawkingclub.org\\\/#breadcrumb\",\"itemListElement\":[{\"@type\":\"ListItem\",\"position\":1,\"name\":\"Home\",\"item\":\"https:\\\/\\\/irishhawkingclub.org\\\/\"},{\"@type\":\"ListItem\",\"position\":2,\"name\":\"Home\"}]},{\"@type\":\"WebSite\",\"@id\":\"https:\\\/\\\/irishhawkingclub.org\\\/ga\\\/#website\",\"url\":\"https:\\\/\\\/irishhawkingclub.org\\\/ga\\\/\",\"name\":\"Irish Hawking Club\",\"description\":\"Seabhaic seilge na h\u00c9ireann\",\"publisher\":{\"@id\":\"https:\\\/\\\/irishhawkingclub.org\\\/ga\\\/#organization\"},\"alternateName\":\"IHC\",\"potentialAction\":[{\"@type\":\"SearchAction\",\"target\":{\"@type\":\"EntryPoint\",\"urlTemplate\":\"https:\\\/\\\/irishhawkingclub.org\\\/ga\\\/?s={search_term_string}\"},\"query-input\":{\"@type\":\"PropertyValueSpecification\",\"valueRequired\":true,\"valueName\":\"search_term_string\"}}],\"inLanguage\":\"ga-IE\"},{\"@type\":\"Organization\",\"@id\":\"https:\\\/\\\/irishhawkingclub.org\\\/ga\\\/#organization\",\"name\":\"Irish Hawking Club\",\"alternateName\":\"IHC\",\"url\":\"https:\\\/\\\/irishhawkingclub.org\\\/ga\\\/\",\"logo\":{\"@type\":\"ImageObject\",\"inLanguage\":\"ga-IE\",\"@id\":\"https:\\\/\\\/irishhawkingclub.org\\\/ga\\\/#\\\/schema\\\/logo\\\/image\\\/\",\"url\":\"https:\\\/\\\/irishhawkingclub.org\\\/wp-content\\\/uploads\\\/2025\\\/02\\\/IHC-Logo.jpg\",\"contentUrl\":\"https:\\\/\\\/irishhawkingclub.org\\\/wp-content\\\/uploads\\\/2025\\\/02\\\/IHC-Logo.jpg\",\"width\":1160,\"height\":1420,\"caption\":\"Irish Hawking Club\"},\"image\":{\"@id\":\"https:\\\/\\\/irishhawkingclub.org\\\/ga\\\/#\\\/schema\\\/logo\\\/image\\\/\"},\"sameAs\":[\"https:\\\/\\\/www.facebook.com\\\/irishhawkingclub\\\/\"]}]}<\/script>\n<!-- \/ Yoast SEO plugin. -->","yoast_head_json":{"title":"Home - Irish Hawking Club","robots":{"index":"index","follow":"follow","max-snippet":"max-snippet:-1","max-image-preview":"max-image-preview:large","max-video-preview":"max-video-preview:-1"},"canonical":"https:\/\/irishhawkingclub.org\/ga\/","og_locale":"ga_IE","og_type":"article","og_title":"Home - Irish Hawking Club","og_description":"The Art &amp; Practice of Falconry in Ireland Founded in 1860, the Irish Hawking Club is dedicated to safeguarding the art and practice of falconry in Ireland. Falconry is the art of hunting quarry in its natural state by means of a trained raptor. It is inscribed both on Ireland&#8217;s State Inventory of Intangible Cultural [&hellip;]","og_url":"https:\/\/irishhawkingclub.org\/ga\/","og_site_name":"Irish Hawking Club","article_publisher":"https:\/\/www.facebook.com\/irishhawkingclub\/","article_modified_time":"2025-11-17T15:34:06+00:00","og_image":[{"url":"https:\/\/irishhawkingclub.org\/wp-content\/uploads\/2025\/02\/field_meets_2_three_Falconers_dogs.jpg","type":"","width":"","height":""}],"twitter_card":"summary_large_image","twitter_misc":{"Est. reading time":"1 minute"},"schema":{"@context":"https:\/\/schema.org","@graph":[{"@type":"WebPage","@id":"https:\/\/irishhawkingclub.org\/","url":"https:\/\/irishhawkingclub.org\/","name":"Home - Irish Hawking Club","isPartOf":{"@id":"https:\/\/irishhawkingclub.org\/ga\/#website"},"primaryImageOfPage":{"@id":"https:\/\/irishhawkingclub.org\/#primaryimage"},"image":{"@id":"https:\/\/irishhawkingclub.org\/#primaryimage"},"thumbnailUrl":"https:\/\/irishhawkingclub.org\/wp-content\/uploads\/2025\/02\/field_meets_2_three_Falconers_dogs.jpg","datePublished":"2025-01-24T00:04:50+00:00","dateModified":"2025-11-17T15:34:06+00:00","breadcrumb":{"@id":"https:\/\/irishhawkingclub.org\/#breadcrumb"},"inLanguage":"ga-IE","potentialAction":[{"@type":"ReadAction","target":["https:\/\/irishhawkingclub.org\/"]}]},{"@type":"ImageObject","inLanguage":"ga-IE","@id":"https:\/\/irishhawkingclub.org\/#primaryimage","url":"https:\/\/irishhawkingclub.org\/wp-content\/uploads\/2025\/02\/field_meets_2_three_Falconers_dogs.jpg","contentUrl":"https:\/\/irishhawkingclub.org\/wp-content\/uploads\/2025\/02\/field_meets_2_three_Falconers_dogs.jpg"},{"@type":"BreadcrumbList","@id":"https:\/\/irishhawkingclub.org\/#breadcrumb","itemListElement":[{"@type":"ListItem","position":1,"name":"Home","item":"https:\/\/irishhawkingclub.org\/"},{"@type":"ListItem","position":2,"name":"Home"}]},{"@type":"WebSite","@id":"https:\/\/irishhawkingclub.org\/ga\/#website","url":"https:\/\/irishhawkingclub.org\/ga\/","name":"Irish Hawking Club","description":"Seabhaic seilge na h\u00c9ireann","publisher":{"@id":"https:\/\/irishhawkingclub.org\/ga\/#organization"},"alternateName":"IHC","potentialAction":[{"@type":"SearchAction","target":{"@type":"EntryPoint","urlTemplate":"https:\/\/irishhawkingclub.org\/ga\/?s={search_term_string}"},"query-input":{"@type":"PropertyValueSpecification","valueRequired":true,"valueName":"search_term_string"}}],"inLanguage":"ga-IE"},{"@type":"Organization","@id":"https:\/\/irishhawkingclub.org\/ga\/#organization","name":"Irish Hawking Club","alternateName":"IHC","url":"https:\/\/irishhawkingclub.org\/ga\/","logo":{"@type":"ImageObject","inLanguage":"ga-IE","@id":"https:\/\/irishhawkingclub.org\/ga\/#\/schema\/logo\/image\/","url":"https:\/\/irishhawkingclub.org\/wp-content\/uploads\/2025\/02\/IHC-Logo.jpg","contentUrl":"https:\/\/irishhawkingclub.org\/wp-content\/uploads\/2025\/02\/IHC-Logo.jpg","width":1160,"height":1420,"caption":"Irish Hawking Club"},"image":{"@id":"https:\/\/irishhawkingclub.org\/ga\/#\/schema\/logo\/image\/"},"sameAs":["https:\/\/www.facebook.com\/irishhawkingclub\/"]}]}},"jetpack_sharing_enabled":true,"_links":{"self":[{"href":"https:\/\/irishhawkingclub.org\/ga\/wp-json\/wp\/v2\/pages\/17","targetHints":{"allow":["GET"]}}],"collection":[{"href":"https:\/\/irishhawkingclub.org\/ga\/wp-json\/wp\/v2\/pages"}],"about":[{"href":"https:\/\/irishhawkingclub.org\/ga\/wp-json\/wp\/v2\/types\/page"}],"author":[{"embeddable":true,"href":"https:\/\/irishhawkingclub.org\/ga\/wp-json\/wp\/v2\/users\/1"}],"replies":[{"embeddable":true,"href":"https:\/\/irishhawkingclub.org\/ga\/wp-json\/wp\/v2\/comments?post=17"}],"version-history":[{"count":26,"href":"https:\/\/irishhawkingclub.org\/ga\/wp-json\/wp\/v2\/pages\/17\/revisions"}],"predecessor-version":[{"id":608,"href":"https:\/\/irishhawkingclub.org\/ga\/wp-json\/wp\/v2\/pages\/17\/revisions\/608"}],"wp:attachment":[{"href":"https:\/\/irishhawkingclub.org\/ga\/wp-json\/wp\/v2\/media?parent=17"}],"curies":[{"name":"wp","href":"https:\/\/api.w.org\/{rel}","templated":true}]}}