{"id":15,"date":"2025-01-24T00:04:49","date_gmt":"2025-01-24T00:04:49","guid":{"rendered":"https:\/\/irishhawkingclub.org\/faq\/"},"modified":"2025-11-05T22:09:07","modified_gmt":"2025-11-05T22:09:07","slug":"faq","status":"publish","type":"page","link":"https:\/\/irishhawkingclub.org\/ga\/faq\/","title":{"rendered":"Ceisteanna Coitianta"},"content":{"rendered":"<div class=\"wp-block-group alignfull has-background-background-color has-background has-global-padding is-layout-constrained wp-container-core-group-is-layout-864ebe9b wp-block-group-is-layout-constrained\" style=\"margin-top:0;margin-bottom:0;padding-top:0;padding-right:0;padding-bottom:0;padding-left:0\">\n<div class=\"wp-block-cover alignfull extendify-image-import\" style=\"padding-top:0;padding-right:var(--wp--preset--spacing--30);padding-bottom:0;padding-left:var(--wp--preset--spacing--30);min-height:50px;aspect-ratio:unset;\"><img loading=\"lazy\" decoding=\"async\" width=\"7360\" height=\"2192\" class=\"wp-block-cover__image-background wp-image-315\" alt=\"\" src=\"https:\/\/irishhawkingclub.org\/wp-content\/uploads\/2025\/03\/20210905_145618_Brendan_Lally_Sneem_IHC_meet_2021.jpg\" data-object-fit=\"cover\"\/><span aria-hidden=\"true\" class=\"wp-block-cover__background has-black-background-color has-background-dim-30 has-background-dim\"><\/span><div class=\"wp-block-cover__inner-container is-layout-flow wp-block-cover-is-layout-flow\">\n<div class=\"wp-block-group has-global-padding is-layout-constrained wp-block-group-is-layout-constrained\" style=\"padding-top:var(--wp--preset--spacing--60);padding-bottom:var(--wp--preset--spacing--60)\">\n<div class=\"wp-block-columns alignwide are-vertically-aligned-center is-layout-flex wp-container-core-columns-is-layout-947c9d80 wp-block-columns-is-layout-flex\">\n<div class=\"wp-block-column is-vertically-aligned-center is-layout-flow wp-block-column-is-layout-flow\">\n<h1 class=\"wp-block-heading has-text-color has-x-large-font-size\" style=\"color:#fffffffc\">Ceisteanna Coitianta<\/h1>\n<\/div>\n\n\n\n<div class=\"wp-block-column is-vertically-aligned-center is-layout-flow wp-block-column-is-layout-flow\">\n<p class=\"has-text-color\" style=\"color:#fffffffc\"><\/p>\n<\/div>\n<\/div>\n<\/div>\n<\/div><\/div>\n<\/div>\n\n\n\n<div class=\"wp-block-group alignfull has-tertiary-background-color has-background has-global-padding is-layout-constrained wp-container-core-group-is-layout-7276a2bb wp-block-group-is-layout-constrained\" id=\"faq\" style=\"margin-top:0;margin-bottom:0;padding-top:var(--wp--preset--spacing--60);padding-right:var(--wp--preset--spacing--30);padding-bottom:var(--wp--preset--spacing--60);padding-left:var(--wp--preset--spacing--30)\">\n<div class=\"wp-block-group has-global-padding is-content-justification-center is-layout-constrained wp-block-group-is-layout-constrained\" style=\"margin-bottom:var(--wp--preset--spacing--30)\">\n<h2 class=\"wp-block-heading has-text-align-left has-large-font-size\">Ceisteanna Coitianta<\/h2>\n\n\n\n<p class=\"has-text-align-left\" style=\"margin-top:16px\"><\/p>\n<\/div>\n\n\n\n<div class=\"wp-block-group has-global-padding is-layout-constrained wp-block-group-is-layout-constrained\" style=\"border-bottom-color:var(--wp--preset--color--tertiary);border-bottom-width:1px;margin-top:0;padding-top:var(--wp--preset--spacing--30);padding-bottom:var(--wp--preset--spacing--30)\">\n<h2 class=\"wp-block-heading has-medium-font-size\">Cad \u00e9 an Irish Hawking Club?<\/h2>\n\n\n\n<p class=\"has-small-font-size\" style=\"margin-top:12px\">Is \u00e9 an IHC an comhlacht ionada\u00edoch do fhiach le seabhac in \u00c9irinn. Meastar gur ceann de na clubanna fiaigh is sine ar domhan \u00e9, a bhfuil a bhun\u00fas ag dul siar go dt\u00ed l\u00e1r an 19\u00fa haois. T\u00e9ann stair an fhiach le seabhac in \u00c9irinn i bhfad n\u00edos faide siar, \u00e1fach. Chun tuilleadh eolais a fh\u00e1il faoin oidhreacht \u00e1rsa seo, t\u00e9igh anseo. <a title=\"anseo\" href=\"https:\/\/irishhawkingclub.org\/ga\/history-of-falconry\/\">anseo<\/a>.<\/p>\n\n\n\n<h2 class=\"wp-block-heading has-medium-font-size\">Caomhn\u00fa &amp; Athshl\u00e1n\u00fa<\/h2>\n\n\n\n<p class=\"has-small-font-size\" style=\"margin-top:12px\">N\u00ed f\u00e9idir fiach le seabhac a dh\u00e9anamh gan sl\u00e1inte na gcreachad\u00f3ir\u00ed, na speiceas cluiche, agus na gn\u00e1th\u00f3ga. Ar an gc\u00fais sin, t\u00e1 suim mh\u00f3r ag gach fiachad\u00f3ir, anseo agus ar fud an domhain, i gcaomhn\u00fa agus in \u00fas\u00e1id inbhuanaithe. T\u00e1 taifead comhsheasmhach ag an Irish Hawking Club n\u00ed hamh\u00e1in maidir le taca\u00edocht do thionscadail chaomhnaithe do speicis \u00e9ags\u00fala, ach freisin maidir le hathshl\u00e1n\u00fa agus scaoileadh creachad\u00f3ir\u00ed fi\u00e1ine gortaithe. I Samhradh 2024, d\u2019\u00f3st\u00e1il muid c\u00farsa ar Leas &amp; Bainist\u00edocht Creachad\u00f3ir\u00ed agus Leigheas \u00c9anlaithe chun cabhr\u00fa le tr\u00e9idlianna \u00c9ireannacha agus gr\u00fapa\u00ed athshl\u00e1naithe fiadh\u00falra tuiscint n\u00edos fearr a fh\u00e1il ar leigheas creachad\u00f3ir\u00ed. Chun tuilleadh eolais a fh\u00e1il ar \u00e1r gcuid oibre, f\u00e9ach anseo <a title=\"anseo\" href=\"https:\/\/irishhawkingclub.org\/ga\/conservation-rehabilitation\/\">anseo<\/a>.<\/p>\n\n\n\n<h2 class=\"wp-block-heading has-medium-font-size\">Bheith i do Sheabhac\u00f3ir<\/h2>\n\n\n\n<p class=\"has-small-font-size\" style=\"margin-top:12px\">C\u00e9 go mb\u00edonn s\u00e9 thar a bheith saibhrithe do na daoine a chleachtann \u00e9, n\u00ed rud \u00e9 fiach le seabhac gur f\u00e9idir glacadh leis go h\u00e9asca agus tagann s\u00e9 le go leor d\u00fashl\u00e1n. Chun blaiseadh den mh\u00e9id at\u00e1 i gceist, l\u00e9igh \u00e9 seo. <a href=\"https:\/\/irishhawkingclub.org\/ga\/becoming-a-falconer\/\">seo<\/a>.<\/p>\n\n\n\n<h2 class=\"wp-block-heading has-medium-font-size\">Conas is f\u00e9idir liom ballra\u00edocht a fh\u00e1il san IHC?<\/h2>\n\n\n\n<p class=\"has-small-font-size\" style=\"margin-top:12px\">Is f\u00e9idir leat cl\u00e1r\u00fa tr\u00ed iarratas a chur isteach tr\u00edd an bhfoirm ar \u00e1r su\u00edomh gr\u00e9as\u00e1in anseo <a href=\"https:\/\/irishhawkingclub.org\/ga\/contact\/\">anseo<\/a>.<\/p>\n\n\n\n<h2 class=\"wp-block-heading has-medium-font-size\">An re\u00e1cht\u00e1lann an IHC imeachta\u00ed? <\/h2>\n\n\n\n<p class=\"has-small-font-size\" style=\"margin-top:12px\">Sea. Re\u00e1cht\u00e1iltear cruinnithe allamuigh agus imeachta\u00ed club i rith na bliana agus t\u00e1 siad oscailte do bhaill. Rithtear ceardlanna \u00e9ags\u00fala agus imeachta\u00ed s\u00e9as\u00faracha fiaigh, lena n-\u00e1ir\u00edtear comhdh\u00e1lacha tr\u00e9idliachta, tiomsaitheoir\u00ed airgid caomhnaithe, seast\u00e1in ag aonaigh cluiche, agus taispe\u00e1ntas thar a bheith rath\u00fail ar stair an fhiach le seabhac i bP\u00e1irc an Fhionnuisce mar chuid de Sheachtain Oidhreachta N\u00e1isi\u00fanta.<\/p>\n\n\n\n<p class=\"has-small-font-size\" style=\"margin-top:12px\"><\/p>\n<\/div>\n<\/div>\n\n\n\n<p><\/p>","protected":false},"excerpt":{"rendered":"<p>Frequently Asked Questions What is the Irish Hawking Club? The IHC is the representative body for falconry in Ireland. It is thought to be one of the oldest falconry clubs in the world, with its origins stretching as far back as the mid-19th century. The history of falconry on the island of Ireland goes back [&hellip;]<\/p>","protected":false},"author":1,"featured_media":0,"parent":0,"menu_order":0,"comment_status":"closed","ping_status":"closed","template":"no-title","meta":{"footnotes":""},"class_list":["post-15","page","type-page","status-publish","hentry"],"yoast_head":"<!-- This site is optimized with the Yoast SEO plugin v27.2 - https:\/\/yoast.com\/product\/yoast-seo-wordpress\/ -->\n<title>FAQ - Irish Hawking Club<\/title>\n<meta name=\"robots\" content=\"index, follow, max-snippet:-1, max-image-preview:large, max-video-preview:-1\" \/>\n<link rel=\"canonical\" href=\"https:\/\/irishhawkingclub.org\/ga\/faq\/\" \/>\n<meta property=\"og:locale\" content=\"ga_IE\" \/>\n<meta property=\"og:type\" content=\"article\" \/>\n<meta property=\"og:title\" content=\"FAQ - Irish Hawking Club\" \/>\n<meta property=\"og:description\" content=\"Frequently Asked Questions What is the Irish Hawking Club? The IHC is the representative body for falconry in Ireland. It is thought to be one of the oldest falconry clubs in the world, with its origins stretching as far back as the mid-19th century. The history of falconry on the island of Ireland goes back [&hellip;]\" \/>\n<meta property=\"og:url\" content=\"https:\/\/irishhawkingclub.org\/ga\/faq\/\" \/>\n<meta property=\"og:site_name\" content=\"Irish Hawking Club\" \/>\n<meta property=\"article:publisher\" content=\"https:\/\/www.facebook.com\/irishhawkingclub\/\" \/>\n<meta property=\"article:modified_time\" content=\"2025-11-05T22:09:07+00:00\" \/>\n<meta property=\"og:image\" content=\"https:\/\/irishhawkingclub.org\/wp-content\/uploads\/2025\/03\/20210905_145618_Brendan_Lally_Sneem_IHC_meet_2021.jpg\" \/>\n<meta name=\"twitter:card\" content=\"summary_large_image\" \/>\n<meta name=\"twitter:label1\" content=\"Est. reading time\" \/>\n\t<meta name=\"twitter:data1\" content=\"1 minute\" \/>\n<script type=\"application\/ld+json\" class=\"yoast-schema-graph\">{\"@context\":\"https:\/\/schema.org\",\"@graph\":[{\"@type\":\"WebPage\",\"@id\":\"https:\/\/irishhawkingclub.org\/faq\/\",\"url\":\"https:\/\/irishhawkingclub.org\/faq\/\",\"name\":\"FAQ - Irish Hawking Club\",\"isPartOf\":{\"@id\":\"https:\/\/irishhawkingclub.org\/ga\/#website\"},\"primaryImageOfPage\":{\"@id\":\"https:\/\/irishhawkingclub.org\/faq\/#primaryimage\"},\"image\":{\"@id\":\"https:\/\/irishhawkingclub.org\/faq\/#primaryimage\"},\"thumbnailUrl\":\"https:\/\/irishhawkingclub.org\/wp-content\/uploads\/2025\/03\/20210905_145618_Brendan_Lally_Sneem_IHC_meet_2021.jpg\",\"datePublished\":\"2025-01-24T00:04:49+00:00\",\"dateModified\":\"2025-11-05T22:09:07+00:00\",\"breadcrumb\":{\"@id\":\"https:\/\/irishhawkingclub.org\/faq\/#breadcrumb\"},\"inLanguage\":\"ga-IE\",\"potentialAction\":[{\"@type\":\"ReadAction\",\"target\":[\"https:\/\/irishhawkingclub.org\/faq\/\"]}]},{\"@type\":\"ImageObject\",\"inLanguage\":\"ga-IE\",\"@id\":\"https:\/\/irishhawkingclub.org\/faq\/#primaryimage\",\"url\":\"https:\/\/irishhawkingclub.org\/wp-content\/uploads\/2025\/03\/20210905_145618_Brendan_Lally_Sneem_IHC_meet_2021.jpg\",\"contentUrl\":\"https:\/\/irishhawkingclub.org\/wp-content\/uploads\/2025\/03\/20210905_145618_Brendan_Lally_Sneem_IHC_meet_2021.jpg\"},{\"@type\":\"BreadcrumbList\",\"@id\":\"https:\/\/irishhawkingclub.org\/faq\/#breadcrumb\",\"itemListElement\":[{\"@type\":\"ListItem\",\"position\":1,\"name\":\"Home\",\"item\":\"https:\/\/irishhawkingclub.org\/\"},{\"@type\":\"ListItem\",\"position\":2,\"name\":\"FAQ\"}]},{\"@type\":\"WebSite\",\"@id\":\"https:\/\/irishhawkingclub.org\/ga\/#website\",\"url\":\"https:\/\/irishhawkingclub.org\/ga\/\",\"name\":\"Irish Hawking Club\",\"description\":\"Seabhaic seilge na h\u00c9ireann\",\"publisher\":{\"@id\":\"https:\/\/irishhawkingclub.org\/ga\/#organization\"},\"alternateName\":\"IHC\",\"potentialAction\":[{\"@type\":\"SearchAction\",\"target\":{\"@type\":\"EntryPoint\",\"urlTemplate\":\"https:\/\/irishhawkingclub.org\/ga\/?s={search_term_string}\"},\"query-input\":{\"@type\":\"PropertyValueSpecification\",\"valueRequired\":true,\"valueName\":\"search_term_string\"}}],\"inLanguage\":\"ga-IE\"},{\"@type\":\"Organization\",\"@id\":\"https:\/\/irishhawkingclub.org\/ga\/#organization\",\"name\":\"Irish Hawking Club\",\"alternateName\":\"IHC\",\"url\":\"https:\/\/irishhawkingclub.org\/ga\/\",\"logo\":{\"@type\":\"ImageObject\",\"inLanguage\":\"ga-IE\",\"@id\":\"https:\/\/irishhawkingclub.org\/ga\/#\/schema\/logo\/image\/\",\"url\":\"https:\/\/irishhawkingclub.org\/wp-content\/uploads\/2025\/02\/IHC-Logo.jpg\",\"contentUrl\":\"https:\/\/irishhawkingclub.org\/wp-content\/uploads\/2025\/02\/IHC-Logo.jpg\",\"width\":1160,\"height\":1420,\"caption\":\"Irish Hawking Club\"},\"image\":{\"@id\":\"https:\/\/irishhawkingclub.org\/ga\/#\/schema\/logo\/image\/\"},\"sameAs\":[\"https:\/\/www.facebook.com\/irishhawkingclub\/\"]}]}<\/script>\n<!-- \/ Yoast SEO plugin. -->","yoast_head_json":{"title":"FAQ - Irish Hawking Club","robots":{"index":"index","follow":"follow","max-snippet":"max-snippet:-1","max-image-preview":"max-image-preview:large","max-video-preview":"max-video-preview:-1"},"canonical":"https:\/\/irishhawkingclub.org\/ga\/faq\/","og_locale":"ga_IE","og_type":"article","og_title":"FAQ - Irish Hawking Club","og_description":"Frequently Asked Questions What is the Irish Hawking Club? The IHC is the representative body for falconry in Ireland. It is thought to be one of the oldest falconry clubs in the world, with its origins stretching as far back as the mid-19th century. The history of falconry on the island of Ireland goes back [&hellip;]","og_url":"https:\/\/irishhawkingclub.org\/ga\/faq\/","og_site_name":"Irish Hawking Club","article_publisher":"https:\/\/www.facebook.com\/irishhawkingclub\/","article_modified_time":"2025-11-05T22:09:07+00:00","og_image":[{"url":"https:\/\/irishhawkingclub.org\/wp-content\/uploads\/2025\/03\/20210905_145618_Brendan_Lally_Sneem_IHC_meet_2021.jpg","type":"","width":"","height":""}],"twitter_card":"summary_large_image","twitter_misc":{"Est. reading time":"1 minute"},"schema":{"@context":"https:\/\/schema.org","@graph":[{"@type":"WebPage","@id":"https:\/\/irishhawkingclub.org\/faq\/","url":"https:\/\/irishhawkingclub.org\/faq\/","name":"FAQ - Irish Hawking Club","isPartOf":{"@id":"https:\/\/irishhawkingclub.org\/ga\/#website"},"primaryImageOfPage":{"@id":"https:\/\/irishhawkingclub.org\/faq\/#primaryimage"},"image":{"@id":"https:\/\/irishhawkingclub.org\/faq\/#primaryimage"},"thumbnailUrl":"https:\/\/irishhawkingclub.org\/wp-content\/uploads\/2025\/03\/20210905_145618_Brendan_Lally_Sneem_IHC_meet_2021.jpg","datePublished":"2025-01-24T00:04:49+00:00","dateModified":"2025-11-05T22:09:07+00:00","breadcrumb":{"@id":"https:\/\/irishhawkingclub.org\/faq\/#breadcrumb"},"inLanguage":"ga-IE","potentialAction":[{"@type":"ReadAction","target":["https:\/\/irishhawkingclub.org\/faq\/"]}]},{"@type":"ImageObject","inLanguage":"ga-IE","@id":"https:\/\/irishhawkingclub.org\/faq\/#primaryimage","url":"https:\/\/irishhawkingclub.org\/wp-content\/uploads\/2025\/03\/20210905_145618_Brendan_Lally_Sneem_IHC_meet_2021.jpg","contentUrl":"https:\/\/irishhawkingclub.org\/wp-content\/uploads\/2025\/03\/20210905_145618_Brendan_Lally_Sneem_IHC_meet_2021.jpg"},{"@type":"BreadcrumbList","@id":"https:\/\/irishhawkingclub.org\/faq\/#breadcrumb","itemListElement":[{"@type":"ListItem","position":1,"name":"Home","item":"https:\/\/irishhawkingclub.org\/"},{"@type":"ListItem","position":2,"name":"FAQ"}]},{"@type":"WebSite","@id":"https:\/\/irishhawkingclub.org\/ga\/#website","url":"https:\/\/irishhawkingclub.org\/ga\/","name":"Irish Hawking Club","description":"Seabhaic seilge na h\u00c9ireann","publisher":{"@id":"https:\/\/irishhawkingclub.org\/ga\/#organization"},"alternateName":"IHC","potentialAction":[{"@type":"SearchAction","target":{"@type":"EntryPoint","urlTemplate":"https:\/\/irishhawkingclub.org\/ga\/?s={search_term_string}"},"query-input":{"@type":"PropertyValueSpecification","valueRequired":true,"valueName":"search_term_string"}}],"inLanguage":"ga-IE"},{"@type":"Organization","@id":"https:\/\/irishhawkingclub.org\/ga\/#organization","name":"Irish Hawking Club","alternateName":"IHC","url":"https:\/\/irishhawkingclub.org\/ga\/","logo":{"@type":"ImageObject","inLanguage":"ga-IE","@id":"https:\/\/irishhawkingclub.org\/ga\/#\/schema\/logo\/image\/","url":"https:\/\/irishhawkingclub.org\/wp-content\/uploads\/2025\/02\/IHC-Logo.jpg","contentUrl":"https:\/\/irishhawkingclub.org\/wp-content\/uploads\/2025\/02\/IHC-Logo.jpg","width":1160,"height":1420,"caption":"Irish Hawking Club"},"image":{"@id":"https:\/\/irishhawkingclub.org\/ga\/#\/schema\/logo\/image\/"},"sameAs":["https:\/\/www.facebook.com\/irishhawkingclub\/"]}]}},"jetpack_sharing_enabled":true,"_links":{"self":[{"href":"https:\/\/irishhawkingclub.org\/ga\/wp-json\/wp\/v2\/pages\/15","targetHints":{"allow":["GET"]}}],"collection":[{"href":"https:\/\/irishhawkingclub.org\/ga\/wp-json\/wp\/v2\/pages"}],"about":[{"href":"https:\/\/irishhawkingclub.org\/ga\/wp-json\/wp\/v2\/types\/page"}],"author":[{"embeddable":true,"href":"https:\/\/irishhawkingclub.org\/ga\/wp-json\/wp\/v2\/users\/1"}],"replies":[{"embeddable":true,"href":"https:\/\/irishhawkingclub.org\/ga\/wp-json\/wp\/v2\/comments?post=15"}],"version-history":[{"count":22,"href":"https:\/\/irishhawkingclub.org\/ga\/wp-json\/wp\/v2\/pages\/15\/revisions"}],"predecessor-version":[{"id":575,"href":"https:\/\/irishhawkingclub.org\/ga\/wp-json\/wp\/v2\/pages\/15\/revisions\/575"}],"wp:attachment":[{"href":"https:\/\/irishhawkingclub.org\/ga\/wp-json\/wp\/v2\/media?parent=15"}],"curies":[{"name":"wp","href":"https:\/\/api.w.org\/{rel}","templated":true}]}}