{"id":102,"date":"2025-02-26T23:44:19","date_gmt":"2025-02-26T23:44:19","guid":{"rendered":"https:\/\/irishhawkingclub.org\/?page_id=102"},"modified":"2025-03-05T15:08:04","modified_gmt":"2025-03-05T15:08:04","slug":"conservation-rehabilitation","status":"publish","type":"page","link":"https:\/\/irishhawkingclub.org\/ga\/conservation-rehabilitation\/","title":{"rendered":"Caomhn\u00fa &amp; Athshl\u00e1n\u00fa"},"content":{"rendered":"<div class=\"wp-block-group alignfull has-background-background-color has-background has-global-padding is-layout-constrained wp-container-core-group-is-layout-864ebe9b wp-block-group-is-layout-constrained\" style=\"margin-top:0;margin-bottom:0;padding-top:0;padding-right:0;padding-bottom:0;padding-left:0\">\n<div class=\"wp-block-cover alignfull extendify-image-import\" style=\"padding-top:0;padding-right:var(--wp--preset--spacing--30);padding-bottom:0;padding-left:var(--wp--preset--spacing--30);min-height:50px;aspect-ratio:unset;\"><span aria-hidden=\"true\" class=\"wp-block-cover__background has-black-background-color has-background-dim-30 has-background-dim\"><\/span><img loading=\"lazy\" decoding=\"async\" width=\"1100\" height=\"733\" class=\"wp-block-cover__image-background wp-image-142\" alt=\"\" src=\"https:\/\/irishhawkingclub.org\/wp-content\/uploads\/2025\/02\/rehabilitate-birds_7-buzzard-fist.jpg\" data-object-fit=\"cover\" srcset=\"https:\/\/irishhawkingclub.org\/wp-content\/uploads\/2025\/02\/rehabilitate-birds_7-buzzard-fist.jpg 1100w, https:\/\/irishhawkingclub.org\/wp-content\/uploads\/2025\/02\/rehabilitate-birds_7-buzzard-fist-300x200.jpg 300w, https:\/\/irishhawkingclub.org\/wp-content\/uploads\/2025\/02\/rehabilitate-birds_7-buzzard-fist-1024x682.jpg 1024w, https:\/\/irishhawkingclub.org\/wp-content\/uploads\/2025\/02\/rehabilitate-birds_7-buzzard-fist-768x512.jpg 768w\" sizes=\"auto, (max-width: 1100px) 100vw, 1100px\" \/><div class=\"wp-block-cover__inner-container is-layout-flow wp-block-cover-is-layout-flow\">\n<div class=\"wp-block-group has-global-padding is-layout-constrained wp-block-group-is-layout-constrained\" style=\"padding-top:var(--wp--preset--spacing--60);padding-bottom:var(--wp--preset--spacing--60)\">\n<div class=\"wp-block-columns alignwide are-vertically-aligned-center is-layout-flex wp-container-core-columns-is-layout-947c9d80 wp-block-columns-is-layout-flex\">\n<div class=\"wp-block-column is-vertically-aligned-center is-layout-flow wp-block-column-is-layout-flow\">\n<h1 class=\"wp-block-heading has-text-color has-x-large-font-size\" style=\"color:#fffffffc\">Caomhn\u00fa &amp; Athshl\u00e1n\u00fa <\/h1>\n<\/div>\n\n\n\n<div class=\"wp-block-column is-vertically-aligned-center is-layout-flow wp-block-column-is-layout-flow\">\n<p class=\"has-text-color\" style=\"color:#fffffffc\">Conas \u00e9in chreiche a chaomhn\u00fa agus \u00e9in ghortaithe a athshl\u00e1n\u00fa.<\/p>\n<\/div>\n<\/div>\n<\/div>\n<\/div><\/div>\n<\/div>\n\n\n\n<div class=\"wp-block-group alignfull has-tertiary-background-color has-background has-global-padding is-layout-constrained wp-container-core-group-is-layout-7276a2bb wp-block-group-is-layout-constrained\" id=\"faq\" style=\"margin-top:0;margin-bottom:0;padding-top:var(--wp--preset--spacing--60);padding-right:var(--wp--preset--spacing--30);padding-bottom:var(--wp--preset--spacing--60);padding-left:var(--wp--preset--spacing--30)\">\n<h2 class=\"wp-block-heading\">Caomhn\u00fa<\/h2>\n\n\n\n<p>Taca\u00edonn Club Hawking na h\u00c9ireann (IHC) le caomhn\u00fa \u00c9in Chreiche agus fhiadh\u00falra na h\u00c9ireann i gcoitinne agus t\u00e1 roinnt ball p\u00e1irteach go gn\u00edomhach i dtionscadail chaomhnaithe.<br><br>Chun a bheith ina Falconer inni\u00fail, t\u00e1 g\u00e1 le saineolas ar an tuath agus ar a h\u00e1itritheoir\u00ed fi\u00e1ine. <br><br>Bh\u00ed baint ag an IHC agus a bhaill aonair le go leor tionscadal caomhantais, mar shampla <a title=\"\" href=\"https:\/\/www.greypartridge.ie\/\">Tionscadal Ph\u00e1dra\u00ed Liath na h\u00c9ireann <\/a>i gCo. U\u00edbh Fhail\u00ed agus sa <a title=\"\" href=\"https:\/\/donegalnews.com\/second-generation-of-golden-eagles-soaring-over-donegal\/\">Tionscadal athbhunaithe Golden Eagle i nD\u00fan na nGall<\/a>. Molaimid d\u00e1r mbaill a dtaca\u00edocht a thairiscint do na tionscadail seo agus do thionscadail eile in aon ch\u00e1il is f\u00e9idir leo.<br><br>Cuireann an IHC caomhn\u00fa \u00e9an creiche agus a ngn\u00e1th\u00f3g n\u00e1d\u00fartha chun cinn. San am at\u00e1 caite, thacaigh an IHC le roinnt tionscadal caomhnaithe, mar shampla <strong>Iontaobhas Partridge Grey na h\u00c9ireann<\/strong>, , <strong>Athbhun\u00fa an Iolair \u00d3rga<\/strong> tionscadal agus an <strong>G\u00e9arch\u00e9im Bheulture na h\u00c1ise <\/strong>(<em>(en Inde, les populations de vautours \u00e0 dos blanc orientaux ont chut\u00e9 de 99,7\u00a0% depuis 1990 ; au Pakistan, 2500 de ces oiseaux se sont \u00e9lev\u00e9s en 2000, mais aucun n\u2019est connu pour s\u2019\u00eatre \u00e9lev\u00e9 en 2007. La crise s\u2019\u00e9tend \u00e0 toute l\u2019Inde, N\u00e9pal et le Pakistan o\u00f9 le m\u00e9dicament v\u00e9t\u00e9rinaire diclonf\u00e9nac a \u00e9t\u00e9 utilis\u00e9 pour traiter les animaux malades et bless\u00e9s, et qui est ensuite consomm\u00e9 par les vautours. Les r\u00e9sultats ont eu des probl\u00e8mes \u00e9cologiques, \u00e9conomiques, culturels et de sant\u00e9 publique de grande envergure).<\/em>).<br><br>T\u00e1 bunt\u00e1ist\u00ed suntasacha ag baint leis na cleachtais bainistithe g\u00e9im fhi\u00e1in a \u00fas\u00e1ideann Iontaobhas Grey Partridge don \u00e9iceach\u00f3ras ar fad, le dl\u00fas n\u00edos airde inveirteabraigh, f\u00e9ileac\u00e1in, lucha, agus \u00e9in amhail linn\u00e9id, eit\u00ed agus sp\u00e9irlint\u00ed. Thacaigh s\u00e9 seo ina dhiaidh sin le daonra n\u00edos airde n\u00e1 an me\u00e1n d'\u00e9in chreiche ar n\u00f3s kestrels, owls sciob\u00f3l, owls cluas fada, merlins agus harriers cearc. Le cl\u00fadach tal\u00fan ceart a phland\u00e1il, is f\u00e9idir creachadh partridge liath ag harriers cearc agus sparrowhawks a \u00edoslaghd\u00fa.<br><br>Ag brath ar chine\u00e1l an tionscadail, is f\u00e9idir leis an IHC saor\u00e1laithe a chur ar f\u00e1il, p\u00e1irt a ghlacadh i dtioms\u00fa airgid agus\/n\u00f3 rann\u00edoca\u00edocht airgeadais a dh\u00e9anamh le tionscnaimh chaomhnaithe.<br><br><\/p>\n<\/div>\n\n\n\n<h2 class=\"wp-block-heading\">Athshl\u00e1n\u00fa <\/h2>\n\n\n\n<figure class=\"wp-block-image size-full\"><img loading=\"lazy\" decoding=\"async\" width=\"960\" height=\"720\" src=\"https:\/\/irishhawkingclub.org\/wp-content\/uploads\/2025\/03\/rehab1.jpg\" alt=\"\" class=\"wp-image-370\" srcset=\"https:\/\/irishhawkingclub.org\/wp-content\/uploads\/2025\/03\/rehab1.jpg 960w, https:\/\/irishhawkingclub.org\/wp-content\/uploads\/2025\/03\/rehab1-300x225.jpg 300w, https:\/\/irishhawkingclub.org\/wp-content\/uploads\/2025\/03\/rehab1-768x576.jpg 768w\" sizes=\"auto, (max-width: 960px) 100vw, 960px\" \/><\/figure>\n\n\n\n<p>M\u00e1 aims\u00edonn t\u00fa \u00e9an creiche gortaithe, is f\u00e9idir leat teagmh\u00e1il a dh\u00e9anamh le ball den choiste a chuirfidh i dteagmh\u00e1il leat le falconer \u00e1iti\u00fail a d'fh\u00e9adfadh, ag brath ar chine\u00e1l an ghortaithe, a bheith in ann an t-\u00e9an a athshl\u00e1n\u00fa agus \u00e9 a chur ar ais san fhi\u00e1ntas. C\u00e9 go mb'fh\u00e9idir go mbeidh t\u00fa in ann an t-\u00e9an a thabhairt chuig tr\u00e9idlia \u00e1iti\u00fail, n\u00edl taith\u00ed ag gach tr\u00e9idlia ar thr\u00e9idliacht na n-\u00e9an n\u00f3 ar raptors a l\u00e1imhse\u00e1il. Is d\u00f3cha go mbeidh eolas ag baill IHC ar na tr\u00e9idlianna sin a bhfuil taith\u00ed acu sa r\u00e9imse seo.<br><br>M\u00e1 aims\u00edonn t\u00fa \u00e9an fi\u00e1in creiche ba ch\u00f3ir duit teagmh\u00e1il a dh\u00e9anamh le do shaoisteoir fiadh\u00falra \u00e1iti\u00fail \u00f3n <a href=\"https:\/\/www.npws.ie\/\">An tSeirbh\u00eds P\u00e1irceanna N\u00e1isi\u00fanta agus Fiadh\u00falra<\/a> (f\u00e9ach na teagmh\u00e1lacha ar <a href=\"https:\/\/irishhawkingclub.org\/ga\/legislation\/\" data-type=\"page\" data-id=\"88\">Reachta\u00edocht <\/a>leathanach). T\u00e1 cead\u00fanas speisialta ag teast\u00e1il le haghaidh \u00e9an fi\u00e1in creiche gortaithe.<br><br>N\u00e1 cuir \u00e9an creiche gortaithe isteach i \u2018gcage\u2019 n\u00f3 iompr\u00f3ir cat\/madra \u00e1it ar f\u00e9idir leis an solas a fheice\u00e1il \u2013 mar n\u00ed dh\u00e9anfaidh s\u00e9 iarracht ach eitilt i dtreo an tsolais agus dam\u00e1iste a dh\u00e9anamh d\u00e1 chleit\u00ed a d\u2019fh\u00e9adfadh dochar a dh\u00e9anamh d\u00e1 scaoileadh amach san fhiadh\u00falra. Is fearr le bosca l\u00e1idir bord c\u00e1rta n\u00f3 caith tu\u00e1ille thar iompr\u00f3ir cat \/ madra.<br><br>M\u00e1 t\u00e1 t\u00fa ag iarraidh \u00e9an creiche a l\u00e1imhse\u00e1il, b\u00ed aireach ar a talons. Cuir tu\u00e1ille rollta suas gar d\u00e1 chosa agus lig don \u00e9an an t-\u00e1bhar a thuiscint; Le tu\u00e1ille scaoilte eile os cionn ceann agus comhlacht na n-\u00e9an, b'fh\u00e9idir go mbeife\u00e1 in ann an t-\u00e9an a th\u00f3g\u00e1il \u00f3n gc\u00fal lena chosa os do chomhair amach agus ar shi\u00fal uait agus ansin \u00e9 a chur isteach sa bhosca. Cuir an t-\u00e9an i su\u00edomh ci\u00fain, saor \u00f3 tharraingt gan m\u00f3r\u00e1n suaite, sular f\u00e9idir le duine inni\u00fail a bhfuil an taith\u00ed \u00e1bhartha aige \u00e9 a scr\u00fad\u00fa.<br><br>Faoi <a href=\"https:\/\/www.irishstatutebook.ie\/eli\/1976\/act\/39\/section\/22\/enacted\/en\/html\">Alt 22(9) den Acht um Fhiadh\u00falra, 1976 <\/a>(arna leas\u00fa) f\u00e9adfaidh an tAire cead\u00fanas a dheon\u00fa do dhuine chun \u00e9an fi\u00e1in gortaithe n\u00f3 m\u00edchumasaithe a bheith ina sheilbh aige ar feadh tr\u00e9imhse r\u00e9as\u00fana\u00ed.<br><br><em>Clice\u00e1il anseo le do thoil chun r\u00e9imse \u00e9an creiche a athshl\u00e1na\u00edodh isteach san fhiadh\u00falra \u00f3n\u00e1r mbaill a fheice\u00e1il.<\/em><\/p>\n\n\n\n<figure class=\"wp-block-image size-full\"><img loading=\"lazy\" decoding=\"async\" width=\"772\" height=\"800\" src=\"https:\/\/irishhawkingclub.org\/wp-content\/uploads\/2025\/03\/rehab3.jpg\" alt=\"\" class=\"wp-image-372\" srcset=\"https:\/\/irishhawkingclub.org\/wp-content\/uploads\/2025\/03\/rehab3.jpg 772w, https:\/\/irishhawkingclub.org\/wp-content\/uploads\/2025\/03\/rehab3-290x300.jpg 290w, https:\/\/irishhawkingclub.org\/wp-content\/uploads\/2025\/03\/rehab3-768x796.jpg 768w\" sizes=\"auto, (max-width: 772px) 100vw, 772px\" \/><\/figure>\n\n\n\n<figure class=\"wp-block-image size-full\"><img loading=\"lazy\" decoding=\"async\" width=\"800\" height=\"645\" src=\"https:\/\/irishhawkingclub.org\/wp-content\/uploads\/2025\/03\/rehab.jpg\" alt=\"\" class=\"wp-image-369\" srcset=\"https:\/\/irishhawkingclub.org\/wp-content\/uploads\/2025\/03\/rehab.jpg 800w, https:\/\/irishhawkingclub.org\/wp-content\/uploads\/2025\/03\/rehab-300x242.jpg 300w, https:\/\/irishhawkingclub.org\/wp-content\/uploads\/2025\/03\/rehab-768x619.jpg 768w\" sizes=\"auto, (max-width: 800px) 100vw, 800px\" \/><\/figure>\n\n\n\n<p><\/p>\n\n\n\n<div class=\"wp-block-columns is-layout-flex wp-container-core-columns-is-layout-28f84493 wp-block-columns-is-layout-flex\">\n<div class=\"wp-block-column is-layout-flow wp-block-column-is-layout-flow\">\n<figure class=\"wp-block-image size-full\"><img loading=\"lazy\" decoding=\"async\" width=\"90\" height=\"88\" src=\"https:\/\/irishhawkingclub.org\/wp-content\/uploads\/2025\/02\/8787304.jpg\" alt=\"\" class=\"wp-image-242\"\/><\/figure>\n<\/div>\n\n\n\n<div class=\"wp-block-column is-layout-flow wp-block-column-is-layout-flow\">\n<figure class=\"wp-block-image aligncenter size-large is-resized\"><img loading=\"lazy\" decoding=\"async\" width=\"837\" height=\"1024\" src=\"https:\/\/irishhawkingclub.org\/wp-content\/uploads\/2025\/02\/IHC-Logo-837x1024.jpg\" alt=\"L\u00f3g\u00f3 IHC\" class=\"wp-image-230\" style=\"width:77px;height:auto\" srcset=\"https:\/\/irishhawkingclub.org\/wp-content\/uploads\/2025\/02\/IHC-Logo-837x1024.jpg 837w, https:\/\/irishhawkingclub.org\/wp-content\/uploads\/2025\/02\/IHC-Logo-245x300.jpg 245w, https:\/\/irishhawkingclub.org\/wp-content\/uploads\/2025\/02\/IHC-Logo-768x940.jpg 768w, https:\/\/irishhawkingclub.org\/wp-content\/uploads\/2025\/02\/IHC-Logo.jpg 1160w\" sizes=\"auto, (max-width: 837px) 100vw, 837px\" \/><\/figure>\n<\/div>\n\n\n\n<div class=\"wp-block-column is-layout-flow wp-block-column-is-layout-flow\">\n<figure class=\"wp-block-image alignright size-full is-resized\"><img loading=\"lazy\" decoding=\"async\" width=\"508\" height=\"473\" src=\"https:\/\/irishhawkingclub.org\/wp-content\/uploads\/2025\/02\/Hawk-Board-logo.png\" alt=\"L\u00f3g\u00f3 an Bhoird Hawk\" class=\"wp-image-227\" style=\"width:99px;height:auto\" srcset=\"https:\/\/irishhawkingclub.org\/wp-content\/uploads\/2025\/02\/Hawk-Board-logo.png 508w, https:\/\/irishhawkingclub.org\/wp-content\/uploads\/2025\/02\/Hawk-Board-logo-300x279.png 300w\" sizes=\"auto, (max-width: 508px) 100vw, 508px\" \/><\/figure>\n<\/div>\n<\/div>\n\n\n\n<p><\/p>","protected":false},"excerpt":{"rendered":"<p>Conservation The Irish Hawking Club (IHC) supports the conservation of both Birds of Prey and Irish wildlife in general and some members are actively engaged in conservation projects. To become a competent Falconer, expert knowledge of the countryside and its wild inhabitants is necessary. The IHC and its individual members have been involved in many [&hellip;]<\/p>","protected":false},"author":1,"featured_media":0,"parent":0,"menu_order":0,"comment_status":"closed","ping_status":"closed","template":"","meta":{"footnotes":""},"class_list":["post-102","page","type-page","status-publish","hentry"],"yoast_head":"<!-- This site is optimized with the Yoast SEO plugin v27.2 - https:\/\/yoast.com\/product\/yoast-seo-wordpress\/ -->\n<title>Conservation &amp; Rehabilitation - Irish Hawking Club<\/title>\n<meta name=\"robots\" content=\"index, follow, max-snippet:-1, max-image-preview:large, max-video-preview:-1\" \/>\n<link rel=\"canonical\" href=\"https:\/\/irishhawkingclub.org\/ga\/conservation-rehabilitation\/\" \/>\n<meta property=\"og:locale\" content=\"ga_IE\" \/>\n<meta property=\"og:type\" content=\"article\" \/>\n<meta property=\"og:title\" content=\"Conservation &amp; Rehabilitation - Irish Hawking Club\" \/>\n<meta property=\"og:description\" content=\"Conservation The Irish Hawking Club (IHC) supports the conservation of both Birds of Prey and Irish wildlife in general and some members are actively engaged in conservation projects. To become a competent Falconer, expert knowledge of the countryside and its wild inhabitants is necessary. The IHC and its individual members have been involved in many [&hellip;]\" \/>\n<meta property=\"og:url\" content=\"https:\/\/irishhawkingclub.org\/ga\/conservation-rehabilitation\/\" \/>\n<meta property=\"og:site_name\" content=\"Irish Hawking Club\" \/>\n<meta property=\"article:publisher\" content=\"https:\/\/www.facebook.com\/irishhawkingclub\/\" \/>\n<meta property=\"article:modified_time\" content=\"2025-03-05T15:08:04+00:00\" \/>\n<meta property=\"og:image\" content=\"https:\/\/irishhawkingclub.org\/wp-content\/uploads\/2025\/02\/rehabilitate-birds_7-buzzard-fist.jpg\" \/>\n<meta name=\"twitter:card\" content=\"summary_large_image\" \/>\n<meta name=\"twitter:label1\" content=\"Est. reading time\" \/>\n\t<meta name=\"twitter:data1\" content=\"3 minutes\" \/>\n<script type=\"application\/ld+json\" class=\"yoast-schema-graph\">{\"@context\":\"https:\/\/schema.org\",\"@graph\":[{\"@type\":\"WebPage\",\"@id\":\"https:\/\/irishhawkingclub.org\/conservation-rehabilitation\/\",\"url\":\"https:\/\/irishhawkingclub.org\/conservation-rehabilitation\/\",\"name\":\"Conservation &amp; Rehabilitation - Irish Hawking Club\",\"isPartOf\":{\"@id\":\"https:\/\/irishhawkingclub.org\/ga\/#website\"},\"primaryImageOfPage\":{\"@id\":\"https:\/\/irishhawkingclub.org\/conservation-rehabilitation\/#primaryimage\"},\"image\":{\"@id\":\"https:\/\/irishhawkingclub.org\/conservation-rehabilitation\/#primaryimage\"},\"thumbnailUrl\":\"https:\/\/irishhawkingclub.org\/wp-content\/uploads\/2025\/02\/rehabilitate-birds_7-buzzard-fist.jpg\",\"datePublished\":\"2025-02-26T23:44:19+00:00\",\"dateModified\":\"2025-03-05T15:08:04+00:00\",\"breadcrumb\":{\"@id\":\"https:\/\/irishhawkingclub.org\/conservation-rehabilitation\/#breadcrumb\"},\"inLanguage\":\"ga-IE\",\"potentialAction\":[{\"@type\":\"ReadAction\",\"target\":[\"https:\/\/irishhawkingclub.org\/conservation-rehabilitation\/\"]}]},{\"@type\":\"ImageObject\",\"inLanguage\":\"ga-IE\",\"@id\":\"https:\/\/irishhawkingclub.org\/conservation-rehabilitation\/#primaryimage\",\"url\":\"https:\/\/irishhawkingclub.org\/wp-content\/uploads\/2025\/02\/rehabilitate-birds_7-buzzard-fist.jpg\",\"contentUrl\":\"https:\/\/irishhawkingclub.org\/wp-content\/uploads\/2025\/02\/rehabilitate-birds_7-buzzard-fist.jpg\"},{\"@type\":\"BreadcrumbList\",\"@id\":\"https:\/\/irishhawkingclub.org\/conservation-rehabilitation\/#breadcrumb\",\"itemListElement\":[{\"@type\":\"ListItem\",\"position\":1,\"name\":\"Home\",\"item\":\"https:\/\/irishhawkingclub.org\/\"},{\"@type\":\"ListItem\",\"position\":2,\"name\":\"Conservation &amp; Rehabilitation\"}]},{\"@type\":\"WebSite\",\"@id\":\"https:\/\/irishhawkingclub.org\/ga\/#website\",\"url\":\"https:\/\/irishhawkingclub.org\/ga\/\",\"name\":\"Irish Hawking Club\",\"description\":\"Seabhaic seilge na h\u00c9ireann\",\"publisher\":{\"@id\":\"https:\/\/irishhawkingclub.org\/ga\/#organization\"},\"alternateName\":\"IHC\",\"potentialAction\":[{\"@type\":\"SearchAction\",\"target\":{\"@type\":\"EntryPoint\",\"urlTemplate\":\"https:\/\/irishhawkingclub.org\/ga\/?s={search_term_string}\"},\"query-input\":{\"@type\":\"PropertyValueSpecification\",\"valueRequired\":true,\"valueName\":\"search_term_string\"}}],\"inLanguage\":\"ga-IE\"},{\"@type\":\"Organization\",\"@id\":\"https:\/\/irishhawkingclub.org\/ga\/#organization\",\"name\":\"Irish Hawking Club\",\"alternateName\":\"IHC\",\"url\":\"https:\/\/irishhawkingclub.org\/ga\/\",\"logo\":{\"@type\":\"ImageObject\",\"inLanguage\":\"ga-IE\",\"@id\":\"https:\/\/irishhawkingclub.org\/ga\/#\/schema\/logo\/image\/\",\"url\":\"https:\/\/irishhawkingclub.org\/wp-content\/uploads\/2025\/02\/IHC-Logo.jpg\",\"contentUrl\":\"https:\/\/irishhawkingclub.org\/wp-content\/uploads\/2025\/02\/IHC-Logo.jpg\",\"width\":1160,\"height\":1420,\"caption\":\"Irish Hawking Club\"},\"image\":{\"@id\":\"https:\/\/irishhawkingclub.org\/ga\/#\/schema\/logo\/image\/\"},\"sameAs\":[\"https:\/\/www.facebook.com\/irishhawkingclub\/\"]}]}<\/script>\n<!-- \/ Yoast SEO plugin. -->","yoast_head_json":{"title":"Conservation &amp; Rehabilitation - Irish Hawking Club","robots":{"index":"index","follow":"follow","max-snippet":"max-snippet:-1","max-image-preview":"max-image-preview:large","max-video-preview":"max-video-preview:-1"},"canonical":"https:\/\/irishhawkingclub.org\/ga\/conservation-rehabilitation\/","og_locale":"ga_IE","og_type":"article","og_title":"Conservation &amp; Rehabilitation - Irish Hawking Club","og_description":"Conservation The Irish Hawking Club (IHC) supports the conservation of both Birds of Prey and Irish wildlife in general and some members are actively engaged in conservation projects. To become a competent Falconer, expert knowledge of the countryside and its wild inhabitants is necessary. The IHC and its individual members have been involved in many [&hellip;]","og_url":"https:\/\/irishhawkingclub.org\/ga\/conservation-rehabilitation\/","og_site_name":"Irish Hawking Club","article_publisher":"https:\/\/www.facebook.com\/irishhawkingclub\/","article_modified_time":"2025-03-05T15:08:04+00:00","og_image":[{"url":"https:\/\/irishhawkingclub.org\/wp-content\/uploads\/2025\/02\/rehabilitate-birds_7-buzzard-fist.jpg","type":"","width":"","height":""}],"twitter_card":"summary_large_image","twitter_misc":{"Est. reading time":"3 minutes"},"schema":{"@context":"https:\/\/schema.org","@graph":[{"@type":"WebPage","@id":"https:\/\/irishhawkingclub.org\/conservation-rehabilitation\/","url":"https:\/\/irishhawkingclub.org\/conservation-rehabilitation\/","name":"Conservation &amp; Rehabilitation - Irish Hawking Club","isPartOf":{"@id":"https:\/\/irishhawkingclub.org\/ga\/#website"},"primaryImageOfPage":{"@id":"https:\/\/irishhawkingclub.org\/conservation-rehabilitation\/#primaryimage"},"image":{"@id":"https:\/\/irishhawkingclub.org\/conservation-rehabilitation\/#primaryimage"},"thumbnailUrl":"https:\/\/irishhawkingclub.org\/wp-content\/uploads\/2025\/02\/rehabilitate-birds_7-buzzard-fist.jpg","datePublished":"2025-02-26T23:44:19+00:00","dateModified":"2025-03-05T15:08:04+00:00","breadcrumb":{"@id":"https:\/\/irishhawkingclub.org\/conservation-rehabilitation\/#breadcrumb"},"inLanguage":"ga-IE","potentialAction":[{"@type":"ReadAction","target":["https:\/\/irishhawkingclub.org\/conservation-rehabilitation\/"]}]},{"@type":"ImageObject","inLanguage":"ga-IE","@id":"https:\/\/irishhawkingclub.org\/conservation-rehabilitation\/#primaryimage","url":"https:\/\/irishhawkingclub.org\/wp-content\/uploads\/2025\/02\/rehabilitate-birds_7-buzzard-fist.jpg","contentUrl":"https:\/\/irishhawkingclub.org\/wp-content\/uploads\/2025\/02\/rehabilitate-birds_7-buzzard-fist.jpg"},{"@type":"BreadcrumbList","@id":"https:\/\/irishhawkingclub.org\/conservation-rehabilitation\/#breadcrumb","itemListElement":[{"@type":"ListItem","position":1,"name":"Home","item":"https:\/\/irishhawkingclub.org\/"},{"@type":"ListItem","position":2,"name":"Conservation &amp; Rehabilitation"}]},{"@type":"WebSite","@id":"https:\/\/irishhawkingclub.org\/ga\/#website","url":"https:\/\/irishhawkingclub.org\/ga\/","name":"Irish Hawking Club","description":"Seabhaic seilge na h\u00c9ireann","publisher":{"@id":"https:\/\/irishhawkingclub.org\/ga\/#organization"},"alternateName":"IHC","potentialAction":[{"@type":"SearchAction","target":{"@type":"EntryPoint","urlTemplate":"https:\/\/irishhawkingclub.org\/ga\/?s={search_term_string}"},"query-input":{"@type":"PropertyValueSpecification","valueRequired":true,"valueName":"search_term_string"}}],"inLanguage":"ga-IE"},{"@type":"Organization","@id":"https:\/\/irishhawkingclub.org\/ga\/#organization","name":"Irish Hawking Club","alternateName":"IHC","url":"https:\/\/irishhawkingclub.org\/ga\/","logo":{"@type":"ImageObject","inLanguage":"ga-IE","@id":"https:\/\/irishhawkingclub.org\/ga\/#\/schema\/logo\/image\/","url":"https:\/\/irishhawkingclub.org\/wp-content\/uploads\/2025\/02\/IHC-Logo.jpg","contentUrl":"https:\/\/irishhawkingclub.org\/wp-content\/uploads\/2025\/02\/IHC-Logo.jpg","width":1160,"height":1420,"caption":"Irish Hawking Club"},"image":{"@id":"https:\/\/irishhawkingclub.org\/ga\/#\/schema\/logo\/image\/"},"sameAs":["https:\/\/www.facebook.com\/irishhawkingclub\/"]}]}},"jetpack_sharing_enabled":true,"_links":{"self":[{"href":"https:\/\/irishhawkingclub.org\/ga\/wp-json\/wp\/v2\/pages\/102","targetHints":{"allow":["GET"]}}],"collection":[{"href":"https:\/\/irishhawkingclub.org\/ga\/wp-json\/wp\/v2\/pages"}],"about":[{"href":"https:\/\/irishhawkingclub.org\/ga\/wp-json\/wp\/v2\/types\/page"}],"author":[{"embeddable":true,"href":"https:\/\/irishhawkingclub.org\/ga\/wp-json\/wp\/v2\/users\/1"}],"replies":[{"embeddable":true,"href":"https:\/\/irishhawkingclub.org\/ga\/wp-json\/wp\/v2\/comments?post=102"}],"version-history":[{"count":9,"href":"https:\/\/irishhawkingclub.org\/ga\/wp-json\/wp\/v2\/pages\/102\/revisions"}],"predecessor-version":[{"id":489,"href":"https:\/\/irishhawkingclub.org\/ga\/wp-json\/wp\/v2\/pages\/102\/revisions\/489"}],"wp:attachment":[{"href":"https:\/\/irishhawkingclub.org\/ga\/wp-json\/wp\/v2\/media?parent=102"}],"curies":[{"name":"wp","href":"https:\/\/api.w.org\/{rel}","templated":true}]}}