{"id":88,"date":"2025-02-07T17:45:33","date_gmt":"2025-02-07T17:45:33","guid":{"rendered":"https:\/\/irishhawkingclub.org\/?page_id=88"},"modified":"2025-03-05T15:09:32","modified_gmt":"2025-03-05T15:09:32","slug":"legislation","status":"publish","type":"page","link":"https:\/\/irishhawkingclub.org\/fr\/legislation\/","title":{"rendered":"L\u00e9gislation"},"content":{"rendered":"<div class=\"wp-block-group alignfull has-background-background-color has-background has-global-padding is-layout-constrained wp-container-core-group-is-layout-864ebe9b wp-block-group-is-layout-constrained\" style=\"margin-top:0;margin-bottom:0;padding-top:0;padding-right:0;padding-bottom:0;padding-left:0\">\n<div class=\"wp-block-cover alignfull extendify-image-import\" style=\"padding-top:0;padding-right:var(--wp--preset--spacing--30);padding-bottom:0;padding-left:var(--wp--preset--spacing--30);min-height:50px;aspect-ratio:unset;\"><span aria-hidden=\"true\" class=\"wp-block-cover__background has-black-background-color has-background-dim-30 has-background-dim\"><\/span><img loading=\"lazy\" decoding=\"async\" width=\"960\" height=\"720\" class=\"wp-block-cover__image-background wp-image-187\" alt=\"\" src=\"https:\/\/irishhawkingclub.org\/wp-content\/uploads\/2025\/02\/static-display-game-fairs_old_38-end-session-ihc.jpg\" data-object-fit=\"cover\" srcset=\"https:\/\/irishhawkingclub.org\/wp-content\/uploads\/2025\/02\/static-display-game-fairs_old_38-end-session-ihc.jpg 960w, https:\/\/irishhawkingclub.org\/wp-content\/uploads\/2025\/02\/static-display-game-fairs_old_38-end-session-ihc-300x225.jpg 300w, https:\/\/irishhawkingclub.org\/wp-content\/uploads\/2025\/02\/static-display-game-fairs_old_38-end-session-ihc-768x576.jpg 768w\" sizes=\"auto, (max-width: 960px) 100vw, 960px\" \/><div class=\"wp-block-cover__inner-container is-layout-flow wp-block-cover-is-layout-flow\">\n<div class=\"wp-block-group has-global-padding is-layout-constrained wp-block-group-is-layout-constrained\" style=\"padding-top:var(--wp--preset--spacing--60);padding-bottom:var(--wp--preset--spacing--60)\">\n<div class=\"wp-block-columns alignwide are-vertically-aligned-center is-layout-flex wp-container-core-columns-is-layout-947c9d80 wp-block-columns-is-layout-flex\">\n<div class=\"wp-block-column is-vertically-aligned-center is-layout-flow wp-block-column-is-layout-flow\">\n<h1 class=\"wp-block-heading has-text-color has-x-large-font-size\" style=\"color:#fffffffc\">Juridique<\/h1>\n<\/div>\n\n\n\n<div class=\"wp-block-column is-vertically-aligned-center is-layout-flow wp-block-column-is-layout-flow\">\n<p class=\"has-text-color\" style=\"color:#fffffffc\">Explorez la tradition de la fauconnerie avec l'Irish Hawking Club. Joignez-vous \u00e0 nous pour pr\u00e9server ce patrimoine. Votre aventure commence ici.<\/p>\n<\/div>\n<\/div>\n<\/div>\n<\/div><\/div>\n<\/div>\n\n\n\n<div class=\"wp-block-group alignfull has-tertiary-background-color has-background has-global-padding is-layout-constrained wp-container-core-group-is-layout-7276a2bb wp-block-group-is-layout-constrained\" id=\"faq\" style=\"margin-top:0;margin-bottom:0;padding-top:var(--wp--preset--spacing--60);padding-right:var(--wp--preset--spacing--30);padding-bottom:var(--wp--preset--spacing--60);padding-left:var(--wp--preset--spacing--30)\">\n<div class=\"wp-block-group has-global-padding is-layout-constrained wp-block-group-is-layout-constrained\" style=\"border-bottom-color:var(--wp--preset--color--tertiary);border-bottom-width:1px;margin-top:0;padding-top:var(--wp--preset--spacing--30);padding-bottom:var(--wp--preset--spacing--30)\">\n<p>Bien que la fauconnerie soit l\u00e9gale dans les deux juridictions en Irlande, elle est r\u00e9gie par des ensembles de lois compl\u00e8tement diff\u00e9rents du Nord et du Sud. Pour commencer, vous devez d'abord contacter l'agence gouvernementale comp\u00e9tente en mati\u00e8re de fauconnerie et lui faire savoir que vous \u00eates int\u00e9ress\u00e9 \u00e0 devenir fauconnier.\u00a0Ils vous conseilleront en cons\u00e9quence et vous informeront des licences et des permis dont vous aurez besoin.<\/p>\n\n\n\n<p>Vous devez \u00e9galement vous familiariser avec les r\u00e9glementations pertinentes.\u00a0 Les principaux contacts pour la fauconnerie et les permis d'oiseaux de proie sont:<\/p>\n\n\n\n<hr class=\"wp-block-separator has-alpha-channel-opacity\"\/>\n\n\n\n<h3 class=\"wp-block-heading\"><strong>R\u00e9publique d'Irlande<\/strong><\/h3>\n\n\n\n<p>Unit\u00e9 de d\u00e9livrance de licences pour la faune sauvage<br>Service des parcs nationaux et de la faune<br>7 Ely Place<br>Dublin 2<br>Coordonn\u00e9es: Courriel :&nbsp;<a href=\"http:\/\/www.wildlifelicence@ahg.gov.ie\/\">www.wildlifelicence@ahg.gov.ie<\/a><br>&nbsp;T\u00e9l\u00e9phone : 01-8883275 ou 01-8883298<\/p>\n\n\n\n<p><a href=\"http:\/\/www.npws.ie\/legislationandconventions\/cites\/applyforimportexportpermits\/\">Les demandes de licences d'oiseaux de proie peuvent \u00eatre t\u00e9l\u00e9charg\u00e9es en cliquant ici<\/a><\/p>\n\n\n\n<p>Note : Vous aurez besoin d'une licence pour poss\u00e9der un oiseau de proie et une autre licence pour s'engager dans la fauconnerie.<\/p>\n\n\n\n<p>Le r\u00e8glement cl\u00e9 est le suivant:&nbsp;<br>&nbsp;&nbsp;&nbsp;&nbsp;&nbsp;S.I. n\u00b0 8\/1984 \u2014 Wildlife Act, 1976 (Birds of Prey) Regulations, 1984.&nbsp;<\/p>\n\n\n\n<p>Vous devrez rencontrer le Wildlife Ranger local pour faire inspecter vos locaux, vos mews\/aviaires.<\/p>\n\n\n\n<hr class=\"wp-block-separator has-alpha-channel-opacity\"\/>\n\n\n\n<h3 class=\"wp-block-heading\"><strong>Irlande du Nord<br><\/strong><\/h3>\n\n\n\n<p>Wildlife Inspectorate, Irlande du Nord<br>Agence pour l'environnement, Belfast(028)<br>9056 9557.<\/p>\n\n\n\n<p>Unit\u00e9 Biodiversit\u00e9,<br>B\u00e2timent Klondyke,<br>l'avenue Cromac,<\/p>\n\n\n\n<p>Parc d'affaires Gasworks,<br>chemin Lower Ormeau,<br>Belfast BT7 2JA<br>ou<br>T\u00e9l\u00e9phone : 028 9056 9605<\/p>\n\n\n\n<p>R\u00e9glementation cl\u00e9: Faune sauvage<br>(Irlande du Nord) Order, 1985 \u2013 License to Hold Birds of Prey.<\/p>\n\n\n\n<p>Veuillez noter que pour certaines esp\u00e8ces d'oiseaux, vous pouvez exiger un article 10, publi\u00e9 dans le cadre de la Convention sur le commerce international des esp\u00e8ces de faune et de flore sauvages menac\u00e9es d'extinction (CCI).<a href=\"https:\/\/cites.org\/eng\" title=\"\">CITES<\/a>).<\/p>\n\n\n\n<p>En outre, si vous envisagez d\u2019importer un oiseau de proie d\u2019un \u00e9leveur commercial en dehors de la R\u00e9publique, vous devrez vous assurer de respecter les exigences du minist\u00e8re de l\u2019agriculture en mati\u00e8re d\u2019importation.&nbsp;&nbsp;<\/p>\n<\/div>\n<\/div>\n\n\n\n<div class=\"wp-block-group alignfull has-background-background-color has-background has-global-padding is-layout-constrained wp-container-core-group-is-layout-7276a2bb wp-block-group-is-layout-constrained\" id=\"about\" style=\"margin-top:0;margin-bottom:0;padding-top:var(--wp--preset--spacing--60);padding-right:var(--wp--preset--spacing--30);padding-bottom:var(--wp--preset--spacing--60);padding-left:var(--wp--preset--spacing--30)\">\n<h2 class=\"wp-block-heading has-text-align-wide\">VISITE DES FALCONERS<\/h2>\n\n\n\n<p>Tout fauconnier en visite en R\u00e9publique d'Irlande (y compris ceux en visite en Irlande du Nord) qui a l'intention de chasser avec son oiseau est tenu de poss\u00e9der un permis de fauconnerie d\u00e9livr\u00e9 par le <a href=\"https:\/\/www.npws.ie\/\" title=\"\">NPWS <\/a>(actuellement 12,70 \u20ac).<\/p>\n\n\n\n<figure class=\"wp-block-image size-full\"><img loading=\"lazy\" decoding=\"async\" width=\"960\" height=\"720\" src=\"https:\/\/irishhawkingclub.org\/wp-content\/uploads\/2025\/02\/static-display-game-fairs_old_38-end-session-ihc.jpg\" alt=\"\" class=\"wp-image-187\" srcset=\"https:\/\/irishhawkingclub.org\/wp-content\/uploads\/2025\/02\/static-display-game-fairs_old_38-end-session-ihc.jpg 960w, https:\/\/irishhawkingclub.org\/wp-content\/uploads\/2025\/02\/static-display-game-fairs_old_38-end-session-ihc-300x225.jpg 300w, https:\/\/irishhawkingclub.org\/wp-content\/uploads\/2025\/02\/static-display-game-fairs_old_38-end-session-ihc-768x576.jpg 768w\" sizes=\"auto, (max-width: 960px) 100vw, 960px\" \/><\/figure>\n\n\n\n<p>Le titulaire d'une licence doit s'assurer qu'il conna\u00eet bien les conditions \u00e9nonc\u00e9es au<br>la licence et, s'il y en a une \u00e0 laquelle il ne peut ou ne peut plus se conformer, il doit en informer imm\u00e9diatement le service comp\u00e9tent.<\/p>\n\n\n\n<p class=\"has-text-align-wide\">Clause de non-responsabilit\u00e9:\u00a0 Le CSI fournit les informations ci-dessus uniquement \u00e0 titre indicatif et ne pr\u00e9tend pas que les informations sont compl\u00e8tes, factuelles et juridiquement correctes. Le processus l\u00e9gislatif peut \u00eatre complexe et sujet \u00e0 changement en raison de changements l\u00e9gislatifs nationaux, europ\u00e9ens et internationaux.<\/p>\n\n\n\n<hr class=\"wp-block-separator has-alpha-channel-opacity\"\/>\n\n\n\n<div class=\"wp-block-buttons is-layout-flex wp-block-buttons-is-layout-flex\">\n<div class=\"wp-block-button\"><a class=\"wp-block-button__link wp-element-button\" href=\"http:\/\/www.npws.ie\/media\/npws\/publications\/legaldocs\/media,4935,en.pdf\">Formulaire d'importation de l'oiseau de pr\u00e9paration (NWPS)<\/a><\/div>\n<\/div>\n<\/div>","protected":false},"excerpt":{"rendered":"<p>While falconry is legal in both jurisdictions in Ireland, it is governed by completely different sets of laws North and South. To make a start you should first contact the relevant government agency with responsibility for falconry and let them know that you are interested in becoming a falconer.&nbsp;They will advise you accordingly and inform [&hellip;]<\/p>","protected":false},"author":1,"featured_media":0,"parent":0,"menu_order":0,"comment_status":"closed","ping_status":"closed","template":"","meta":{"footnotes":""},"class_list":["post-88","page","type-page","status-publish","hentry"],"yoast_head":"<!-- This site is optimized with the Yoast SEO plugin v27.2 - https:\/\/yoast.com\/product\/yoast-seo-wordpress\/ -->\n<title>Legislation - Irish Hawking Club<\/title>\n<meta name=\"robots\" content=\"index, follow, max-snippet:-1, max-image-preview:large, max-video-preview:-1\" \/>\n<link rel=\"canonical\" href=\"https:\/\/irishhawkingclub.org\/fr\/legislation\/\" \/>\n<meta property=\"og:locale\" content=\"fr_FR\" \/>\n<meta property=\"og:type\" content=\"article\" \/>\n<meta property=\"og:title\" content=\"Legislation - Irish Hawking Club\" \/>\n<meta property=\"og:description\" content=\"While falconry is legal in both jurisdictions in Ireland, it is governed by completely different sets of laws North and South. To make a start you should first contact the relevant government agency with responsibility for falconry and let them know that you are interested in becoming a falconer.&nbsp;They will advise you accordingly and inform [&hellip;]\" \/>\n<meta property=\"og:url\" content=\"https:\/\/irishhawkingclub.org\/fr\/legislation\/\" \/>\n<meta property=\"og:site_name\" content=\"Irish Hawking Club\" \/>\n<meta property=\"article:publisher\" content=\"https:\/\/www.facebook.com\/irishhawkingclub\/\" \/>\n<meta property=\"article:modified_time\" content=\"2025-03-05T15:09:32+00:00\" \/>\n<meta property=\"og:image\" content=\"https:\/\/irishhawkingclub.org\/wp-content\/uploads\/2025\/02\/static-display-game-fairs_old_38-end-session-ihc.jpg\" \/>\n<meta name=\"twitter:card\" content=\"summary_large_image\" \/>\n<meta name=\"twitter:label1\" content=\"Dur\u00e9e de lecture estim\u00e9e\" \/>\n\t<meta name=\"twitter:data1\" content=\"2 minutes\" \/>\n<script type=\"application\/ld+json\" class=\"yoast-schema-graph\">{\"@context\":\"https:\/\/schema.org\",\"@graph\":[{\"@type\":\"WebPage\",\"@id\":\"https:\/\/irishhawkingclub.org\/legislation\/\",\"url\":\"https:\/\/irishhawkingclub.org\/legislation\/\",\"name\":\"Legislation - Irish Hawking Club\",\"isPartOf\":{\"@id\":\"https:\/\/irishhawkingclub.org\/ga\/#website\"},\"primaryImageOfPage\":{\"@id\":\"https:\/\/irishhawkingclub.org\/legislation\/#primaryimage\"},\"image\":{\"@id\":\"https:\/\/irishhawkingclub.org\/legislation\/#primaryimage\"},\"thumbnailUrl\":\"https:\/\/irishhawkingclub.org\/wp-content\/uploads\/2025\/02\/static-display-game-fairs_old_38-end-session-ihc.jpg\",\"datePublished\":\"2025-02-07T17:45:33+00:00\",\"dateModified\":\"2025-03-05T15:09:32+00:00\",\"breadcrumb\":{\"@id\":\"https:\/\/irishhawkingclub.org\/legislation\/#breadcrumb\"},\"inLanguage\":\"fr-FR\",\"potentialAction\":[{\"@type\":\"ReadAction\",\"target\":[\"https:\/\/irishhawkingclub.org\/legislation\/\"]}]},{\"@type\":\"ImageObject\",\"inLanguage\":\"fr-FR\",\"@id\":\"https:\/\/irishhawkingclub.org\/legislation\/#primaryimage\",\"url\":\"https:\/\/irishhawkingclub.org\/wp-content\/uploads\/2025\/02\/static-display-game-fairs_old_38-end-session-ihc.jpg\",\"contentUrl\":\"https:\/\/irishhawkingclub.org\/wp-content\/uploads\/2025\/02\/static-display-game-fairs_old_38-end-session-ihc.jpg\"},{\"@type\":\"BreadcrumbList\",\"@id\":\"https:\/\/irishhawkingclub.org\/legislation\/#breadcrumb\",\"itemListElement\":[{\"@type\":\"ListItem\",\"position\":1,\"name\":\"Home\",\"item\":\"https:\/\/irishhawkingclub.org\/\"},{\"@type\":\"ListItem\",\"position\":2,\"name\":\"Legislation\"}]},{\"@type\":\"WebSite\",\"@id\":\"https:\/\/irishhawkingclub.org\/ga\/#website\",\"url\":\"https:\/\/irishhawkingclub.org\/ga\/\",\"name\":\"Irish Hawking Club\",\"description\":\"Seabhaic seilge na h\u00c9ireann\",\"publisher\":{\"@id\":\"https:\/\/irishhawkingclub.org\/ga\/#organization\"},\"alternateName\":\"IHC\",\"potentialAction\":[{\"@type\":\"SearchAction\",\"target\":{\"@type\":\"EntryPoint\",\"urlTemplate\":\"https:\/\/irishhawkingclub.org\/ga\/?s={search_term_string}\"},\"query-input\":{\"@type\":\"PropertyValueSpecification\",\"valueRequired\":true,\"valueName\":\"search_term_string\"}}],\"inLanguage\":\"fr-FR\"},{\"@type\":\"Organization\",\"@id\":\"https:\/\/irishhawkingclub.org\/ga\/#organization\",\"name\":\"Irish Hawking Club\",\"alternateName\":\"IHC\",\"url\":\"https:\/\/irishhawkingclub.org\/ga\/\",\"logo\":{\"@type\":\"ImageObject\",\"inLanguage\":\"fr-FR\",\"@id\":\"https:\/\/irishhawkingclub.org\/ga\/#\/schema\/logo\/image\/\",\"url\":\"https:\/\/irishhawkingclub.org\/wp-content\/uploads\/2025\/02\/IHC-Logo.jpg\",\"contentUrl\":\"https:\/\/irishhawkingclub.org\/wp-content\/uploads\/2025\/02\/IHC-Logo.jpg\",\"width\":1160,\"height\":1420,\"caption\":\"Irish Hawking Club\"},\"image\":{\"@id\":\"https:\/\/irishhawkingclub.org\/ga\/#\/schema\/logo\/image\/\"},\"sameAs\":[\"https:\/\/www.facebook.com\/irishhawkingclub\/\"]}]}<\/script>\n<!-- \/ Yoast SEO plugin. -->","yoast_head_json":{"title":"Legislation - Irish Hawking Club","robots":{"index":"index","follow":"follow","max-snippet":"max-snippet:-1","max-image-preview":"max-image-preview:large","max-video-preview":"max-video-preview:-1"},"canonical":"https:\/\/irishhawkingclub.org\/fr\/legislation\/","og_locale":"fr_FR","og_type":"article","og_title":"Legislation - Irish Hawking Club","og_description":"While falconry is legal in both jurisdictions in Ireland, it is governed by completely different sets of laws North and South. To make a start you should first contact the relevant government agency with responsibility for falconry and let them know that you are interested in becoming a falconer.&nbsp;They will advise you accordingly and inform [&hellip;]","og_url":"https:\/\/irishhawkingclub.org\/fr\/legislation\/","og_site_name":"Irish Hawking Club","article_publisher":"https:\/\/www.facebook.com\/irishhawkingclub\/","article_modified_time":"2025-03-05T15:09:32+00:00","og_image":[{"url":"https:\/\/irishhawkingclub.org\/wp-content\/uploads\/2025\/02\/static-display-game-fairs_old_38-end-session-ihc.jpg","type":"","width":"","height":""}],"twitter_card":"summary_large_image","twitter_misc":{"Dur\u00e9e de lecture estim\u00e9e":"2 minutes"},"schema":{"@context":"https:\/\/schema.org","@graph":[{"@type":"WebPage","@id":"https:\/\/irishhawkingclub.org\/legislation\/","url":"https:\/\/irishhawkingclub.org\/legislation\/","name":"Legislation - Irish Hawking Club","isPartOf":{"@id":"https:\/\/irishhawkingclub.org\/ga\/#website"},"primaryImageOfPage":{"@id":"https:\/\/irishhawkingclub.org\/legislation\/#primaryimage"},"image":{"@id":"https:\/\/irishhawkingclub.org\/legislation\/#primaryimage"},"thumbnailUrl":"https:\/\/irishhawkingclub.org\/wp-content\/uploads\/2025\/02\/static-display-game-fairs_old_38-end-session-ihc.jpg","datePublished":"2025-02-07T17:45:33+00:00","dateModified":"2025-03-05T15:09:32+00:00","breadcrumb":{"@id":"https:\/\/irishhawkingclub.org\/legislation\/#breadcrumb"},"inLanguage":"fr-FR","potentialAction":[{"@type":"ReadAction","target":["https:\/\/irishhawkingclub.org\/legislation\/"]}]},{"@type":"ImageObject","inLanguage":"fr-FR","@id":"https:\/\/irishhawkingclub.org\/legislation\/#primaryimage","url":"https:\/\/irishhawkingclub.org\/wp-content\/uploads\/2025\/02\/static-display-game-fairs_old_38-end-session-ihc.jpg","contentUrl":"https:\/\/irishhawkingclub.org\/wp-content\/uploads\/2025\/02\/static-display-game-fairs_old_38-end-session-ihc.jpg"},{"@type":"BreadcrumbList","@id":"https:\/\/irishhawkingclub.org\/legislation\/#breadcrumb","itemListElement":[{"@type":"ListItem","position":1,"name":"Home","item":"https:\/\/irishhawkingclub.org\/"},{"@type":"ListItem","position":2,"name":"Legislation"}]},{"@type":"WebSite","@id":"https:\/\/irishhawkingclub.org\/ga\/#website","url":"https:\/\/irishhawkingclub.org\/ga\/","name":"Irish Hawking Club","description":"Seabhaic seilge na h\u00c9ireann","publisher":{"@id":"https:\/\/irishhawkingclub.org\/ga\/#organization"},"alternateName":"IHC","potentialAction":[{"@type":"SearchAction","target":{"@type":"EntryPoint","urlTemplate":"https:\/\/irishhawkingclub.org\/ga\/?s={search_term_string}"},"query-input":{"@type":"PropertyValueSpecification","valueRequired":true,"valueName":"search_term_string"}}],"inLanguage":"fr-FR"},{"@type":"Organization","@id":"https:\/\/irishhawkingclub.org\/ga\/#organization","name":"Irish Hawking Club","alternateName":"IHC","url":"https:\/\/irishhawkingclub.org\/ga\/","logo":{"@type":"ImageObject","inLanguage":"fr-FR","@id":"https:\/\/irishhawkingclub.org\/ga\/#\/schema\/logo\/image\/","url":"https:\/\/irishhawkingclub.org\/wp-content\/uploads\/2025\/02\/IHC-Logo.jpg","contentUrl":"https:\/\/irishhawkingclub.org\/wp-content\/uploads\/2025\/02\/IHC-Logo.jpg","width":1160,"height":1420,"caption":"Irish Hawking Club"},"image":{"@id":"https:\/\/irishhawkingclub.org\/ga\/#\/schema\/logo\/image\/"},"sameAs":["https:\/\/www.facebook.com\/irishhawkingclub\/"]}]}},"jetpack_sharing_enabled":true,"_links":{"self":[{"href":"https:\/\/irishhawkingclub.org\/fr\/wp-json\/wp\/v2\/pages\/88","targetHints":{"allow":["GET"]}}],"collection":[{"href":"https:\/\/irishhawkingclub.org\/fr\/wp-json\/wp\/v2\/pages"}],"about":[{"href":"https:\/\/irishhawkingclub.org\/fr\/wp-json\/wp\/v2\/types\/page"}],"author":[{"embeddable":true,"href":"https:\/\/irishhawkingclub.org\/fr\/wp-json\/wp\/v2\/users\/1"}],"replies":[{"embeddable":true,"href":"https:\/\/irishhawkingclub.org\/fr\/wp-json\/wp\/v2\/comments?post=88"}],"version-history":[{"count":6,"href":"https:\/\/irishhawkingclub.org\/fr\/wp-json\/wp\/v2\/pages\/88\/revisions"}],"predecessor-version":[{"id":473,"href":"https:\/\/irishhawkingclub.org\/fr\/wp-json\/wp\/v2\/pages\/88\/revisions\/473"}],"wp:attachment":[{"href":"https:\/\/irishhawkingclub.org\/fr\/wp-json\/wp\/v2\/media?parent=88"}],"curies":[{"name":"wp","href":"https:\/\/api.w.org\/{rel}","templated":true}]}}