{"id":82,"date":"2025-02-07T17:33:28","date_gmt":"2025-02-07T17:33:28","guid":{"rendered":"https:\/\/irishhawkingclub.org\/?page_id=82"},"modified":"2025-03-05T15:07:32","modified_gmt":"2025-03-05T15:07:32","slug":"beginners","status":"publish","type":"page","link":"https:\/\/irishhawkingclub.org\/fr\/beginners\/","title":{"rendered":"D\u00e9butants"},"content":{"rendered":"<div class=\"wp-block-group alignfull has-background-background-color has-background has-global-padding is-layout-constrained wp-container-core-group-is-layout-864ebe9b wp-block-group-is-layout-constrained\" style=\"margin-top:0;margin-bottom:0;padding-top:0;padding-right:0;padding-bottom:0;padding-left:0\">\n<div class=\"wp-block-cover alignfull extendify-image-import\" style=\"padding-top:0;padding-right:var(--wp--preset--spacing--30);padding-bottom:0;padding-left:var(--wp--preset--spacing--30);min-height:50px;aspect-ratio:unset;\"><span aria-hidden=\"true\" class=\"wp-block-cover__background has-black-background-color has-background-dim-40 has-background-dim\"><\/span><img loading=\"lazy\" decoding=\"async\" width=\"2560\" height=\"1440\" class=\"wp-block-cover__image-background wp-image-324\" alt=\"\" src=\"https:\/\/irishhawkingclub.org\/wp-content\/uploads\/2025\/03\/20241116_120131_Brendan_Lally_Sneem_IHC_meet_2024-e-ryan.jpg\" data-object-fit=\"cover\" srcset=\"https:\/\/irishhawkingclub.org\/wp-content\/uploads\/2025\/03\/20241116_120131_Brendan_Lally_Sneem_IHC_meet_2024-e-ryan.jpg 2560w, https:\/\/irishhawkingclub.org\/wp-content\/uploads\/2025\/03\/20241116_120131_Brendan_Lally_Sneem_IHC_meet_2024-e-ryan-300x169.jpg 300w, https:\/\/irishhawkingclub.org\/wp-content\/uploads\/2025\/03\/20241116_120131_Brendan_Lally_Sneem_IHC_meet_2024-e-ryan-1024x576.jpg 1024w, https:\/\/irishhawkingclub.org\/wp-content\/uploads\/2025\/03\/20241116_120131_Brendan_Lally_Sneem_IHC_meet_2024-e-ryan-768x432.jpg 768w, https:\/\/irishhawkingclub.org\/wp-content\/uploads\/2025\/03\/20241116_120131_Brendan_Lally_Sneem_IHC_meet_2024-e-ryan-1536x864.jpg 1536w, https:\/\/irishhawkingclub.org\/wp-content\/uploads\/2025\/03\/20241116_120131_Brendan_Lally_Sneem_IHC_meet_2024-e-ryan-2048x1152.jpg 2048w\" sizes=\"auto, (max-width: 2560px) 100vw, 2560px\" \/><div class=\"wp-block-cover__inner-container is-layout-flow wp-block-cover-is-layout-flow\">\n<div class=\"wp-block-group has-global-padding is-layout-constrained wp-block-group-is-layout-constrained\" style=\"padding-top:var(--wp--preset--spacing--60);padding-bottom:var(--wp--preset--spacing--60)\">\n<div class=\"wp-block-columns alignwide are-vertically-aligned-center is-layout-flex wp-container-core-columns-is-layout-947c9d80 wp-block-columns-is-layout-flex\">\n<div class=\"wp-block-column is-vertically-aligned-center is-layout-flow wp-block-column-is-layout-flow\">\n<h1 class=\"wp-block-heading has-text-color has-x-large-font-size\" style=\"color:#fffffffc\">Commencer<\/h1>\n<\/div>\n\n\n\n<div class=\"wp-block-column is-vertically-aligned-center is-layout-flow wp-block-column-is-layout-flow\">\n<p class=\"has-text-color\" style=\"color:#fffffffc\">Explorez la tradition de la fauconnerie avec l'Irish Hawking Club. Joignez-vous \u00e0 nous pour pr\u00e9server ce patrimoine. Votre aventure commence ici.<\/p>\n<\/div>\n<\/div>\n<\/div>\n<\/div><\/div>\n<\/div>\n\n\n\n<div class=\"wp-block-group alignfull has-tertiary-background-color has-background has-global-padding is-layout-constrained wp-container-core-group-is-layout-7276a2bb wp-block-group-is-layout-constrained\" id=\"faq\" style=\"margin-top:0;margin-bottom:0;padding-top:var(--wp--preset--spacing--60);padding-right:var(--wp--preset--spacing--30);padding-bottom:var(--wp--preset--spacing--60);padding-left:var(--wp--preset--spacing--30)\">\n<div class=\"wp-block-group has-global-padding is-layout-constrained wp-block-group-is-layout-constrained\" style=\"border-bottom-color:var(--wp--preset--color--tertiary);border-bottom-width:1px;margin-top:0;padding-top:var(--wp--preset--spacing--30);padding-bottom:var(--wp--preset--spacing--30)\">\n<h6 class=\"wp-block-heading has-text-align-left has-medium-font-size\">Cat\u00e9gorie: Fauconnerie en Irlande<\/h6>\n\n\n\n<p class=\"has-small-font-size\" style=\"margin-top:12px\">La fauconnerie est l\u00e9gale dans les deux juridictions en Irlande, mais un ensemble compl\u00e8tement diff\u00e9rent de lois et de restrictions s'appliquent.<\/p>\n\n\n\n<p>Pour commencer, vous devez d'abord contacter l'organisme gouvernemental responsable de la fauconnerie et lui dire que vous \u00eates int\u00e9ress\u00e9 \u00e0 devenir fauconnier. <a href=\"https:\/\/irishhawkingclub.org\/fr\/legislation\/\" title=\"L\u00e9gislation\">L\u00e9gislation <\/a>Section).&nbsp;&nbsp;<\/p>\n\n\n\n<p>Vous devez bien comprendre tous ces r\u00e8glements avant d'aller plus loin. Vous devriez essayer de contacter un fauconnier vivant dans votre r\u00e9gion qui est pr\u00eat \u00e0 vous aider \u2013 le CSI essaiera de vous aider. M\u00eame les fauconniers exp\u00e9riment\u00e9s appr\u00e9cient l\u2019aide d\u2019autres fauconniers \u2013 les d\u00e9butants ont avant tout besoin de cette aide.<\/p>\n\n\n\n<figure class=\"wp-block-image size-full\"><img loading=\"lazy\" decoding=\"async\" width=\"960\" height=\"640\" src=\"https:\/\/irishhawkingclub.org\/wp-content\/uploads\/2025\/03\/ger_orig.jpg\" alt=\"\" class=\"wp-image-343\" srcset=\"https:\/\/irishhawkingclub.org\/wp-content\/uploads\/2025\/03\/ger_orig.jpg 960w, https:\/\/irishhawkingclub.org\/wp-content\/uploads\/2025\/03\/ger_orig-300x200.jpg 300w, https:\/\/irishhawkingclub.org\/wp-content\/uploads\/2025\/03\/ger_orig-768x512.jpg 768w\" sizes=\"auto, (max-width: 960px) 100vw, 960px\" \/><\/figure>\n\n\n\n<p>Les d\u00e9butants devraient lire abondamment sur la fauconnerie. Apprenez des erreurs des autres, pas seulement les v\u00f4tres. Allez sur le terrain \u00e0 la chasse avec votre fauconnier exp\u00e9riment\u00e9. Consacrez au moins un an \u00e0 l'observation et \u00e0 la lecture seulement. Si vous \u00eates toujours convaincu que vous voulez devenir fauconnier, passez par la phase finale et demandez les licences pertinentes, construisez vos mews et votre zone d'alt\u00e9ration, et acqu\u00e9rez de l'\u00e9quipement avec soin et avant d'acqu\u00e9rir un faucon.<\/p>\n\n\n\n<figure class=\"wp-block-image size-full\"><img loading=\"lazy\" decoding=\"async\" width=\"960\" height=\"640\" src=\"https:\/\/irishhawkingclub.org\/wp-content\/uploads\/2025\/03\/img-0134_orig.jpg\" alt=\"\" class=\"wp-image-356\" srcset=\"https:\/\/irishhawkingclub.org\/wp-content\/uploads\/2025\/03\/img-0134_orig.jpg 960w, https:\/\/irishhawkingclub.org\/wp-content\/uploads\/2025\/03\/img-0134_orig-300x200.jpg 300w, https:\/\/irishhawkingclub.org\/wp-content\/uploads\/2025\/03\/img-0134_orig-768x512.jpg 768w\" sizes=\"auto, (max-width: 960px) 100vw, 960px\" \/><\/figure>\n\n\n\n<p>On a dit que la fauconnerie est un sport pour les tr\u00e8s riches ou les ch\u00f4meurs!\u00a0 Le point cl\u00e9 ici est qu'il faut beaucoup de temps.\u00a0Pour que tout fauconnier rende justice \u00e0 son oiseau, il doit pouvoir consacrer beaucoup de temps \u00e0 l'entra\u00eenement, au vol et \u00e0 la chasse de son oiseau.\u00a0 Si vous n'avez pas le temps, vous risquez de g\u00e2ter votre oiseau de proie.\u00a0 Vous pouvez toujours profiter de la fauconnerie en tant que spectateur et membre de l'Irish Hawking Club.<\/p>\n\n\n\n<figure class=\"wp-block-image size-full\"><img loading=\"lazy\" decoding=\"async\" width=\"533\" height=\"800\" src=\"https:\/\/irishhawkingclub.org\/wp-content\/uploads\/2025\/02\/static-display-game-fairs_old_36-harris-fist-chick.jpg\" alt=\"\" class=\"wp-image-189\" srcset=\"https:\/\/irishhawkingclub.org\/wp-content\/uploads\/2025\/02\/static-display-game-fairs_old_36-harris-fist-chick.jpg 533w, https:\/\/irishhawkingclub.org\/wp-content\/uploads\/2025\/02\/static-display-game-fairs_old_36-harris-fist-chick-200x300.jpg 200w\" sizes=\"auto, (max-width: 533px) 100vw, 533px\" \/><\/figure>\n\n\n\n<p>Les personnes qui ont l'intention de garder un faucon ou un faucon comme animal de compagnie devraient \u00eatre d\u00e9courag\u00e9es de prendre la fauconnerie.\u00a0La chasse est importante pour le bien-\u00eatre physique et mental de l'oiseau.\u00a0Pour chasser avec un oiseau de proie, il faut s'assurer qu'il a un acc\u00e8s ad\u00e9quat \u00e0 des terres de chasse convenables, avec un nombre suffisant d'esp\u00e8ces de carri\u00e8res (c.-\u00e0-d. lapins, corbeaux, etc.).\u00a0 Chaque esp\u00e8ce d'oiseau de proie a \u00e9volu\u00e9 et est finement r\u00e9gl\u00e9e, au cours de milliers d'ann\u00e9es, pour poursuivre diff\u00e9rents types d'esp\u00e8ces de proies \u00e0 travers une vari\u00e9t\u00e9 de styles de chasse et de vol.\u00a0 Par cons\u00e9quent, une appr\u00e9ciation de l'habitat naturel et du comportement des oiseaux de proie sauvages fournit une bonne base.<\/p>\n<\/div>\n<\/div>\n\n\n\n<div class=\"wp-block-group alignfull has-background-background-color has-background has-global-padding is-layout-constrained wp-container-core-group-is-layout-7276a2bb wp-block-group-is-layout-constrained\" id=\"about\" style=\"margin-top:0;margin-bottom:0;padding-top:var(--wp--preset--spacing--60);padding-right:var(--wp--preset--spacing--30);padding-bottom:var(--wp--preset--spacing--60);padding-left:var(--wp--preset--spacing--30)\">\n<h5 class=\"wp-block-heading has-text-align-wide\">AVANT DE FAIRE UN BIRD, VOUS DEVEZ<\/h5>\n\n\n\n<ul class=\"wp-block-list\">\n<li>avoir lu un certain nombre de livres sur la fauconnerie;<\/li>\n\n\n\n<li>conna\u00eetre la l\u00e9gislation pertinente dans votre juridiction;<\/li>\n\n\n\n<li>avoir soigneusement examin\u00e9 les terres\/habitats dont vous disposez pour chasser (avec l'autorisation appropri\u00e9e des propri\u00e9taires fonciers, des clubs d'armes \u00e0 feu, etc., en plus d'installations de transport ad\u00e9quates);<\/li>\n\n\n\n<li>avoir parl\u00e9 \u00e0 un certain nombre de fauconniers (afin que vous soyez bien inform\u00e9 et que vous puissiez apprendre des erreurs des autres), et id\u00e9alement avoir \u00e9t\u00e9 t\u00e9moin de fauconnerie sur le terrain (par le biais du club, vous d\u00e9velopperez des contacts et pourrez assister \u00e0 des r\u00e9unions sur le terrain)<\/li>\n\n\n\n<li>Vous pourriez \u00e9galement envisager d'entreprendre un cours d'introduction \u00e0 la fauconnerie dans un centre \u00e9tabli d'oiseaux de proie ou de fauconnerie (ceci peut \u00eatre particuli\u00e8rement conseill\u00e9 aux d\u00e9butants qui ne vivent pas pr\u00e8s d'un fauconnier et d'un mentor \u00e9tablis).<\/li>\n<\/ul>\n\n\n\n<p>Ensuite, vous pouvez penser \u00e0 quelle esp\u00e8ce d'oiseau obtenir.<\/p>\n\n\n\n<figure class=\"wp-block-table\"><table class=\"has-fixed-layout\"><tbody><tr><td><strong>Faucon de Kestrel<\/strong><\/td><td><strong>Faucon p\u00e8lerin<\/strong><\/td><td><strong>Faucon de Harris<\/strong><\/td><\/tr><tr><td><img loading=\"lazy\" decoding=\"async\" width=\"150\" height=\"157\" class=\"wp-image-154\" style=\"width: 150px;\" src=\"https:\/\/irishhawkingclub.org\/wp-content\/uploads\/2025\/02\/our-birds_16-kestrel-wood.jpg\" alt=\"\" srcset=\"https:\/\/irishhawkingclub.org\/wp-content\/uploads\/2025\/02\/our-birds_16-kestrel-wood.jpg 750w, https:\/\/irishhawkingclub.org\/wp-content\/uploads\/2025\/02\/our-birds_16-kestrel-wood-287x300.jpg 287w\" sizes=\"auto, (max-width: 150px) 100vw, 150px\" \/><\/td><td><img loading=\"lazy\" decoding=\"async\" width=\"150\" height=\"91\" class=\"wp-image-361\" style=\"width: 150px;\" src=\"https:\/\/irishhawkingclub.org\/wp-content\/uploads\/2025\/03\/ladyb_orig.jpg\" alt=\"\" srcset=\"https:\/\/irishhawkingclub.org\/wp-content\/uploads\/2025\/03\/ladyb_orig.jpg 1100w, https:\/\/irishhawkingclub.org\/wp-content\/uploads\/2025\/03\/ladyb_orig-300x183.jpg 300w, https:\/\/irishhawkingclub.org\/wp-content\/uploads\/2025\/03\/ladyb_orig-1024x624.jpg 1024w, https:\/\/irishhawkingclub.org\/wp-content\/uploads\/2025\/03\/ladyb_orig-768x468.jpg 768w\" sizes=\"auto, (max-width: 150px) 100vw, 150px\" \/><\/td><td><img loading=\"lazy\" decoding=\"async\" width=\"150\" height=\"200\" class=\"wp-image-174\" style=\"width: 150px;\" src=\"https:\/\/irishhawkingclub.org\/wp-content\/uploads\/2025\/02\/field_meets_10_harris_fist.jpg\" alt=\"Harris Hawk\" srcset=\"https:\/\/irishhawkingclub.org\/wp-content\/uploads\/2025\/02\/field_meets_10_harris_fist.jpg 600w, https:\/\/irishhawkingclub.org\/wp-content\/uploads\/2025\/02\/field_meets_10_harris_fist-225x300.jpg 225w\" sizes=\"auto, (max-width: 150px) 100vw, 150px\" \/><\/td><\/tr><\/tbody><\/table><\/figure>\n\n\n\n<p>Toutefois, avant d\u2019obtenir un oiseau, vous devez vous assurer:<\/p>\n\n\n\n<ul class=\"wp-block-list\">\n<li>Poss\u00e9der suffisamment d\u2019\u00e9quipements de fauconnerie \u2013 perchoirs, gants, pivots, chevilles, jesses, cloches, etc. et id\u00e9alement <a href=\"https:\/\/en.wikipedia.org\/wiki\/Wildlife_radio_telemetry\" title=\"\">t\u00e9l\u00e9m\u00e9trie <\/a>(tous les fauconniers qui volent des oiseaux de proie non indig\u00e8nes ou des hybrides devraient avoir un \u00e9metteur et un r\u00e9cepteur; vous devez \u00e9galement savoir comment fabriquer des \u00e9quipements de fauconnerie traditionnels standard et donc avoir du cuir, des outils et des \u00e9quipements appropri\u00e9s tels que des poin\u00e7ons, des oeillets, etc.)<\/li>\n\n\n\n<li>Disposer d'installations ad\u00e9quates pour maintenir un <a href=\"https:\/\/en.wikipedia.org\/wiki\/Hawk\" title=\"\">faucon <\/a>ou <a href=\"https:\/\/en.wikipedia.org\/wiki\/Falcon\" title=\"\">faucon <\/a>(aviaire\/<a href=\"https:\/\/en.wikipedia.org\/wiki\/Mews_(falconry)\" title=\"\">mews <\/a>de taille g\u00e9n\u00e9reuse avec des installations d'alt\u00e9ration appropri\u00e9es; cong\u00e9lateur pour le stockage des aliments, trousse de premiers soins);<\/li>\n\n\n\n<li>L'assurance est \u00e9galement recommand\u00e9e (disponible \u00e0 un tarif r\u00e9duit aupr\u00e8s de l'IHC)<\/li>\n<\/ul>\n\n\n\n<p class=\"has-text-align-wide\">L\u2019IHC a produit un d\u00e9pliant pour d\u00e9butant et des conseils sur l\u2019h\u00e9bergement des oiseaux de proie, qui peuvent \u00eatre mis \u00e0 disposition sur demande du tr\u00e9sorier lors de la pr\u00e9sentation de votre demande d\u2019adh\u00e9sion.<\/p>\n<\/div>","protected":false},"excerpt":{"rendered":"<p>Falconry in Ireland Falconry is legal in both jurisdictions in Ireland, but a&nbsp;completely different set of laws and restrictions apply. To make a start you should first contact the government agency with responsibility for falconry and tell them that you are interested in becoming a falconer (Refer to Legislation Section).&nbsp;&nbsp; You must understand all of [&hellip;]<\/p>","protected":false},"author":1,"featured_media":0,"parent":0,"menu_order":0,"comment_status":"closed","ping_status":"closed","template":"","meta":{"footnotes":""},"class_list":["post-82","page","type-page","status-publish","hentry"],"yoast_head":"<!-- This site is optimized with the Yoast SEO plugin v27.4 - https:\/\/yoast.com\/product\/yoast-seo-wordpress\/ -->\n<title>Beginners - Irish Hawking Club<\/title>\n<meta name=\"robots\" content=\"index, follow, max-snippet:-1, max-image-preview:large, max-video-preview:-1\" \/>\n<link rel=\"canonical\" href=\"https:\/\/irishhawkingclub.org\/fr\/beginners\/\" \/>\n<meta property=\"og:locale\" content=\"fr_FR\" \/>\n<meta property=\"og:type\" content=\"article\" \/>\n<meta property=\"og:title\" content=\"Beginners - Irish Hawking Club\" \/>\n<meta property=\"og:description\" content=\"Falconry in Ireland Falconry is legal in both jurisdictions in Ireland, but a&nbsp;completely different set of laws and restrictions apply. To make a start you should first contact the government agency with responsibility for falconry and tell them that you are interested in becoming a falconer (Refer to Legislation Section).&nbsp;&nbsp; You must understand all of [&hellip;]\" \/>\n<meta property=\"og:url\" content=\"https:\/\/irishhawkingclub.org\/fr\/beginners\/\" \/>\n<meta property=\"og:site_name\" content=\"Irish Hawking Club\" \/>\n<meta property=\"article:publisher\" content=\"https:\/\/www.facebook.com\/irishhawkingclub\/\" \/>\n<meta property=\"article:modified_time\" content=\"2025-03-05T15:07:32+00:00\" \/>\n<meta property=\"og:image\" content=\"https:\/\/irishhawkingclub.org\/wp-content\/uploads\/2025\/03\/20241116_120131_Brendan_Lally_Sneem_IHC_meet_2024-e-ryan.jpg\" \/>\n<meta name=\"twitter:card\" content=\"summary_large_image\" \/>\n<meta name=\"twitter:label1\" content=\"Dur\u00e9e de lecture estim\u00e9e\" \/>\n\t<meta name=\"twitter:data1\" content=\"3 minutes\" \/>\n<script type=\"application\/ld+json\" class=\"yoast-schema-graph\">{\"@context\":\"https:\\\/\\\/schema.org\",\"@graph\":[{\"@type\":\"WebPage\",\"@id\":\"https:\\\/\\\/irishhawkingclub.org\\\/beginners\\\/\",\"url\":\"https:\\\/\\\/irishhawkingclub.org\\\/beginners\\\/\",\"name\":\"Beginners - Irish Hawking Club\",\"isPartOf\":{\"@id\":\"https:\\\/\\\/irishhawkingclub.org\\\/fr\\\/#website\"},\"primaryImageOfPage\":{\"@id\":\"https:\\\/\\\/irishhawkingclub.org\\\/beginners\\\/#primaryimage\"},\"image\":{\"@id\":\"https:\\\/\\\/irishhawkingclub.org\\\/beginners\\\/#primaryimage\"},\"thumbnailUrl\":\"https:\\\/\\\/irishhawkingclub.org\\\/wp-content\\\/uploads\\\/2025\\\/03\\\/20241116_120131_Brendan_Lally_Sneem_IHC_meet_2024-e-ryan.jpg\",\"datePublished\":\"2025-02-07T17:33:28+00:00\",\"dateModified\":\"2025-03-05T15:07:32+00:00\",\"breadcrumb\":{\"@id\":\"https:\\\/\\\/irishhawkingclub.org\\\/beginners\\\/#breadcrumb\"},\"inLanguage\":\"fr-FR\",\"potentialAction\":[{\"@type\":\"ReadAction\",\"target\":[\"https:\\\/\\\/irishhawkingclub.org\\\/beginners\\\/\"]}]},{\"@type\":\"ImageObject\",\"inLanguage\":\"fr-FR\",\"@id\":\"https:\\\/\\\/irishhawkingclub.org\\\/beginners\\\/#primaryimage\",\"url\":\"https:\\\/\\\/irishhawkingclub.org\\\/wp-content\\\/uploads\\\/2025\\\/03\\\/20241116_120131_Brendan_Lally_Sneem_IHC_meet_2024-e-ryan.jpg\",\"contentUrl\":\"https:\\\/\\\/irishhawkingclub.org\\\/wp-content\\\/uploads\\\/2025\\\/03\\\/20241116_120131_Brendan_Lally_Sneem_IHC_meet_2024-e-ryan.jpg\"},{\"@type\":\"BreadcrumbList\",\"@id\":\"https:\\\/\\\/irishhawkingclub.org\\\/beginners\\\/#breadcrumb\",\"itemListElement\":[{\"@type\":\"ListItem\",\"position\":1,\"name\":\"Home\",\"item\":\"https:\\\/\\\/irishhawkingclub.org\\\/\"},{\"@type\":\"ListItem\",\"position\":2,\"name\":\"Beginners\"}]},{\"@type\":\"WebSite\",\"@id\":\"https:\\\/\\\/irishhawkingclub.org\\\/fr\\\/#website\",\"url\":\"https:\\\/\\\/irishhawkingclub.org\\\/fr\\\/\",\"name\":\"Irish Hawking Club\",\"description\":\"Seabhaic seilge na h\u00c9ireann\",\"publisher\":{\"@id\":\"https:\\\/\\\/irishhawkingclub.org\\\/fr\\\/#organization\"},\"alternateName\":\"IHC\",\"potentialAction\":[{\"@type\":\"SearchAction\",\"target\":{\"@type\":\"EntryPoint\",\"urlTemplate\":\"https:\\\/\\\/irishhawkingclub.org\\\/fr\\\/?s={search_term_string}\"},\"query-input\":{\"@type\":\"PropertyValueSpecification\",\"valueRequired\":true,\"valueName\":\"search_term_string\"}}],\"inLanguage\":\"fr-FR\"},{\"@type\":\"Organization\",\"@id\":\"https:\\\/\\\/irishhawkingclub.org\\\/fr\\\/#organization\",\"name\":\"Irish Hawking Club\",\"alternateName\":\"IHC\",\"url\":\"https:\\\/\\\/irishhawkingclub.org\\\/fr\\\/\",\"logo\":{\"@type\":\"ImageObject\",\"inLanguage\":\"fr-FR\",\"@id\":\"https:\\\/\\\/irishhawkingclub.org\\\/fr\\\/#\\\/schema\\\/logo\\\/image\\\/\",\"url\":\"https:\\\/\\\/irishhawkingclub.org\\\/wp-content\\\/uploads\\\/2025\\\/02\\\/IHC-Logo.jpg\",\"contentUrl\":\"https:\\\/\\\/irishhawkingclub.org\\\/wp-content\\\/uploads\\\/2025\\\/02\\\/IHC-Logo.jpg\",\"width\":1160,\"height\":1420,\"caption\":\"Irish Hawking Club\"},\"image\":{\"@id\":\"https:\\\/\\\/irishhawkingclub.org\\\/fr\\\/#\\\/schema\\\/logo\\\/image\\\/\"},\"sameAs\":[\"https:\\\/\\\/www.facebook.com\\\/irishhawkingclub\\\/\"]}]}<\/script>\n<!-- \/ Yoast SEO plugin. -->","yoast_head_json":{"title":"Beginners - Irish Hawking Club","robots":{"index":"index","follow":"follow","max-snippet":"max-snippet:-1","max-image-preview":"max-image-preview:large","max-video-preview":"max-video-preview:-1"},"canonical":"https:\/\/irishhawkingclub.org\/fr\/beginners\/","og_locale":"fr_FR","og_type":"article","og_title":"Beginners - Irish Hawking Club","og_description":"Falconry in Ireland Falconry is legal in both jurisdictions in Ireland, but a&nbsp;completely different set of laws and restrictions apply. To make a start you should first contact the government agency with responsibility for falconry and tell them that you are interested in becoming a falconer (Refer to Legislation Section).&nbsp;&nbsp; You must understand all of [&hellip;]","og_url":"https:\/\/irishhawkingclub.org\/fr\/beginners\/","og_site_name":"Irish Hawking Club","article_publisher":"https:\/\/www.facebook.com\/irishhawkingclub\/","article_modified_time":"2025-03-05T15:07:32+00:00","og_image":[{"url":"https:\/\/irishhawkingclub.org\/wp-content\/uploads\/2025\/03\/20241116_120131_Brendan_Lally_Sneem_IHC_meet_2024-e-ryan.jpg","type":"","width":"","height":""}],"twitter_card":"summary_large_image","twitter_misc":{"Dur\u00e9e de lecture estim\u00e9e":"3 minutes"},"schema":{"@context":"https:\/\/schema.org","@graph":[{"@type":"WebPage","@id":"https:\/\/irishhawkingclub.org\/beginners\/","url":"https:\/\/irishhawkingclub.org\/beginners\/","name":"Beginners - Irish Hawking Club","isPartOf":{"@id":"https:\/\/irishhawkingclub.org\/fr\/#website"},"primaryImageOfPage":{"@id":"https:\/\/irishhawkingclub.org\/beginners\/#primaryimage"},"image":{"@id":"https:\/\/irishhawkingclub.org\/beginners\/#primaryimage"},"thumbnailUrl":"https:\/\/irishhawkingclub.org\/wp-content\/uploads\/2025\/03\/20241116_120131_Brendan_Lally_Sneem_IHC_meet_2024-e-ryan.jpg","datePublished":"2025-02-07T17:33:28+00:00","dateModified":"2025-03-05T15:07:32+00:00","breadcrumb":{"@id":"https:\/\/irishhawkingclub.org\/beginners\/#breadcrumb"},"inLanguage":"fr-FR","potentialAction":[{"@type":"ReadAction","target":["https:\/\/irishhawkingclub.org\/beginners\/"]}]},{"@type":"ImageObject","inLanguage":"fr-FR","@id":"https:\/\/irishhawkingclub.org\/beginners\/#primaryimage","url":"https:\/\/irishhawkingclub.org\/wp-content\/uploads\/2025\/03\/20241116_120131_Brendan_Lally_Sneem_IHC_meet_2024-e-ryan.jpg","contentUrl":"https:\/\/irishhawkingclub.org\/wp-content\/uploads\/2025\/03\/20241116_120131_Brendan_Lally_Sneem_IHC_meet_2024-e-ryan.jpg"},{"@type":"BreadcrumbList","@id":"https:\/\/irishhawkingclub.org\/beginners\/#breadcrumb","itemListElement":[{"@type":"ListItem","position":1,"name":"Home","item":"https:\/\/irishhawkingclub.org\/"},{"@type":"ListItem","position":2,"name":"Beginners"}]},{"@type":"WebSite","@id":"https:\/\/irishhawkingclub.org\/fr\/#website","url":"https:\/\/irishhawkingclub.org\/fr\/","name":"Irish Hawking Club","description":"Seabhaic seilge na h\u00c9ireann","publisher":{"@id":"https:\/\/irishhawkingclub.org\/fr\/#organization"},"alternateName":"IHC","potentialAction":[{"@type":"SearchAction","target":{"@type":"EntryPoint","urlTemplate":"https:\/\/irishhawkingclub.org\/fr\/?s={search_term_string}"},"query-input":{"@type":"PropertyValueSpecification","valueRequired":true,"valueName":"search_term_string"}}],"inLanguage":"fr-FR"},{"@type":"Organization","@id":"https:\/\/irishhawkingclub.org\/fr\/#organization","name":"Irish Hawking Club","alternateName":"IHC","url":"https:\/\/irishhawkingclub.org\/fr\/","logo":{"@type":"ImageObject","inLanguage":"fr-FR","@id":"https:\/\/irishhawkingclub.org\/fr\/#\/schema\/logo\/image\/","url":"https:\/\/irishhawkingclub.org\/wp-content\/uploads\/2025\/02\/IHC-Logo.jpg","contentUrl":"https:\/\/irishhawkingclub.org\/wp-content\/uploads\/2025\/02\/IHC-Logo.jpg","width":1160,"height":1420,"caption":"Irish Hawking Club"},"image":{"@id":"https:\/\/irishhawkingclub.org\/fr\/#\/schema\/logo\/image\/"},"sameAs":["https:\/\/www.facebook.com\/irishhawkingclub\/"]}]}},"jetpack_sharing_enabled":true,"_links":{"self":[{"href":"https:\/\/irishhawkingclub.org\/fr\/wp-json\/wp\/v2\/pages\/82","targetHints":{"allow":["GET"]}}],"collection":[{"href":"https:\/\/irishhawkingclub.org\/fr\/wp-json\/wp\/v2\/pages"}],"about":[{"href":"https:\/\/irishhawkingclub.org\/fr\/wp-json\/wp\/v2\/types\/page"}],"author":[{"embeddable":true,"href":"https:\/\/irishhawkingclub.org\/fr\/wp-json\/wp\/v2\/users\/1"}],"replies":[{"embeddable":true,"href":"https:\/\/irishhawkingclub.org\/fr\/wp-json\/wp\/v2\/comments?post=82"}],"version-history":[{"count":9,"href":"https:\/\/irishhawkingclub.org\/fr\/wp-json\/wp\/v2\/pages\/82\/revisions"}],"predecessor-version":[{"id":468,"href":"https:\/\/irishhawkingclub.org\/fr\/wp-json\/wp\/v2\/pages\/82\/revisions\/468"}],"wp:attachment":[{"href":"https:\/\/irishhawkingclub.org\/fr\/wp-json\/wp\/v2\/media?parent=82"}],"curies":[{"name":"wp","href":"https:\/\/api.w.org\/{rel}","templated":true}]}}