{"id":491,"date":"2025-03-13T17:10:29","date_gmt":"2025-03-13T17:10:29","guid":{"rendered":"https:\/\/irishhawkingclub.org\/?page_id=491"},"modified":"2026-03-30T22:04:03","modified_gmt":"2026-03-30T22:04:03","slug":"becoming-a-falconer","status":"publish","type":"page","link":"https:\/\/irishhawkingclub.org\/fr\/becoming-a-falconer\/","title":{"rendered":"Devenir fauconnier"},"content":{"rendered":"<p class=\"has-text-align-center has-large-font-size\"><strong>De quoi ai-je besoin pour devenir fauconnier ? (par ordre de priorit\u00e9) <em>(par ordre de priorit\u00e9)<\/em><\/strong><\/p>\n\n\n\n<figure class=\"wp-block-image size-full\"><img loading=\"lazy\" decoding=\"async\" width=\"992\" height=\"1024\" src=\"https:\/\/irishhawkingclub.org\/wp-content\/uploads\/2025\/03\/k-070A1361.jpg\" alt=\"\" class=\"wp-image-497\" srcset=\"https:\/\/irishhawkingclub.org\/wp-content\/uploads\/2025\/03\/k-070A1361.jpg 992w, https:\/\/irishhawkingclub.org\/wp-content\/uploads\/2025\/03\/k-070A1361-291x300.jpg 291w, https:\/\/irishhawkingclub.org\/wp-content\/uploads\/2025\/03\/k-070A1361-768x793.jpg 768w\" sizes=\"auto, (max-width: 992px) 100vw, 992px\" \/><\/figure>\n\n\n\n<ol class=\"wp-block-list\">\n<li><strong>Un int\u00e9r\u00eat pour la sauvegarde de la biodiversit\u00e9 et des habitats<\/strong><br>La pratique de la fauconnerie d\u00e9pend de la sant\u00e9 des rapaces sauvages, des esp\u00e8ces de leurs proies et de leurs habitats. Sans ces choses, cela ne peut pas avoir lieu, c\u2019est pourquoi les fauconniers s\u2019int\u00e9ressent vivement \u00e0 l\u2019utilisation durable et \u00e0 la gestion de leur environnement local.<\/li>\n\n\n\n<li><strong>L'envie de chasser<\/strong><br>La fauconnerie est la poursuite du gibier dans son \u00e9tat naturel au moyen d\u2019un rapace entra\u00een\u00e9. Chaque fibre de l\u2019\u00eatre d\u2019un faucon veut chasser et attraper un gibier, et bien que la plupart des vols se terminent sans prises, il est important pour leur sant\u00e9 mentale et physique qu\u2019ils soient r\u00e9guli\u00e8rement vol\u00e9s sur du gibier en direct. Il ne s\u2019agit pas d\u2019avoir un animal de compagnie cool \u00e0 montrer. Les voleries et l\u2019\u00e9levage en voli\u00e8re ne sont pas la fauconnerie.<\/li>\n\n\n\n<li><strong>Des territoirs ou voler et du gibier \u00e0 chasser.<br><\/strong>Le crit\u00e8re d\u00e9terminant pour choisir le rapace et la branche de la fauconnerie que vous souhaitez pratiquer d\u00e9pend des terrains et du gibier auxquels vous avez acc\u00e8s. L\u2019aide et les conseils d\u2019un fauconnier exp\u00e9riment\u00e9 constituent le meilleur moyen de parvenir \u00e0 cette d\u00e9cision. Ensuite, vous devrez obtenir l\u2019autorisation des propri\u00e9taires fonciers pour pratiquer sur leurs terres, ce qui n\u00e9cessite souvent, de la part du fauconnier, une assurance en responsabilit\u00e9 civile.<\/li>\n\n\n\n<li><strong>Un fauconnier experiment\u00e9 habitant pr\u00e8s nde chez vous.<br><\/strong>Les connaissances en fauconnerie se transmettent principalement de personne \u00e0 personne, et pouvoir faire appel \u00e0 l\u2019aide et aux conseils d\u2019un fauconnier exp\u00e9riment\u00e9 est essentiel. <em>L\u2019Irish Hawking Club recommande vivement \u00e0 toute personne envisageant de se lancer dans la fauconnerie d\u2019accompagner et d\u2019assister un fauconnier exp\u00e9riment\u00e9 pendant au moins une saison avant d\u2019entamer le processus d\u2019acquisition de son propre rapace.<\/em> L\u2019IHC peut aider \u00e0 mettre les fauconniers d\u00e9butants en contact avec des mentors exp\u00e9riment\u00e9s. Il existe \u00e9galement un certain nombre de centres de rapaces qui proposent des cours d\u2019initiation aux techniques de la fauconnerie.<\/li>\n\n\n\n<li><strong>Des livres<\/strong><br>5 Des livres\nl existe d\u2019excellents ouvrages sur la fauconnerie que les d\u00e9butants devraient se procurer. Parmi ceux-ci figurent Falconry &amp; Hawking de Phillip Glasier, Understanding the Bird of Prey du Dr Nick Fox, et Training Birds of Prey de Jemima Parry-Jones. <em>Fauconnerie &amp; Hawking<\/em> par Phillip Glasier, <em>Comprendre l'oiseau de proie<\/em> par le Dr Nick Fox, et <em>Entra\u00eenement des oiseaux de proie<\/em> par Jemima Parry-Jones.<\/li>\n\n\n\n<li><strong>Connaiscance de la legistration.<\/strong><br><strong><em><b>Il est de votre responsabilit\u00e9 de vous familiariser avec l\u2019ensemble des lois et r\u00e9glementations relatives \u00e0 la fauconnerie et \u00e0 la d\u00e9tention de rapaces. <\/b><\/em><\/strong> En R\u00e9publique d\u2019Irlande, les fauconniers doivent \u00eatre titulaires \u00e0 la fois d\u2019une licence de fauconnerie et d\u2019une licence de d\u00e9tention d\u2019un oiseau de proie. Chaque ann\u00e9e, un nombre limit\u00e9 de licences est d\u00e9livr\u00e9 pour le pr\u00e9l\u00e8vement d\u2019esp\u00e8ces class\u00e9es \u00ab de pr\u00e9occupation mineure \u00bb \u00e0 des fins de fauconnerie, \u00e0 condition que le demandeur remplisse certains crit\u00e8res. Le nombre de rapaces pr\u00e9lev\u00e9s \u00e0 l\u2019\u00e9tat sauvage pour la fauconnerie est n\u00e9gligeable compar\u00e9 au taux \u00e9lev\u00e9 de mortalit\u00e9 naturelle au cours de la premi\u00e8re ann\u00e9e, et n\u2019a aucun impact sur les populations sauvages (<a data-type=\"link\" data-id=\"https:\/\/oregonfalconers.com\/wp-content\/uploads\/2013\/12\/Millsap-and-Allen-2006.pdf\" href=\"https:\/\/oregonfalconers.com\/wp-content\/uploads\/2013\/12\/Millsap-and-Allen-2006.pdf\">Millsap, B.A, &amp; Allen, G.T., 2006 <em>Effets de la r\u00e9colte de fauconnerie sur les rapaces<\/em><\/a>). <a data-type=\"link\" data-id=\"https:\/\/www.npws.ie\/licencesandconsents\/possession\/birds-of-prey\" href=\"https:\/\/www.npws.ie\/licencesandconsents\/possession\/birds-of-prey\">La d\u00e9livrance des licenses pour les oiseaux de proie dans la r\u00e9publique d'Irlande rel\u00e8ve de la comp\u00e9tence de \"The National Parks and Wildlife Service\"<\/a>et les canditats font souvent l'objet de visites visant \u00e0 v\u00e9rifier les conditions de soins et des instalations. <a data-type=\"link\" data-id=\"https:\/\/www.gov.uk\/find-licences\/licence-to-hold-birds-of-prey-northern-ireland#:~:text=Agency%20(NIEA)%20website-,You%20need%20a%20wildlife%20licence%20if%20you%20want%20to%20keep,falconry%20or%20captive%20breeding%20purposes\" href=\"https:\/\/www.gov.uk\/find-licences\/licence-to-hold-birds-of-prey-northern-ireland#:~:text=Agency%20(NIEA)%20website-,You%20need%20a%20wildlife%20licence%20if%20you%20want%20to%20keep,falconry%20or%20captive%20breeding%20purposes\">En Irlande du Nord, la fauconnerie est r\u00e9glement\u00e9e par \"The Northem Ireland Environment Agency\".<\/a>. \n<br>\nNous exhortons les nouveaux demandeurs et rappelons \u00e0 nos membres que des formulaires de demande de licence incomplets et le manque de coordonn\u00e9es entra\u00eenent des retards. S'il vous pla\u00eet assurez-vous que vous avez rempli correctement vos demandes de licence. Si vous avez besoin d'aide, s'il vous pla\u00eet demander.\n<br>\nLes fauconniers, qu'ils soient nouveaux ou existants, sont encourag\u00e9s \u00e0 prendre contact avec leur garde forestier local AVANT d'envoyer toute demande de permis. Cela contribue consid\u00e9rablement \u00e0 acc\u00e9l\u00e9rer les r\u00e9ponses. Voici un lien vers le <a data-type=\"link\" href=\"https:\/\/www.npws.ie\/contact-us\/\">num\u00e9ros de contact pour les gardes forestiers locaux (vingt-six comt\u00e9s)<\/a>.\n<\/li>\n\n\n\n<li><strong>Temps et disponibilit\u00e9 mental<\/strong><br>Un rapace de chasse n\u00e9cessite une gestion et une attention quotidiennes. Il n\u2019est pas n\u00e9cessaire de passer toute la journ\u00e9e avec l\u2019oiseau, mais une partie de la journ\u00e9e doit in\u00e9vitablement \u00eatre organis\u00e9e en fonction de lui. Pendant la saison de chasse, les fauconniers devraient s\u2019efforcer de faire voler leurs oiseaux la plupart des jours de la semaine, lorsque les conditions m\u00e9t\u00e9orologiques le permettent. &nbsp;<\/li>\n\n\n\n<li><strong>Nouriture pour les rapaces.<\/strong><br>Vous aurez besoin d\u2019un cong\u00e9lateur s\u00e9par\u00e9, approvisionn\u00e9 en aliments entiers sp\u00e9cialement produits pour les rapaces, qui devront \u00eatre d\u00e9congel\u00e9s et pr\u00e9par\u00e9s chaque jour. Si vous \u00eates sensible ou mal \u00e0 l\u2019aise \u00e0 l\u2019id\u00e9e de d\u00e9pecer des poussins, des cailles, des rats, des lapins, etc., la fauconnerie n\u2019est peut-\u00eatre pas faite pour vous.<\/li>\n\n\n\n<li><strong>Un bon v\u00e9t\u00e9rinaire<\/strong><br>Un v\u00e9t\u00e9rinaire local sp\u00e9cialis\u00e9 dans les chiens et les chats ne conna\u00eetra pas n\u00e9cessairement les bonnes pratiques si votre rapace se blesse ou pr\u00e9sente un probl\u00e8me de sant\u00e9. Il est donc essentiel de trouver un v\u00e9t\u00e9rinaire comp\u00e9tent ayant de l\u2019exp\u00e9rience en m\u00e9decine des rapaces.<\/li>\n\n\n\n<li><strong>\u00c9quipement<\/strong> <strong>et soins<\/strong><br>Outre une fauconnerie (mews) s\u00fbre et propre ainsi qu\u2019une aire de d\u00e9tente ext\u00e9rieure pour h\u00e9berger votre rapace, un ensemble d\u2019\u00e9quipements sp\u00e9cifiques est n\u00e9cessaire. Une partie de ce mat\u00e9riel doit \u00eatre achet\u00e9e, tandis qu\u2019une autre peut \u00eatre fabriqu\u00e9e \u00e0 la main par le fauconnier. Aujourd\u2019hui, tous les fauconniers utilisent une t\u00e9l\u00e9m\u00e9trie radio ou GPS afin de pouvoir localiser leurs oiseaux s\u2019ils disparaissent de vue. Cet \u00e9quipement est indispensable pour les esp\u00e8ces exotiques et les hybrides.Des perchoirs s\u00fbrs et s\u00e9curis\u00e9s pour rapaces sont \u00e9galement incontournables, tout comme un mat\u00e9riel d'attache fiable. Un chaperon bien ajust\u00e9 pour votre rapace est recommand\u00e9, sans \u00eatre strictement indispensable. Si votre terrain de vol n\u00e9cessite un d\u00e9placement en voiture, vous devez disposer d'une caisse de transport s\u00fbre et confortable pour votre oiseau. Les gants, perchoirs, baignoire pour rapace et les installations de la fauconnerie doivent \u00eatre nettoy\u00e9s et d\u00e9sinfect\u00e9s r\u00e9guliairement. L'ensemble du mat\u00e9riel necessite un entretien, un nettoyage et un remplacement p\u00e9riodique. &nbsp;<\/li>\n\n\n\n<li><strong>Un oiseau<\/strong><br>Et enfin, le dernier point essentiel. Vous devez \u00eatre certain de pouvoir satisfaire \u00e0 l\u2019ensemble des exigences 1 \u00e0 10 \u00e9num\u00e9r\u00e9es ici avant d\u2019envisager concr\u00e8tement l\u2019acquisition d\u2019un oiseau. La bonne nouvelle, toutefois, est qu\u2019il n\u2019est pas absolument n\u00e9cessaire de poss\u00e9der son propre rapace pour appr\u00e9cier la fauconnerie. L\u2019Irish Hawking Club compte de nombreux membres qui ne sont pas actuellement en mesure de d\u00e9tenir un rapace de chasse, mais qui participent n\u00e9anmoins aux rencontres sur le terrain, appr\u00e9cient le spectacle, apportent leur aide au comit\u00e9 et contribuent activement \u00e0 la communaut\u00e9 de la fauconnerie.<\/li>\n<\/ol>","protected":false},"excerpt":{"rendered":"<p>De quoi ai-je besoin pour devenir fauconnier? (par ordre de priorit\u00e9)<\/p>","protected":false},"author":2,"featured_media":0,"parent":0,"menu_order":0,"comment_status":"closed","ping_status":"closed","template":"","meta":{"footnotes":""},"class_list":["post-491","page","type-page","status-publish","hentry"],"yoast_head":"<!-- This site is optimized with the Yoast SEO plugin v27.2 - https:\/\/yoast.com\/product\/yoast-seo-wordpress\/ -->\n<title>Becoming a falconer - Irish Hawking Club<\/title>\n<meta name=\"robots\" content=\"index, follow, max-snippet:-1, max-image-preview:large, max-video-preview:-1\" \/>\n<link rel=\"canonical\" href=\"https:\/\/irishhawkingclub.org\/fr\/becoming-a-falconer\/\" \/>\n<meta property=\"og:locale\" content=\"fr_FR\" \/>\n<meta property=\"og:type\" content=\"article\" \/>\n<meta property=\"og:title\" content=\"Becoming a falconer - Irish Hawking Club\" \/>\n<meta property=\"og:description\" content=\"What do I need to become a falconer? (in order of priority)\" \/>\n<meta property=\"og:url\" content=\"https:\/\/irishhawkingclub.org\/fr\/becoming-a-falconer\/\" \/>\n<meta property=\"og:site_name\" content=\"Irish Hawking Club\" \/>\n<meta property=\"article:publisher\" content=\"https:\/\/www.facebook.com\/irishhawkingclub\/\" \/>\n<meta property=\"article:modified_time\" content=\"2026-03-30T22:04:03+00:00\" \/>\n<meta property=\"og:image\" content=\"https:\/\/irishhawkingclub.org\/wp-content\/uploads\/2025\/03\/k-070A1361.jpg\" \/>\n\t<meta property=\"og:image:width\" content=\"992\" \/>\n\t<meta property=\"og:image:height\" content=\"1024\" \/>\n\t<meta property=\"og:image:type\" content=\"image\/jpeg\" \/>\n<meta name=\"twitter:card\" content=\"summary_large_image\" \/>\n<meta name=\"twitter:label1\" content=\"Dur\u00e9e de lecture estim\u00e9e\" \/>\n\t<meta name=\"twitter:data1\" content=\"5 minutes\" \/>\n<script type=\"application\/ld+json\" class=\"yoast-schema-graph\">{\"@context\":\"https:\/\/schema.org\",\"@graph\":[{\"@type\":\"WebPage\",\"@id\":\"https:\/\/irishhawkingclub.org\/becoming-a-falconer\/\",\"url\":\"https:\/\/irishhawkingclub.org\/becoming-a-falconer\/\",\"name\":\"Becoming a falconer - Irish Hawking Club\",\"isPartOf\":{\"@id\":\"https:\/\/irishhawkingclub.org\/fr\/#website\"},\"primaryImageOfPage\":{\"@id\":\"https:\/\/irishhawkingclub.org\/becoming-a-falconer\/#primaryimage\"},\"image\":{\"@id\":\"https:\/\/irishhawkingclub.org\/becoming-a-falconer\/#primaryimage\"},\"thumbnailUrl\":\"https:\/\/irishhawkingclub.org\/wp-content\/uploads\/2025\/03\/k-070A1361.jpg\",\"datePublished\":\"2025-03-13T17:10:29+00:00\",\"dateModified\":\"2026-03-30T22:04:03+00:00\",\"breadcrumb\":{\"@id\":\"https:\/\/irishhawkingclub.org\/becoming-a-falconer\/#breadcrumb\"},\"inLanguage\":\"fr-FR\",\"potentialAction\":[{\"@type\":\"ReadAction\",\"target\":[\"https:\/\/irishhawkingclub.org\/becoming-a-falconer\/\"]}]},{\"@type\":\"ImageObject\",\"inLanguage\":\"fr-FR\",\"@id\":\"https:\/\/irishhawkingclub.org\/becoming-a-falconer\/#primaryimage\",\"url\":\"https:\/\/irishhawkingclub.org\/wp-content\/uploads\/2025\/03\/k-070A1361.jpg\",\"contentUrl\":\"https:\/\/irishhawkingclub.org\/wp-content\/uploads\/2025\/03\/k-070A1361.jpg\"},{\"@type\":\"BreadcrumbList\",\"@id\":\"https:\/\/irishhawkingclub.org\/becoming-a-falconer\/#breadcrumb\",\"itemListElement\":[{\"@type\":\"ListItem\",\"position\":1,\"name\":\"Home\",\"item\":\"https:\/\/irishhawkingclub.org\/\"},{\"@type\":\"ListItem\",\"position\":2,\"name\":\"Becoming a falconer\"}]},{\"@type\":\"WebSite\",\"@id\":\"https:\/\/irishhawkingclub.org\/fr\/#website\",\"url\":\"https:\/\/irishhawkingclub.org\/fr\/\",\"name\":\"Irish Hawking Club\",\"description\":\"Seabhaic seilge na h\u00c9ireann\",\"publisher\":{\"@id\":\"https:\/\/irishhawkingclub.org\/fr\/#organization\"},\"alternateName\":\"IHC\",\"potentialAction\":[{\"@type\":\"SearchAction\",\"target\":{\"@type\":\"EntryPoint\",\"urlTemplate\":\"https:\/\/irishhawkingclub.org\/fr\/?s={search_term_string}\"},\"query-input\":{\"@type\":\"PropertyValueSpecification\",\"valueRequired\":true,\"valueName\":\"search_term_string\"}}],\"inLanguage\":\"fr-FR\"},{\"@type\":\"Organization\",\"@id\":\"https:\/\/irishhawkingclub.org\/fr\/#organization\",\"name\":\"Irish Hawking Club\",\"alternateName\":\"IHC\",\"url\":\"https:\/\/irishhawkingclub.org\/fr\/\",\"logo\":{\"@type\":\"ImageObject\",\"inLanguage\":\"fr-FR\",\"@id\":\"https:\/\/irishhawkingclub.org\/fr\/#\/schema\/logo\/image\/\",\"url\":\"https:\/\/irishhawkingclub.org\/wp-content\/uploads\/2025\/02\/IHC-Logo.jpg\",\"contentUrl\":\"https:\/\/irishhawkingclub.org\/wp-content\/uploads\/2025\/02\/IHC-Logo.jpg\",\"width\":1160,\"height\":1420,\"caption\":\"Irish Hawking Club\"},\"image\":{\"@id\":\"https:\/\/irishhawkingclub.org\/fr\/#\/schema\/logo\/image\/\"},\"sameAs\":[\"https:\/\/www.facebook.com\/irishhawkingclub\/\"]}]}<\/script>\n<!-- \/ Yoast SEO plugin. -->","yoast_head_json":{"title":"Becoming a falconer - Irish Hawking Club","robots":{"index":"index","follow":"follow","max-snippet":"max-snippet:-1","max-image-preview":"max-image-preview:large","max-video-preview":"max-video-preview:-1"},"canonical":"https:\/\/irishhawkingclub.org\/fr\/becoming-a-falconer\/","og_locale":"fr_FR","og_type":"article","og_title":"Becoming a falconer - Irish Hawking Club","og_description":"What do I need to become a falconer? (in order of priority)","og_url":"https:\/\/irishhawkingclub.org\/fr\/becoming-a-falconer\/","og_site_name":"Irish Hawking Club","article_publisher":"https:\/\/www.facebook.com\/irishhawkingclub\/","article_modified_time":"2026-03-30T22:04:03+00:00","og_image":[{"width":992,"height":1024,"url":"https:\/\/irishhawkingclub.org\/wp-content\/uploads\/2025\/03\/k-070A1361.jpg","type":"image\/jpeg"}],"twitter_card":"summary_large_image","twitter_misc":{"Dur\u00e9e de lecture estim\u00e9e":"5 minutes"},"schema":{"@context":"https:\/\/schema.org","@graph":[{"@type":"WebPage","@id":"https:\/\/irishhawkingclub.org\/becoming-a-falconer\/","url":"https:\/\/irishhawkingclub.org\/becoming-a-falconer\/","name":"Becoming a falconer - Irish Hawking Club","isPartOf":{"@id":"https:\/\/irishhawkingclub.org\/fr\/#website"},"primaryImageOfPage":{"@id":"https:\/\/irishhawkingclub.org\/becoming-a-falconer\/#primaryimage"},"image":{"@id":"https:\/\/irishhawkingclub.org\/becoming-a-falconer\/#primaryimage"},"thumbnailUrl":"https:\/\/irishhawkingclub.org\/wp-content\/uploads\/2025\/03\/k-070A1361.jpg","datePublished":"2025-03-13T17:10:29+00:00","dateModified":"2026-03-30T22:04:03+00:00","breadcrumb":{"@id":"https:\/\/irishhawkingclub.org\/becoming-a-falconer\/#breadcrumb"},"inLanguage":"fr-FR","potentialAction":[{"@type":"ReadAction","target":["https:\/\/irishhawkingclub.org\/becoming-a-falconer\/"]}]},{"@type":"ImageObject","inLanguage":"fr-FR","@id":"https:\/\/irishhawkingclub.org\/becoming-a-falconer\/#primaryimage","url":"https:\/\/irishhawkingclub.org\/wp-content\/uploads\/2025\/03\/k-070A1361.jpg","contentUrl":"https:\/\/irishhawkingclub.org\/wp-content\/uploads\/2025\/03\/k-070A1361.jpg"},{"@type":"BreadcrumbList","@id":"https:\/\/irishhawkingclub.org\/becoming-a-falconer\/#breadcrumb","itemListElement":[{"@type":"ListItem","position":1,"name":"Home","item":"https:\/\/irishhawkingclub.org\/"},{"@type":"ListItem","position":2,"name":"Becoming a falconer"}]},{"@type":"WebSite","@id":"https:\/\/irishhawkingclub.org\/fr\/#website","url":"https:\/\/irishhawkingclub.org\/fr\/","name":"Irish Hawking Club","description":"Seabhaic seilge na h\u00c9ireann","publisher":{"@id":"https:\/\/irishhawkingclub.org\/fr\/#organization"},"alternateName":"IHC","potentialAction":[{"@type":"SearchAction","target":{"@type":"EntryPoint","urlTemplate":"https:\/\/irishhawkingclub.org\/fr\/?s={search_term_string}"},"query-input":{"@type":"PropertyValueSpecification","valueRequired":true,"valueName":"search_term_string"}}],"inLanguage":"fr-FR"},{"@type":"Organization","@id":"https:\/\/irishhawkingclub.org\/fr\/#organization","name":"Irish Hawking Club","alternateName":"IHC","url":"https:\/\/irishhawkingclub.org\/fr\/","logo":{"@type":"ImageObject","inLanguage":"fr-FR","@id":"https:\/\/irishhawkingclub.org\/fr\/#\/schema\/logo\/image\/","url":"https:\/\/irishhawkingclub.org\/wp-content\/uploads\/2025\/02\/IHC-Logo.jpg","contentUrl":"https:\/\/irishhawkingclub.org\/wp-content\/uploads\/2025\/02\/IHC-Logo.jpg","width":1160,"height":1420,"caption":"Irish Hawking Club"},"image":{"@id":"https:\/\/irishhawkingclub.org\/fr\/#\/schema\/logo\/image\/"},"sameAs":["https:\/\/www.facebook.com\/irishhawkingclub\/"]}]}},"jetpack_sharing_enabled":true,"_links":{"self":[{"href":"https:\/\/irishhawkingclub.org\/fr\/wp-json\/wp\/v2\/pages\/491","targetHints":{"allow":["GET"]}}],"collection":[{"href":"https:\/\/irishhawkingclub.org\/fr\/wp-json\/wp\/v2\/pages"}],"about":[{"href":"https:\/\/irishhawkingclub.org\/fr\/wp-json\/wp\/v2\/types\/page"}],"author":[{"embeddable":true,"href":"https:\/\/irishhawkingclub.org\/fr\/wp-json\/wp\/v2\/users\/2"}],"replies":[{"embeddable":true,"href":"https:\/\/irishhawkingclub.org\/fr\/wp-json\/wp\/v2\/comments?post=491"}],"version-history":[{"count":6,"href":"https:\/\/irishhawkingclub.org\/fr\/wp-json\/wp\/v2\/pages\/491\/revisions"}],"predecessor-version":[{"id":638,"href":"https:\/\/irishhawkingclub.org\/fr\/wp-json\/wp\/v2\/pages\/491\/revisions\/638"}],"wp:attachment":[{"href":"https:\/\/irishhawkingclub.org\/fr\/wp-json\/wp\/v2\/media?parent=491"}],"curies":[{"name":"wp","href":"https:\/\/api.w.org\/{rel}","templated":true}]}}