{"id":17,"date":"2025-01-24T00:04:50","date_gmt":"2025-01-24T00:04:50","guid":{"rendered":"https:\/\/irishhawkingclub.org\/home\/"},"modified":"2025-11-17T15:34:06","modified_gmt":"2025-11-17T15:34:06","slug":"home","status":"publish","type":"page","link":"https:\/\/irishhawkingclub.org\/fr\/","title":{"rendered":"Accueil"},"content":{"rendered":"<div class=\"wp-block-group alignfull has-background-background-color has-background has-global-padding is-layout-constrained wp-container-core-group-is-layout-70812fb1 wp-block-group-is-layout-constrained\" style=\"margin-top:0;margin-bottom:0;padding-top:var(--wp--preset--spacing--50);padding-right:var(--wp--preset--spacing--30);padding-bottom:var(--wp--preset--spacing--60);padding-left:var(--wp--preset--spacing--30)\">\n<div class=\"wp-block-group alignwide has-global-padding is-content-justification-left is-layout-constrained wp-container-core-group-is-layout-17af7ffb wp-block-group-is-layout-constrained\">\n<h1 class=\"wp-block-heading alignfull\" style=\"margin-top:12px\">L'art et la pratique de la Fauconnerie en Irlande<\/h1>\n<\/div>\n\n\n\n<div class=\"wp-block-columns alignwide is-layout-flex wp-container-core-columns-is-layout-13e2ef3f wp-block-columns-is-layout-flex\">\n<div class=\"wp-block-column is-layout-flow wp-container-core-column-is-layout-8eebadab wp-block-column-is-layout-flow\">\n<figure class=\"wp-block-image size-full extendify-image-import\"><img loading=\"lazy\" decoding=\"async\" width=\"634\" height=\"404\" src=\"https:\/\/irishhawkingclub.org\/wp-content\/uploads\/2025\/02\/field_meets_2_three_Falconers_dogs.jpg\" alt=\"\" class=\"wp-image-182\" style=\"aspect-ratio:16\/9;object-fit:cover\" srcset=\"https:\/\/irishhawkingclub.org\/wp-content\/uploads\/2025\/02\/field_meets_2_three_Falconers_dogs.jpg 634w, https:\/\/irishhawkingclub.org\/wp-content\/uploads\/2025\/02\/field_meets_2_three_Falconers_dogs-300x191.jpg 300w\" sizes=\"auto, (max-width: 634px) 100vw, 634px\" \/><\/figure>\n\n\n\n<figure class=\"wp-block-image size-full extendify-image-import\"><img loading=\"lazy\" decoding=\"async\" width=\"600\" height=\"800\" src=\"https:\/\/irishhawkingclub.org\/wp-content\/uploads\/2025\/02\/our-birds_11_gos.jpg\" alt=\"\" class=\"wp-image-159\" style=\"aspect-ratio:1;object-fit:cover\" srcset=\"https:\/\/irishhawkingclub.org\/wp-content\/uploads\/2025\/02\/our-birds_11_gos.jpg 600w, https:\/\/irishhawkingclub.org\/wp-content\/uploads\/2025\/02\/our-birds_11_gos-225x300.jpg 225w\" sizes=\"auto, (max-width: 600px) 100vw, 600px\" \/><\/figure>\n<\/div>\n\n\n\n<div class=\"wp-block-column is-layout-flow wp-container-core-column-is-layout-8eebadab wp-block-column-is-layout-flow\">\n<figure class=\"wp-block-image size-full extendify-image-import\"><img loading=\"lazy\" decoding=\"async\" width=\"960\" height=\"640\" src=\"https:\/\/irishhawkingclub.org\/wp-content\/uploads\/2025\/03\/ger_orig.jpg\" alt=\"\" class=\"wp-image-343\" style=\"aspect-ratio:1;object-fit:cover\" srcset=\"https:\/\/irishhawkingclub.org\/wp-content\/uploads\/2025\/03\/ger_orig.jpg 960w, https:\/\/irishhawkingclub.org\/wp-content\/uploads\/2025\/03\/ger_orig-300x200.jpg 300w, https:\/\/irishhawkingclub.org\/wp-content\/uploads\/2025\/03\/ger_orig-768x512.jpg 768w\" sizes=\"auto, (max-width: 960px) 100vw, 960px\" \/><\/figure>\n\n\n\n<figure class=\"wp-block-image size-full extendify-image-import\"><img loading=\"lazy\" decoding=\"async\" width=\"1100\" height=\"731\" src=\"https:\/\/irishhawkingclub.org\/wp-content\/uploads\/2025\/02\/latest3_orig.jpg\" alt=\"\" class=\"wp-image-244\" style=\"aspect-ratio:16\/9;object-fit:cover\" srcset=\"https:\/\/irishhawkingclub.org\/wp-content\/uploads\/2025\/02\/latest3_orig.jpg 1100w, https:\/\/irishhawkingclub.org\/wp-content\/uploads\/2025\/02\/latest3_orig-300x199.jpg 300w, https:\/\/irishhawkingclub.org\/wp-content\/uploads\/2025\/02\/latest3_orig-1024x680.jpg 1024w, https:\/\/irishhawkingclub.org\/wp-content\/uploads\/2025\/02\/latest3_orig-768x510.jpg 768w\" sizes=\"auto, (max-width: 1100px) 100vw, 1100px\" \/><\/figure>\n<\/div>\n<\/div>\n\n\n\n<p class=\"translation-block\">Fond\u00e9 en 1860, l\u2019Irish Hawking Club est d\u00e9di\u00e9 \u00e0 la pr\u00e9servation et \u00e0 la protection de l\u2019art et de la pratique de la fauconnerie en Irlande.<\/p>\n\n\n\n<p class=\"translation-block\">La fauconnerie est l\u2019art de chasser le gibier dans son milieu naturel au moyen d\u2019un rapace dress\u00e9. Elle est inscrite \u00e0 la fois \u00e0 l\u2019Inventaire national du patrimoine culturel immat\u00e9riel de l\u2019Irlande et \u00e0 l\u2019Inventaire repr\u00e9sentatif du patrimoine culturel immat\u00e9riel de l\u2019humanit\u00e9 de l\u2019UNESCO.<\/p>\n\n\n\n<p class=\"translation-block\">Nos membres viennent de tous horizons, de l\u2019ensemble de l\u2019\u00eele d\u2019Irlande ainsi que de l\u2019\u00e9tranger. Ils sont tous unis par un objectif commun : pr\u00e9server la riche histoire de la fauconnerie irlandaise, promouvoir les pratiques \u00e9thiques les plus exigeantes ainsi que sa mission de conservation, et encourager l\u2019engagement communautaire au b\u00e9n\u00e9fice des g\u00e9n\u00e9rations futures.<\/p>\n\n\n\n<p>Le <a href=\"https:\/\/irishhawkingclub.org\/fr\/\">Hawking Club irlandais <\/a>est membre de l'IAF, qui est un organe consultatif <a href=\"https:\/\/ich.unesco.org\/en\/accredited-ngos\/accredited-ong-00428\" data-type=\"link\" data-id=\"https:\/\/ich.unesco.org\/en\/accredited-ngos\/accredited-ong-00428\">UNESCO<\/a> et la <a href=\"https:\/\/iucn.org\/our-union\/members\/iucn-members\/international-association-falconry-and-conservation-birds-prey\" data-type=\"link\" data-id=\"https:\/\/iucn.org\/our-union\/members\/iucn-members\/international-association-falconry-and-conservation-birds-prey\">UICN<\/a>, ainsi que le Royaume-Uni <a href=\"https:\/\/www.hawkboard.uk\/\">Conseil d'administration de Hawk<\/a>.<\/p>\n\n\n\n<hr class=\"wp-block-separator has-alpha-channel-opacity\"\/>\n<\/div>\n\n\n\n<figure class=\"wp-block-image aligncenter size-large\"><img loading=\"lazy\" decoding=\"async\" width=\"1024\" height=\"768\" src=\"https:\/\/irishhawkingclub.org\/wp-content\/uploads\/2025\/11\/DSCF4194-1024x768.jpg\" alt=\"\" class=\"wp-image-567\" srcset=\"https:\/\/irishhawkingclub.org\/wp-content\/uploads\/2025\/11\/DSCF4194-1024x768.jpg 1024w, https:\/\/irishhawkingclub.org\/wp-content\/uploads\/2025\/11\/DSCF4194-300x225.jpg 300w, https:\/\/irishhawkingclub.org\/wp-content\/uploads\/2025\/11\/DSCF4194-768x576.jpg 768w, https:\/\/irishhawkingclub.org\/wp-content\/uploads\/2025\/11\/DSCF4194-1536x1152.jpg 1536w, https:\/\/irishhawkingclub.org\/wp-content\/uploads\/2025\/11\/DSCF4194-2048x1536.jpg 2048w\" sizes=\"auto, (max-width: 1024px) 100vw, 1024px\" \/><\/figure>\n\n\n\n<div class=\"wp-block-group alignfull has-background-background-color has-background has-global-padding is-layout-constrained wp-container-core-group-is-layout-28549256 wp-block-group-is-layout-constrained\" id=\"blog\" style=\"margin-top:0;margin-bottom:0;padding-top:var(--wp--preset--spacing--60);padding-right:var(--wp--preset--spacing--30);padding-bottom:var(--wp--preset--spacing--60);padding-left:var(--wp--preset--spacing--30)\">\n<p>Le <a href=\"https:\/\/irishhawkingclub.org\/fr\/\">Hawking Club irlandais<\/a> est d\u00e9di\u00e9 \u00e0 l'art et \u00e0 la pratique de la fauconnerie et \u00e0 la diffusion des connaissances des oiseaux de proie. <\/p>\n\n\n\n<p class=\"has-text-align-left\" style=\"margin-top:16px\">L'adh\u00e9sion est ouverte \u00e0 ceux qui soutiennent ou pratiquent cet art ancien selon les normes et les traditions les plus \u00e9lev\u00e9es.\u00a0Si vous souhaitez devenir un membre actif ou un membre de soutien de l'IHC, veuillez vous rendre \u00e0 l'adresse suivante:&nbsp;<a title=\"Adh\u00e9sion\" href=\"https:\/\/irishhawkingclub.org\/fr\/membership\/\"><strong>adh\u00e9sion<\/strong><\/a>&nbsp;section.<br><br>Si vous \u00eates nouveau \u00e0 la fauconnerie, notre&nbsp;<a title=\"D\u00e9butants\" href=\"https:\/\/irishhawkingclub.org\/fr\/beginners\/\"><strong>d\u00e9butants<\/strong><\/a>&nbsp;Cette section vous donnera une id\u00e9e de ce qu'il faut consid\u00e9rer avant de commencer.<\/p>\n<\/div>","protected":false},"excerpt":{"rendered":"<p>The Art &amp; Practice of Falconry in Ireland Fond\u00e9 en 1860, l'Irish Hawking Club se consacre \u00e0 la sauvegarde de l'art et de la pratique de la fauconnerie en Irlande. La fauconnerie est l'art de chasser la carri\u00e8re dans son \u00e9tat naturel au moyen d'un rapace form\u00e9. Il est inscrit \u00e0 la fois sur l\u2019inventaire national irlandais des biens culturels immat\u00e9riels [\u2026]<\/p>","protected":false},"author":1,"featured_media":0,"parent":0,"menu_order":0,"comment_status":"closed","ping_status":"closed","template":"no-title","meta":{"footnotes":""},"class_list":["post-17","page","type-page","status-publish","hentry"],"yoast_head":"<!-- This site is optimized with the Yoast SEO plugin v27.4 - https:\/\/yoast.com\/product\/yoast-seo-wordpress\/ -->\n<title>Home - Irish Hawking Club<\/title>\n<meta name=\"robots\" content=\"index, follow, max-snippet:-1, max-image-preview:large, max-video-preview:-1\" \/>\n<link rel=\"canonical\" href=\"https:\/\/irishhawkingclub.org\/fr\/\" \/>\n<meta property=\"og:locale\" content=\"fr_FR\" \/>\n<meta property=\"og:type\" content=\"article\" \/>\n<meta property=\"og:title\" content=\"Home - Irish Hawking Club\" \/>\n<meta property=\"og:description\" content=\"The Art &amp; Practice of Falconry in Ireland Founded in 1860, the Irish Hawking Club is dedicated to safeguarding the art and practice of falconry in Ireland. Falconry is the art of hunting quarry in its natural state by means of a trained raptor. It is inscribed both on Ireland&#8217;s State Inventory of Intangible Cultural [&hellip;]\" \/>\n<meta property=\"og:url\" content=\"https:\/\/irishhawkingclub.org\/fr\/\" \/>\n<meta property=\"og:site_name\" content=\"Irish Hawking Club\" \/>\n<meta property=\"article:publisher\" content=\"https:\/\/www.facebook.com\/irishhawkingclub\/\" \/>\n<meta property=\"article:modified_time\" content=\"2025-11-17T15:34:06+00:00\" \/>\n<meta property=\"og:image\" content=\"https:\/\/irishhawkingclub.org\/wp-content\/uploads\/2025\/02\/field_meets_2_three_Falconers_dogs.jpg\" \/>\n<meta name=\"twitter:card\" content=\"summary_large_image\" \/>\n<meta name=\"twitter:label1\" content=\"Dur\u00e9e de lecture estim\u00e9e\" \/>\n\t<meta name=\"twitter:data1\" content=\"1 minute\" \/>\n<script type=\"application\/ld+json\" class=\"yoast-schema-graph\">{\"@context\":\"https:\\\/\\\/schema.org\",\"@graph\":[{\"@type\":\"WebPage\",\"@id\":\"https:\\\/\\\/irishhawkingclub.org\\\/\",\"url\":\"https:\\\/\\\/irishhawkingclub.org\\\/\",\"name\":\"Home - Irish Hawking Club\",\"isPartOf\":{\"@id\":\"https:\\\/\\\/irishhawkingclub.org\\\/ga\\\/#website\"},\"primaryImageOfPage\":{\"@id\":\"https:\\\/\\\/irishhawkingclub.org\\\/#primaryimage\"},\"image\":{\"@id\":\"https:\\\/\\\/irishhawkingclub.org\\\/#primaryimage\"},\"thumbnailUrl\":\"https:\\\/\\\/irishhawkingclub.org\\\/wp-content\\\/uploads\\\/2025\\\/02\\\/field_meets_2_three_Falconers_dogs.jpg\",\"datePublished\":\"2025-01-24T00:04:50+00:00\",\"dateModified\":\"2025-11-17T15:34:06+00:00\",\"breadcrumb\":{\"@id\":\"https:\\\/\\\/irishhawkingclub.org\\\/#breadcrumb\"},\"inLanguage\":\"fr-FR\",\"potentialAction\":[{\"@type\":\"ReadAction\",\"target\":[\"https:\\\/\\\/irishhawkingclub.org\\\/\"]}]},{\"@type\":\"ImageObject\",\"inLanguage\":\"fr-FR\",\"@id\":\"https:\\\/\\\/irishhawkingclub.org\\\/#primaryimage\",\"url\":\"https:\\\/\\\/irishhawkingclub.org\\\/wp-content\\\/uploads\\\/2025\\\/02\\\/field_meets_2_three_Falconers_dogs.jpg\",\"contentUrl\":\"https:\\\/\\\/irishhawkingclub.org\\\/wp-content\\\/uploads\\\/2025\\\/02\\\/field_meets_2_three_Falconers_dogs.jpg\"},{\"@type\":\"BreadcrumbList\",\"@id\":\"https:\\\/\\\/irishhawkingclub.org\\\/#breadcrumb\",\"itemListElement\":[{\"@type\":\"ListItem\",\"position\":1,\"name\":\"Home\",\"item\":\"https:\\\/\\\/irishhawkingclub.org\\\/\"},{\"@type\":\"ListItem\",\"position\":2,\"name\":\"Home\"}]},{\"@type\":\"WebSite\",\"@id\":\"https:\\\/\\\/irishhawkingclub.org\\\/ga\\\/#website\",\"url\":\"https:\\\/\\\/irishhawkingclub.org\\\/ga\\\/\",\"name\":\"Irish Hawking Club\",\"description\":\"Seabhaic seilge na h\u00c9ireann\",\"publisher\":{\"@id\":\"https:\\\/\\\/irishhawkingclub.org\\\/ga\\\/#organization\"},\"alternateName\":\"IHC\",\"potentialAction\":[{\"@type\":\"SearchAction\",\"target\":{\"@type\":\"EntryPoint\",\"urlTemplate\":\"https:\\\/\\\/irishhawkingclub.org\\\/ga\\\/?s={search_term_string}\"},\"query-input\":{\"@type\":\"PropertyValueSpecification\",\"valueRequired\":true,\"valueName\":\"search_term_string\"}}],\"inLanguage\":\"fr-FR\"},{\"@type\":\"Organization\",\"@id\":\"https:\\\/\\\/irishhawkingclub.org\\\/ga\\\/#organization\",\"name\":\"Irish Hawking Club\",\"alternateName\":\"IHC\",\"url\":\"https:\\\/\\\/irishhawkingclub.org\\\/ga\\\/\",\"logo\":{\"@type\":\"ImageObject\",\"inLanguage\":\"fr-FR\",\"@id\":\"https:\\\/\\\/irishhawkingclub.org\\\/ga\\\/#\\\/schema\\\/logo\\\/image\\\/\",\"url\":\"https:\\\/\\\/irishhawkingclub.org\\\/wp-content\\\/uploads\\\/2025\\\/02\\\/IHC-Logo.jpg\",\"contentUrl\":\"https:\\\/\\\/irishhawkingclub.org\\\/wp-content\\\/uploads\\\/2025\\\/02\\\/IHC-Logo.jpg\",\"width\":1160,\"height\":1420,\"caption\":\"Irish Hawking Club\"},\"image\":{\"@id\":\"https:\\\/\\\/irishhawkingclub.org\\\/ga\\\/#\\\/schema\\\/logo\\\/image\\\/\"},\"sameAs\":[\"https:\\\/\\\/www.facebook.com\\\/irishhawkingclub\\\/\"]}]}<\/script>\n<!-- \/ Yoast SEO plugin. -->","yoast_head_json":{"title":"Home - Irish Hawking Club","robots":{"index":"index","follow":"follow","max-snippet":"max-snippet:-1","max-image-preview":"max-image-preview:large","max-video-preview":"max-video-preview:-1"},"canonical":"https:\/\/irishhawkingclub.org\/fr\/","og_locale":"fr_FR","og_type":"article","og_title":"Home - Irish Hawking Club","og_description":"The Art &amp; Practice of Falconry in Ireland Founded in 1860, the Irish Hawking Club is dedicated to safeguarding the art and practice of falconry in Ireland. Falconry is the art of hunting quarry in its natural state by means of a trained raptor. It is inscribed both on Ireland&#8217;s State Inventory of Intangible Cultural [&hellip;]","og_url":"https:\/\/irishhawkingclub.org\/fr\/","og_site_name":"Irish Hawking Club","article_publisher":"https:\/\/www.facebook.com\/irishhawkingclub\/","article_modified_time":"2025-11-17T15:34:06+00:00","og_image":[{"url":"https:\/\/irishhawkingclub.org\/wp-content\/uploads\/2025\/02\/field_meets_2_three_Falconers_dogs.jpg","type":"","width":"","height":""}],"twitter_card":"summary_large_image","twitter_misc":{"Dur\u00e9e de lecture estim\u00e9e":"1 minute"},"schema":{"@context":"https:\/\/schema.org","@graph":[{"@type":"WebPage","@id":"https:\/\/irishhawkingclub.org\/","url":"https:\/\/irishhawkingclub.org\/","name":"Home - Irish Hawking Club","isPartOf":{"@id":"https:\/\/irishhawkingclub.org\/ga\/#website"},"primaryImageOfPage":{"@id":"https:\/\/irishhawkingclub.org\/#primaryimage"},"image":{"@id":"https:\/\/irishhawkingclub.org\/#primaryimage"},"thumbnailUrl":"https:\/\/irishhawkingclub.org\/wp-content\/uploads\/2025\/02\/field_meets_2_three_Falconers_dogs.jpg","datePublished":"2025-01-24T00:04:50+00:00","dateModified":"2025-11-17T15:34:06+00:00","breadcrumb":{"@id":"https:\/\/irishhawkingclub.org\/#breadcrumb"},"inLanguage":"fr-FR","potentialAction":[{"@type":"ReadAction","target":["https:\/\/irishhawkingclub.org\/"]}]},{"@type":"ImageObject","inLanguage":"fr-FR","@id":"https:\/\/irishhawkingclub.org\/#primaryimage","url":"https:\/\/irishhawkingclub.org\/wp-content\/uploads\/2025\/02\/field_meets_2_three_Falconers_dogs.jpg","contentUrl":"https:\/\/irishhawkingclub.org\/wp-content\/uploads\/2025\/02\/field_meets_2_three_Falconers_dogs.jpg"},{"@type":"BreadcrumbList","@id":"https:\/\/irishhawkingclub.org\/#breadcrumb","itemListElement":[{"@type":"ListItem","position":1,"name":"Home","item":"https:\/\/irishhawkingclub.org\/"},{"@type":"ListItem","position":2,"name":"Home"}]},{"@type":"WebSite","@id":"https:\/\/irishhawkingclub.org\/ga\/#website","url":"https:\/\/irishhawkingclub.org\/ga\/","name":"Irish Hawking Club","description":"Seabhaic seilge na h\u00c9ireann","publisher":{"@id":"https:\/\/irishhawkingclub.org\/ga\/#organization"},"alternateName":"IHC","potentialAction":[{"@type":"SearchAction","target":{"@type":"EntryPoint","urlTemplate":"https:\/\/irishhawkingclub.org\/ga\/?s={search_term_string}"},"query-input":{"@type":"PropertyValueSpecification","valueRequired":true,"valueName":"search_term_string"}}],"inLanguage":"fr-FR"},{"@type":"Organization","@id":"https:\/\/irishhawkingclub.org\/ga\/#organization","name":"Irish Hawking Club","alternateName":"IHC","url":"https:\/\/irishhawkingclub.org\/ga\/","logo":{"@type":"ImageObject","inLanguage":"fr-FR","@id":"https:\/\/irishhawkingclub.org\/ga\/#\/schema\/logo\/image\/","url":"https:\/\/irishhawkingclub.org\/wp-content\/uploads\/2025\/02\/IHC-Logo.jpg","contentUrl":"https:\/\/irishhawkingclub.org\/wp-content\/uploads\/2025\/02\/IHC-Logo.jpg","width":1160,"height":1420,"caption":"Irish Hawking Club"},"image":{"@id":"https:\/\/irishhawkingclub.org\/ga\/#\/schema\/logo\/image\/"},"sameAs":["https:\/\/www.facebook.com\/irishhawkingclub\/"]}]}},"jetpack_sharing_enabled":true,"_links":{"self":[{"href":"https:\/\/irishhawkingclub.org\/fr\/wp-json\/wp\/v2\/pages\/17","targetHints":{"allow":["GET"]}}],"collection":[{"href":"https:\/\/irishhawkingclub.org\/fr\/wp-json\/wp\/v2\/pages"}],"about":[{"href":"https:\/\/irishhawkingclub.org\/fr\/wp-json\/wp\/v2\/types\/page"}],"author":[{"embeddable":true,"href":"https:\/\/irishhawkingclub.org\/fr\/wp-json\/wp\/v2\/users\/1"}],"replies":[{"embeddable":true,"href":"https:\/\/irishhawkingclub.org\/fr\/wp-json\/wp\/v2\/comments?post=17"}],"version-history":[{"count":26,"href":"https:\/\/irishhawkingclub.org\/fr\/wp-json\/wp\/v2\/pages\/17\/revisions"}],"predecessor-version":[{"id":608,"href":"https:\/\/irishhawkingclub.org\/fr\/wp-json\/wp\/v2\/pages\/17\/revisions\/608"}],"wp:attachment":[{"href":"https:\/\/irishhawkingclub.org\/fr\/wp-json\/wp\/v2\/media?parent=17"}],"curies":[{"name":"wp","href":"https:\/\/api.w.org\/{rel}","templated":true}]}}