{"id":15,"date":"2025-01-24T00:04:49","date_gmt":"2025-01-24T00:04:49","guid":{"rendered":"https:\/\/irishhawkingclub.org\/faq\/"},"modified":"2025-11-05T22:09:07","modified_gmt":"2025-11-05T22:09:07","slug":"faq","status":"publish","type":"page","link":"https:\/\/irishhawkingclub.org\/fr\/faq\/","title":{"rendered":"FAQ"},"content":{"rendered":"<div class=\"wp-block-group alignfull has-background-background-color has-background has-global-padding is-layout-constrained wp-container-core-group-is-layout-864ebe9b wp-block-group-is-layout-constrained\" style=\"margin-top:0;margin-bottom:0;padding-top:0;padding-right:0;padding-bottom:0;padding-left:0\">\n<div class=\"wp-block-cover alignfull extendify-image-import\" style=\"padding-top:0;padding-right:var(--wp--preset--spacing--30);padding-bottom:0;padding-left:var(--wp--preset--spacing--30);min-height:50px;aspect-ratio:unset;\"><img loading=\"lazy\" decoding=\"async\" width=\"7360\" height=\"2192\" class=\"wp-block-cover__image-background wp-image-315\" alt=\"\" src=\"https:\/\/irishhawkingclub.org\/wp-content\/uploads\/2025\/03\/20210905_145618_Brendan_Lally_Sneem_IHC_meet_2021.jpg\" data-object-fit=\"cover\"\/><span aria-hidden=\"true\" class=\"wp-block-cover__background has-black-background-color has-background-dim-30 has-background-dim\"><\/span><div class=\"wp-block-cover__inner-container is-layout-flow wp-block-cover-is-layout-flow\">\n<div class=\"wp-block-group has-global-padding is-layout-constrained wp-block-group-is-layout-constrained\" style=\"padding-top:var(--wp--preset--spacing--60);padding-bottom:var(--wp--preset--spacing--60)\">\n<div class=\"wp-block-columns alignwide are-vertically-aligned-center is-layout-flex wp-container-core-columns-is-layout-947c9d80 wp-block-columns-is-layout-flex\">\n<div class=\"wp-block-column is-vertically-aligned-center is-layout-flow wp-block-column-is-layout-flow\">\n<h1 class=\"wp-block-heading has-text-color has-x-large-font-size\" style=\"color:#fffffffc\">FAQ<\/h1>\n<\/div>\n\n\n\n<div class=\"wp-block-column is-vertically-aligned-center is-layout-flow wp-block-column-is-layout-flow\">\n<p class=\"has-text-color\" style=\"color:#fffffffc\"><\/p>\n<\/div>\n<\/div>\n<\/div>\n<\/div><\/div>\n<\/div>\n\n\n\n<div class=\"wp-block-group alignfull has-tertiary-background-color has-background has-global-padding is-layout-constrained wp-container-core-group-is-layout-7276a2bb wp-block-group-is-layout-constrained\" id=\"faq\" style=\"margin-top:0;margin-bottom:0;padding-top:var(--wp--preset--spacing--60);padding-right:var(--wp--preset--spacing--30);padding-bottom:var(--wp--preset--spacing--60);padding-left:var(--wp--preset--spacing--30)\">\n<div class=\"wp-block-group has-global-padding is-content-justification-center is-layout-constrained wp-block-group-is-layout-constrained\" style=\"margin-bottom:var(--wp--preset--spacing--30)\">\n<h2 class=\"wp-block-heading has-text-align-left has-large-font-size\">Questions fr\u00e9quemment pos\u00e9es<\/h2>\n\n\n\n<p class=\"has-text-align-left\" style=\"margin-top:16px\"><\/p>\n<\/div>\n\n\n\n<div class=\"wp-block-group has-global-padding is-layout-constrained wp-block-group-is-layout-constrained\" style=\"border-bottom-color:var(--wp--preset--color--tertiary);border-bottom-width:1px;margin-top:0;padding-top:var(--wp--preset--spacing--30);padding-bottom:var(--wp--preset--spacing--30)\">\n<h2 class=\"wp-block-heading has-medium-font-size\">Qu'est-ce que l'Irish Hawking Club?<\/h2>\n\n\n\n<p class=\"has-small-font-size\" style=\"margin-top:12px\">L'IHC est l'organisme repr\u00e9sentatif de la fauconnerie en Irlande. On pense qu'il s'agit de l'un des plus anciens clubs de fauconnerie au monde, dont les origines remontent au milieu du XIXe si\u00e8cle. L'histoire de la fauconnerie sur l'\u00eele d'Irlande remonte cependant beaucoup plus loin. Pour plus d'informations sur ce patrimoine ancien, rendez-vous sur <a title=\"ici\" href=\"https:\/\/irishhawkingclub.org\/fr\/history-of-falconry\/\">ici<\/a>.<\/p>\n\n\n\n<h2 class=\"wp-block-heading has-medium-font-size\">Conservation &amp; R\u00e9habilitation<\/h2>\n\n\n\n<p class=\"has-small-font-size\" style=\"margin-top:12px\">La fauconnerie ne peut avoir lieu sans la sant\u00e9 des rapaces, des esp\u00e8ces de gibier et des habitats. Pour cette raison, tous les fauconniers, ici et dans le monde, s'int\u00e9ressent vivement \u00e0 la conservation et \u00e0 l'utilisation durable. L'Irish Hawking Club a toujours soutenu des projets de conservation pour diverses esp\u00e8ces, mais aussi la r\u00e9habilitation et la lib\u00e9ration de rapaces sauvages bless\u00e9s. \u00c0 l'\u00e9t\u00e9 2024, nous avons organis\u00e9 un cours Raptor Welfare &amp; Management and Avian Medicine pour aider les v\u00e9t\u00e9rinaires irlandais et les groupes de r\u00e9adaptation de la faune \u00e0 mieux comprendre la m\u00e9decine des rapaces. Pour plus d'informations sur ce que nous faisons, voir <a title=\"ici\" href=\"https:\/\/irishhawkingclub.org\/fr\/conservation-rehabilitation\/\">ici<\/a>.<\/p>\n\n\n\n<h2 class=\"wp-block-heading has-medium-font-size\">Devenir fauconnier<\/h2>\n\n\n\n<p class=\"has-small-font-size\" style=\"margin-top:12px\">Bien qu'elle soit profond\u00e9ment enrichissante pour ceux qui la pratiquent, la fauconnerie n'est pas une chose \u00e0 prendre au d\u00e9pourvu et comporte de nombreux d\u00e9fis. Pour un avant-go\u00fbt de ce qui est n\u00e9cessaire, s'il vous pla\u00eet lire <a href=\"https:\/\/irishhawkingclub.org\/fr\/becoming-a-falconer\/\">ceci<\/a>.<\/p>\n\n\n\n<h2 class=\"wp-block-heading has-medium-font-size\">Comment puis-je devenir membre de l'IHC?<\/h2>\n\n\n\n<p class=\"has-small-font-size\" style=\"margin-top:12px\">Vous pouvez vous inscrire en soumettant une demande via notre formulaire de site Web <a href=\"https:\/\/irishhawkingclub.org\/fr\/contact\/\">ici<\/a>.<\/p>\n\n\n\n<h2 class=\"wp-block-heading has-medium-font-size\">L'IHC organise-t-il des \u00e9v\u00e9nements? <\/h2>\n\n\n\n<p class=\"has-small-font-size\" style=\"margin-top:12px\">Oui. Les r\u00e9unions de terrain et les \u00e9v\u00e9nements du club ont lieu au cours de l'ann\u00e9e et sont ouverts aux membres. Nous organisons \u00e9galement divers ateliers et \u00e9v\u00e9nements saisonniers de fauconnerie, y compris des conf\u00e9rences v\u00e9t\u00e9rinaires, des collectes de fonds pour la conservation, des stands de foire au gibier et une exposition extr\u00eamement r\u00e9ussie sur l'histoire de la fauconnerie au parc Phoenix dans le cadre de la Semaine du patrimoine national.<\/p>\n\n\n\n<p class=\"has-small-font-size\" style=\"margin-top:12px\"><\/p>\n<\/div>\n<\/div>\n\n\n\n<p><\/p>","protected":false},"excerpt":{"rendered":"<p>Frequently Asked Questions What is the Irish Hawking Club? The IHC is the representative body for falconry in Ireland. It is thought to be one of the oldest falconry clubs in the world, with its origins stretching as far back as the mid-19th century. The history of falconry on the island of Ireland goes back [&hellip;]<\/p>","protected":false},"author":1,"featured_media":0,"parent":0,"menu_order":0,"comment_status":"closed","ping_status":"closed","template":"no-title","meta":{"footnotes":""},"class_list":["post-15","page","type-page","status-publish","hentry"],"yoast_head":"<!-- This site is optimized with the Yoast SEO plugin v27.2 - https:\/\/yoast.com\/product\/yoast-seo-wordpress\/ -->\n<title>FAQ - Irish Hawking Club<\/title>\n<meta name=\"robots\" content=\"index, follow, max-snippet:-1, max-image-preview:large, max-video-preview:-1\" \/>\n<link rel=\"canonical\" href=\"https:\/\/irishhawkingclub.org\/fr\/faq\/\" \/>\n<meta property=\"og:locale\" content=\"fr_FR\" \/>\n<meta property=\"og:type\" content=\"article\" \/>\n<meta property=\"og:title\" content=\"FAQ - Irish Hawking Club\" \/>\n<meta property=\"og:description\" content=\"Frequently Asked Questions What is the Irish Hawking Club? The IHC is the representative body for falconry in Ireland. It is thought to be one of the oldest falconry clubs in the world, with its origins stretching as far back as the mid-19th century. The history of falconry on the island of Ireland goes back [&hellip;]\" \/>\n<meta property=\"og:url\" content=\"https:\/\/irishhawkingclub.org\/fr\/faq\/\" \/>\n<meta property=\"og:site_name\" content=\"Irish Hawking Club\" \/>\n<meta property=\"article:publisher\" content=\"https:\/\/www.facebook.com\/irishhawkingclub\/\" \/>\n<meta property=\"article:modified_time\" content=\"2025-11-05T22:09:07+00:00\" \/>\n<meta property=\"og:image\" content=\"https:\/\/irishhawkingclub.org\/wp-content\/uploads\/2025\/03\/20210905_145618_Brendan_Lally_Sneem_IHC_meet_2021.jpg\" \/>\n<meta name=\"twitter:card\" content=\"summary_large_image\" \/>\n<meta name=\"twitter:label1\" content=\"Dur\u00e9e de lecture estim\u00e9e\" \/>\n\t<meta name=\"twitter:data1\" content=\"1 minute\" \/>\n<script type=\"application\/ld+json\" class=\"yoast-schema-graph\">{\"@context\":\"https:\/\/schema.org\",\"@graph\":[{\"@type\":\"WebPage\",\"@id\":\"https:\/\/irishhawkingclub.org\/faq\/\",\"url\":\"https:\/\/irishhawkingclub.org\/faq\/\",\"name\":\"FAQ - Irish Hawking Club\",\"isPartOf\":{\"@id\":\"https:\/\/irishhawkingclub.org\/#website\"},\"primaryImageOfPage\":{\"@id\":\"https:\/\/irishhawkingclub.org\/faq\/#primaryimage\"},\"image\":{\"@id\":\"https:\/\/irishhawkingclub.org\/faq\/#primaryimage\"},\"thumbnailUrl\":\"https:\/\/irishhawkingclub.org\/wp-content\/uploads\/2025\/03\/20210905_145618_Brendan_Lally_Sneem_IHC_meet_2021.jpg\",\"datePublished\":\"2025-01-24T00:04:49+00:00\",\"dateModified\":\"2025-11-05T22:09:07+00:00\",\"breadcrumb\":{\"@id\":\"https:\/\/irishhawkingclub.org\/faq\/#breadcrumb\"},\"inLanguage\":\"fr-FR\",\"potentialAction\":[{\"@type\":\"ReadAction\",\"target\":[\"https:\/\/irishhawkingclub.org\/faq\/\"]}]},{\"@type\":\"ImageObject\",\"inLanguage\":\"fr-FR\",\"@id\":\"https:\/\/irishhawkingclub.org\/faq\/#primaryimage\",\"url\":\"https:\/\/irishhawkingclub.org\/wp-content\/uploads\/2025\/03\/20210905_145618_Brendan_Lally_Sneem_IHC_meet_2021.jpg\",\"contentUrl\":\"https:\/\/irishhawkingclub.org\/wp-content\/uploads\/2025\/03\/20210905_145618_Brendan_Lally_Sneem_IHC_meet_2021.jpg\"},{\"@type\":\"BreadcrumbList\",\"@id\":\"https:\/\/irishhawkingclub.org\/faq\/#breadcrumb\",\"itemListElement\":[{\"@type\":\"ListItem\",\"position\":1,\"name\":\"Home\",\"item\":\"https:\/\/irishhawkingclub.org\/\"},{\"@type\":\"ListItem\",\"position\":2,\"name\":\"FAQ\"}]},{\"@type\":\"WebSite\",\"@id\":\"https:\/\/irishhawkingclub.org\/#website\",\"url\":\"https:\/\/irishhawkingclub.org\/\",\"name\":\"Irish Hawking Club\",\"description\":\"Seabhaic seilge na h\u00c9ireann\",\"publisher\":{\"@id\":\"https:\/\/irishhawkingclub.org\/#organization\"},\"alternateName\":\"IHC\",\"potentialAction\":[{\"@type\":\"SearchAction\",\"target\":{\"@type\":\"EntryPoint\",\"urlTemplate\":\"https:\/\/irishhawkingclub.org\/?s={search_term_string}\"},\"query-input\":{\"@type\":\"PropertyValueSpecification\",\"valueRequired\":true,\"valueName\":\"search_term_string\"}}],\"inLanguage\":\"fr-FR\"},{\"@type\":\"Organization\",\"@id\":\"https:\/\/irishhawkingclub.org\/#organization\",\"name\":\"Irish Hawking Club\",\"alternateName\":\"IHC\",\"url\":\"https:\/\/irishhawkingclub.org\/\",\"logo\":{\"@type\":\"ImageObject\",\"inLanguage\":\"fr-FR\",\"@id\":\"https:\/\/irishhawkingclub.org\/#\/schema\/logo\/image\/\",\"url\":\"https:\/\/irishhawkingclub.org\/wp-content\/uploads\/2025\/02\/IHC-Logo.jpg\",\"contentUrl\":\"https:\/\/irishhawkingclub.org\/wp-content\/uploads\/2025\/02\/IHC-Logo.jpg\",\"width\":1160,\"height\":1420,\"caption\":\"Irish Hawking Club\"},\"image\":{\"@id\":\"https:\/\/irishhawkingclub.org\/#\/schema\/logo\/image\/\"},\"sameAs\":[\"https:\/\/www.facebook.com\/irishhawkingclub\/\"]}]}<\/script>\n<!-- \/ Yoast SEO plugin. -->","yoast_head_json":{"title":"FAQ - Irish Hawking Club","robots":{"index":"index","follow":"follow","max-snippet":"max-snippet:-1","max-image-preview":"max-image-preview:large","max-video-preview":"max-video-preview:-1"},"canonical":"https:\/\/irishhawkingclub.org\/fr\/faq\/","og_locale":"fr_FR","og_type":"article","og_title":"FAQ - Irish Hawking Club","og_description":"Frequently Asked Questions What is the Irish Hawking Club? The IHC is the representative body for falconry in Ireland. It is thought to be one of the oldest falconry clubs in the world, with its origins stretching as far back as the mid-19th century. The history of falconry on the island of Ireland goes back [&hellip;]","og_url":"https:\/\/irishhawkingclub.org\/fr\/faq\/","og_site_name":"Irish Hawking Club","article_publisher":"https:\/\/www.facebook.com\/irishhawkingclub\/","article_modified_time":"2025-11-05T22:09:07+00:00","og_image":[{"url":"https:\/\/irishhawkingclub.org\/wp-content\/uploads\/2025\/03\/20210905_145618_Brendan_Lally_Sneem_IHC_meet_2021.jpg","type":"","width":"","height":""}],"twitter_card":"summary_large_image","twitter_misc":{"Dur\u00e9e de lecture estim\u00e9e":"1 minute"},"schema":{"@context":"https:\/\/schema.org","@graph":[{"@type":"WebPage","@id":"https:\/\/irishhawkingclub.org\/faq\/","url":"https:\/\/irishhawkingclub.org\/faq\/","name":"FAQ - Irish Hawking Club","isPartOf":{"@id":"https:\/\/irishhawkingclub.org\/#website"},"primaryImageOfPage":{"@id":"https:\/\/irishhawkingclub.org\/faq\/#primaryimage"},"image":{"@id":"https:\/\/irishhawkingclub.org\/faq\/#primaryimage"},"thumbnailUrl":"https:\/\/irishhawkingclub.org\/wp-content\/uploads\/2025\/03\/20210905_145618_Brendan_Lally_Sneem_IHC_meet_2021.jpg","datePublished":"2025-01-24T00:04:49+00:00","dateModified":"2025-11-05T22:09:07+00:00","breadcrumb":{"@id":"https:\/\/irishhawkingclub.org\/faq\/#breadcrumb"},"inLanguage":"fr-FR","potentialAction":[{"@type":"ReadAction","target":["https:\/\/irishhawkingclub.org\/faq\/"]}]},{"@type":"ImageObject","inLanguage":"fr-FR","@id":"https:\/\/irishhawkingclub.org\/faq\/#primaryimage","url":"https:\/\/irishhawkingclub.org\/wp-content\/uploads\/2025\/03\/20210905_145618_Brendan_Lally_Sneem_IHC_meet_2021.jpg","contentUrl":"https:\/\/irishhawkingclub.org\/wp-content\/uploads\/2025\/03\/20210905_145618_Brendan_Lally_Sneem_IHC_meet_2021.jpg"},{"@type":"BreadcrumbList","@id":"https:\/\/irishhawkingclub.org\/faq\/#breadcrumb","itemListElement":[{"@type":"ListItem","position":1,"name":"Home","item":"https:\/\/irishhawkingclub.org\/"},{"@type":"ListItem","position":2,"name":"FAQ"}]},{"@type":"WebSite","@id":"https:\/\/irishhawkingclub.org\/#website","url":"https:\/\/irishhawkingclub.org\/","name":"Irish Hawking Club","description":"Seabhaic seilge na h\u00c9ireann","publisher":{"@id":"https:\/\/irishhawkingclub.org\/#organization"},"alternateName":"IHC","potentialAction":[{"@type":"SearchAction","target":{"@type":"EntryPoint","urlTemplate":"https:\/\/irishhawkingclub.org\/?s={search_term_string}"},"query-input":{"@type":"PropertyValueSpecification","valueRequired":true,"valueName":"search_term_string"}}],"inLanguage":"fr-FR"},{"@type":"Organization","@id":"https:\/\/irishhawkingclub.org\/#organization","name":"Irish Hawking Club","alternateName":"IHC","url":"https:\/\/irishhawkingclub.org\/","logo":{"@type":"ImageObject","inLanguage":"fr-FR","@id":"https:\/\/irishhawkingclub.org\/#\/schema\/logo\/image\/","url":"https:\/\/irishhawkingclub.org\/wp-content\/uploads\/2025\/02\/IHC-Logo.jpg","contentUrl":"https:\/\/irishhawkingclub.org\/wp-content\/uploads\/2025\/02\/IHC-Logo.jpg","width":1160,"height":1420,"caption":"Irish Hawking Club"},"image":{"@id":"https:\/\/irishhawkingclub.org\/#\/schema\/logo\/image\/"},"sameAs":["https:\/\/www.facebook.com\/irishhawkingclub\/"]}]}},"jetpack_sharing_enabled":true,"_links":{"self":[{"href":"https:\/\/irishhawkingclub.org\/fr\/wp-json\/wp\/v2\/pages\/15","targetHints":{"allow":["GET"]}}],"collection":[{"href":"https:\/\/irishhawkingclub.org\/fr\/wp-json\/wp\/v2\/pages"}],"about":[{"href":"https:\/\/irishhawkingclub.org\/fr\/wp-json\/wp\/v2\/types\/page"}],"author":[{"embeddable":true,"href":"https:\/\/irishhawkingclub.org\/fr\/wp-json\/wp\/v2\/users\/1"}],"replies":[{"embeddable":true,"href":"https:\/\/irishhawkingclub.org\/fr\/wp-json\/wp\/v2\/comments?post=15"}],"version-history":[{"count":22,"href":"https:\/\/irishhawkingclub.org\/fr\/wp-json\/wp\/v2\/pages\/15\/revisions"}],"predecessor-version":[{"id":575,"href":"https:\/\/irishhawkingclub.org\/fr\/wp-json\/wp\/v2\/pages\/15\/revisions\/575"}],"wp:attachment":[{"href":"https:\/\/irishhawkingclub.org\/fr\/wp-json\/wp\/v2\/media?parent=15"}],"curies":[{"name":"wp","href":"https:\/\/api.w.org\/{rel}","templated":true}]}}