{"id":13,"date":"2025-01-24T00:04:49","date_gmt":"2025-01-24T00:04:49","guid":{"rendered":"https:\/\/irishhawkingclub.org\/contact\/"},"modified":"2025-11-14T14:20:53","modified_gmt":"2025-11-14T14:20:53","slug":"contact","status":"publish","type":"page","link":"https:\/\/irishhawkingclub.org\/fr\/contact\/","title":{"rendered":"Contact"},"content":{"rendered":"<div class=\"wp-block-group alignfull has-background-background-color has-background has-global-padding is-layout-constrained wp-container-core-group-is-layout-864ebe9b wp-block-group-is-layout-constrained\" style=\"margin-top:0;margin-bottom:0;padding-top:0;padding-right:0;padding-bottom:0;padding-left:0\">\n<div class=\"wp-block-cover alignfull extendify-image-import\" style=\"padding-top:0;padding-right:var(--wp--preset--spacing--30);padding-bottom:0;padding-left:var(--wp--preset--spacing--30);min-height:50px;aspect-ratio:unset;\"><img loading=\"lazy\" decoding=\"async\" width=\"1066\" height=\"800\" class=\"wp-block-cover__image-background wp-image-175\" alt=\"\" src=\"https:\/\/irishhawkingclub.org\/wp-content\/uploads\/2025\/02\/field_meets_9_falconers_field.jpg\" data-object-fit=\"cover\" srcset=\"https:\/\/irishhawkingclub.org\/wp-content\/uploads\/2025\/02\/field_meets_9_falconers_field.jpg 1066w, https:\/\/irishhawkingclub.org\/wp-content\/uploads\/2025\/02\/field_meets_9_falconers_field-300x225.jpg 300w, https:\/\/irishhawkingclub.org\/wp-content\/uploads\/2025\/02\/field_meets_9_falconers_field-1024x768.jpg 1024w, https:\/\/irishhawkingclub.org\/wp-content\/uploads\/2025\/02\/field_meets_9_falconers_field-768x576.jpg 768w\" sizes=\"auto, (max-width: 1066px) 100vw, 1066px\" \/><span aria-hidden=\"true\" class=\"wp-block-cover__background has-black-background-color has-background-dim-30 has-background-dim\"><\/span><div class=\"wp-block-cover__inner-container is-layout-flow wp-block-cover-is-layout-flow\">\n<div class=\"wp-block-group has-global-padding is-layout-constrained wp-block-group-is-layout-constrained\" style=\"padding-top:var(--wp--preset--spacing--60);padding-bottom:var(--wp--preset--spacing--60)\">\n<div class=\"wp-block-columns alignwide are-vertically-aligned-center is-layout-flex wp-container-core-columns-is-layout-947c9d80 wp-block-columns-is-layout-flex\">\n<div class=\"wp-block-column is-vertically-aligned-center is-layout-flow wp-block-column-is-layout-flow\">\n<h1 class=\"wp-block-heading has-text-color has-x-large-font-size\" style=\"color:#fffffffc\">Contactez-nous<\/h1>\n<\/div>\n\n\n\n<div class=\"wp-block-column is-vertically-aligned-center is-layout-flow wp-block-column-is-layout-flow\">\n<p class=\"has-text-color\" style=\"color:#fffffffc\">Nous accueillons volontiers toute question relative \u00e0 la fauconnerie, aux rapaces et \u00e0 la conservation, et nous ferons de notre mieux pour y r\u00e9pondre dans les plus brefs d\u00e9lais. <\/p>\n<\/div>\n<\/div>\n<\/div>\n<\/div><\/div>\n<\/div>\n\n\n\n<div class=\"wp-block-group alignfull has-tertiary-background-color has-background has-global-padding is-layout-constrained wp-container-core-group-is-layout-7276a2bb wp-block-group-is-layout-constrained\" id=\"contact\" style=\"margin-top:0;margin-bottom:0;padding-top:var(--wp--preset--spacing--60);padding-right:var(--wp--preset--spacing--30);padding-bottom:var(--wp--preset--spacing--60);padding-left:var(--wp--preset--spacing--30)\">\n<div class=\"wp-block-columns alignwide is-layout-flex wp-container-core-columns-is-layout-fa584acd wp-block-columns-is-layout-flex\">\n<div class=\"wp-block-column is-layout-flow wp-block-column-is-layout-flow\" style=\"flex-basis:50%\">\n<div class=\"wp-block-group has-global-padding is-layout-constrained wp-block-group-is-layout-constrained\" style=\"margin-bottom:var(--wp--preset--spacing--40)\">\n<h2 class=\"wp-block-heading has-large-font-size\">Contactez-nous<\/h2>\n\n\n\n<div class=\"forminator-guttenberg\"><div class=\"forminator-ui forminator-custom-form forminator-custom-form-61 forminator-design--default  forminator_ajax\" data-forminator-render=\"0\" data-form=\"forminator-module-61\" data-uid=\"69d052bd82504\"><br\/><\/div><form\n\t\t\t\tid=\"forminator-module-61\"\n\t\t\t\tclass=\"forminator-ui forminator-custom-form forminator-custom-form-61 forminator-design--default  forminator_ajax\"\n\t\t\t\tmethod=\"post\"\n\t\t\t\tdata-forminator-render=\"0\"\n\t\t\t\tdata-form-id=\"61\"\n\t\t\t\t data-color-option=\"theme\" data-design=\"default\" data-grid=\"open\" style=\"display: none;\"\n\t\t\t\tdata-uid=\"69d052bd82504\" action=\"\"\n\t\t\t><div role=\"alert\" aria-live=\"polite\" class=\"forminator-response-message forminator-error\" aria-hidden=\"true\"><\/div><div class=\"forminator-row\"><div id=\"name-2\" class=\"forminator-field-name forminator-col forminator-col-12\"><div class=\"forminator-row forminator-no-margin\" data-multiple=\"true\"><div class=\"forminator-col forminator-col-md-6\"><div class=\"forminator-field\"><label for=\"forminator-field-first-name-2_69d052bd82504\" id=\"forminator-field-first-name-2_69d052bd82504-label\" class=\"forminator-label\">Pr\u00e9nom <span class=\"forminator-required\">*<\/span><\/label><input type=\"text\" name=\"name-2-first-name\" placeholder=\"Par exemple, John\" id=\"forminator-field-first-name-2_69d052bd82504\" class=\"forminator-input\" aria-required=\"true\" data-multi=\"1\" autocomplete=\"given-name\" value=\"\" \/><\/div><\/div><div class=\"forminator-col forminator-col-md-6\"><div class=\"forminator-field\"><label for=\"forminator-field-last-name-2_69d052bd82504\" id=\"forminator-field-last-name-2_69d052bd82504-label\" class=\"forminator-label\">Nom <span class=\"forminator-required\">*<\/span><\/label><input type=\"text\" name=\"name-2-last-name\" placeholder=\"Par exemple Doe\" id=\"forminator-field-last-name-2_69d052bd82504\" class=\"forminator-input\" aria-required=\"true\" data-multi=\"1\" autocomplete=\"family-name\" value=\"\" \/><\/div><\/div><\/div><\/div><\/div><div class=\"forminator-row\"><div id=\"email-1\" class=\"forminator-field-email forminator-col forminator-col-12\"><div class=\"forminator-field\"><label for=\"forminator-field-email-1_69d052bd82504\" id=\"forminator-field-email-1_69d052bd82504-label\" class=\"forminator-label\">Courriel <span class=\"forminator-required\">*<\/span><\/label><input type=\"email\" name=\"email-1\" value=\"\" placeholder=\"Par exemple, john@doe.com\" id=\"forminator-field-email-1_69d052bd82504\" class=\"forminator-input forminator-email--field\" data-required=\"1\" aria-required=\"true\" autocomplete=\"email\" \/><\/div><\/div><\/div><div class=\"forminator-row\"><div id=\"phone-1\" class=\"forminator-field-phone forminator-col forminator-col-12\"><div class=\"forminator-field\"><label for=\"forminator-field-phone-1_69d052bd82504\" id=\"forminator-field-phone-1_69d052bd82504-label\" class=\"forminator-label\">numero de t\u00e9l\u00e9phonne mobile<\/label><input type=\"text\" name=\"phone-1\" value=\"\" placeholder=\"Par exemple +353 087 4577341\" id=\"forminator-field-phone-1_69d052bd82504\" class=\"forminator-input forminator-field--phone\" data-required=\"\" aria-required=\"false\" autocomplete=\"off\" \/><\/div><\/div><\/div><div class=\"forminator-row\"><div id=\"textarea-1\" class=\"forminator-field-textarea forminator-col forminator-col-12\"><div class=\"forminator-field\"><label for=\"forminator-field-textarea-1_69d052bd82504\" id=\"forminator-field-textarea-1_69d052bd82504-label\" class=\"forminator-label\">D\u00e9tails de l\u2019exp\u00e9rience en fauconnerie\n (le cas \u00e9ch\u00e9ant)<\/label><textarea name=\"textarea-1\" placeholder=\"Entrez votre message...\" id=\"forminator-field-textarea-1_69d052bd82504\" class=\"forminator-textarea\" rows=\"6\" style=\"min-height:55px;\" >N\/A<\/textarea><\/div><\/div><\/div><div class=\"forminator-row\"><div id=\"textarea-2\" class=\"forminator-field-textarea forminator-col forminator-col-12\"><div class=\"forminator-field\"><label for=\"forminator-field-textarea-2_69d052bd82504\" id=\"forminator-field-textarea-2_69d052bd82504-label\" class=\"forminator-label\">\u00cates-vous connu(e) d\u2019un membre actuel de l\u2019IHC ?<\/label><textarea name=\"textarea-2\" placeholder=\"Entrez votre message...\" id=\"forminator-field-textarea-2_69d052bd82504\" class=\"forminator-textarea\" rows=\"6\" style=\"min-height:55px;\" >N\/A<\/textarea><\/div><\/div><\/div><div class=\"forminator-row\"><div id=\"textarea-3\" class=\"forminator-field-textarea forminator-col forminator-col-12\"><div class=\"forminator-field\"><label for=\"forminator-field-textarea-3_69d052bd82504\" id=\"forminator-field-textarea-3_69d052bd82504-label\" class=\"forminator-label\">D\u00e9tails de toute autre adh\u00e9sion li\u00e9e \u00e0 la fauconnerie, \u00e0 la chasse ou \u00e0 la conservation de la nature<\/label><textarea name=\"textarea-3\" placeholder=\"Entrez votre message...\" id=\"forminator-field-textarea-3_69d052bd82504\" class=\"forminator-textarea\" rows=\"6\" style=\"min-height:55px;\" >N\/A<\/textarea><\/div><\/div><\/div><div class=\"forminator-row\"><div id=\"textarea-4\" class=\"forminator-field-textarea forminator-col forminator-col-12\"><div class=\"forminator-field\"><label for=\"forminator-field-textarea-4_69d052bd82504\" id=\"forminator-field-textarea-4_69d052bd82504-label\" class=\"forminator-label\">Commentaires <span class=\"forminator-required\">*<\/span><\/label><textarea name=\"textarea-4\" placeholder=\"Par exemple, espace r\u00e9serv\u00e9 au texteVous pouvez ajouter une nouvelle ligne\" id=\"forminator-field-textarea-4_69d052bd82504\" class=\"forminator-textarea\" rows=\"6\" style=\"min-height:140px;\" ><\/textarea><\/div><\/div><\/div><input type=\"hidden\" name=\"referer_url\" value=\"\" \/><div class=\"forminator-row forminator-row-last\"><div class=\"forminator-col\"><div class=\"forminator-field\"><button class=\"forminator-button forminator-button-submit\">Soumettre<\/button><\/div><\/div><\/div><input type=\"hidden\" id=\"forminator_nonce\" name=\"forminator_nonce\" value=\"5d75b2726d\" \/><input type=\"hidden\" name=\"_wp_http_referer\" value=\"\/fr\/wp-json\/wp\/v2\/pages\/13\" \/><input type=\"hidden\" name=\"form_id\" value=\"61\"><input type=\"hidden\" name=\"page_id\" value=\"13\"><input type=\"hidden\" name=\"form_type\" value=\"default\"><input type=\"hidden\" name=\"current_url\" value=\"https:\/\/irishhawkingclub.org\/fr\/contact\/\"><input type=\"hidden\" name=\"render_id\" value=\"0\"><input type=\"hidden\" name=\"action\" value=\"forminator_submit_form_custom-forms\"><label for=\"input_8\" class=\"forminator-hidden\" aria-hidden=\"true\">Veuillez ne pas remplir ce champ. <input id=\"input_8\" type=\"text\" name=\"input_8\" value=\"\" autocomplete=\"off\"><\/label><input type=\"hidden\" name=\"etm-form-language\" value=\"fr\"\/><\/form><\/div>\n<\/div>\n\n\n\n<hr class=\"wp-block-separator has-alpha-channel-opacity\"\/>\n<\/div>\n\n\n\n<div class=\"wp-block-column is-layout-flow wp-block-column-is-layout-flow\" style=\"flex-basis:50%\">\n<figure class=\"wp-block-image size-large extendify-image-import\"><img loading=\"lazy\" decoding=\"async\" width=\"1024\" height=\"768\" src=\"https:\/\/irishhawkingclub.org\/wp-content\/uploads\/2025\/02\/our-birds_5-falcon-fist-launch-1024x768.jpg\" alt=\"\" class=\"wp-image-165\" style=\"aspect-ratio:1;object-fit:cover\" srcset=\"https:\/\/irishhawkingclub.org\/wp-content\/uploads\/2025\/02\/our-birds_5-falcon-fist-launch-1024x768.jpg 1024w, https:\/\/irishhawkingclub.org\/wp-content\/uploads\/2025\/02\/our-birds_5-falcon-fist-launch-300x225.jpg 300w, https:\/\/irishhawkingclub.org\/wp-content\/uploads\/2025\/02\/our-birds_5-falcon-fist-launch-768x576.jpg 768w, https:\/\/irishhawkingclub.org\/wp-content\/uploads\/2025\/02\/our-birds_5-falcon-fist-launch.jpg 1066w\" sizes=\"auto, (max-width: 1024px) 100vw, 1024px\" \/><\/figure>\n<\/div>\n<\/div>\n\n\n\n<p class=\"has-text-align-left\">Contactez le Irish Hawking Club&nbsp;<br><a href=\"mailto:irishhawkingclub@gmail.com\">irishhawkingclub@gmail.com<\/a>.&nbsp;<\/p>\n\n\n\n<p class=\"has-text-align-left\"><strong>Pr\u00e9sident<\/strong><br>Chev. Gary Timbrell<\/p>\n\n\n\n<p class=\"has-text-align-left\"><strong>Directeur<\/strong><br>Darry Reed<\/p>\n\n\n\n<p class=\"has-text-align-left\"><strong>Secr\u00e9taire&nbsp;<\/strong><br>Jason Deasy<\/p>\n\n\n\n<p class=\"has-text-align-left\"><strong>Journal et<\/strong><br>Andi Chewning<\/p>\n\n\n\n<p class=\"has-text-align-left\"><strong>R\u00e9dacteur \/ Responsable du journal et de la lettre d\u2019information<\/strong><br>Alan Jackson<\/p>\n\n\n\n<p><strong>Coordonnatrice de la rencontre sur le terrain<\/strong><br>Neil Carroll<\/p>\n\n\n\n<p><strong>Membre du comit\u00e9<\/strong><br>Declan Cairney<\/p>\n<\/div>","protected":false},"excerpt":{"rendered":"<p>Contact Us Contact the Irish Hawking Club:&nbsp;irishhawkingclub@gmail.com.&nbsp; PresidentChev. Gary Timbrell DirectorDarry Reed Secretary&nbsp;Jason Deasy TreasurerAndi Chewning Journal &amp; Newsletter EditorAlan Jackson Field Meet co-OrdinatorNeil Carroll Committee MemberDeclan Cairney<\/p>","protected":false},"author":1,"featured_media":0,"parent":0,"menu_order":0,"comment_status":"closed","ping_status":"closed","template":"no-title","meta":{"footnotes":""},"class_list":["post-13","page","type-page","status-publish","hentry"],"yoast_head":"<!-- This site is optimized with the Yoast SEO plugin v27.2 - https:\/\/yoast.com\/product\/yoast-seo-wordpress\/ -->\n<title>Contact - Irish Hawking Club<\/title>\n<meta name=\"robots\" content=\"index, follow, max-snippet:-1, max-image-preview:large, max-video-preview:-1\" \/>\n<link rel=\"canonical\" href=\"https:\/\/irishhawkingclub.org\/fr\/contact\/\" \/>\n<meta property=\"og:locale\" content=\"fr_FR\" \/>\n<meta property=\"og:type\" content=\"article\" \/>\n<meta property=\"og:title\" content=\"Contact - Irish Hawking Club\" \/>\n<meta property=\"og:description\" content=\"Contact Us Contact the Irish Hawking Club:&nbsp;irishhawkingclub@gmail.com.&nbsp; PresidentChev. Gary Timbrell DirectorDarry Reed Secretary&nbsp;Jason Deasy TreasurerAndi Chewning Journal &amp; Newsletter EditorAlan Jackson Field Meet co-OrdinatorNeil Carroll Committee MemberDeclan Cairney\" \/>\n<meta property=\"og:url\" content=\"https:\/\/irishhawkingclub.org\/fr\/contact\/\" \/>\n<meta property=\"og:site_name\" content=\"Irish Hawking Club\" \/>\n<meta property=\"article:publisher\" content=\"https:\/\/www.facebook.com\/irishhawkingclub\/\" \/>\n<meta property=\"article:modified_time\" content=\"2025-11-14T14:20:53+00:00\" \/>\n<meta property=\"og:image\" content=\"https:\/\/irishhawkingclub.org\/wp-content\/uploads\/2025\/02\/field_meets_9_falconers_field.jpg\" \/>\n<meta name=\"twitter:card\" content=\"summary_large_image\" \/>\n<script type=\"application\/ld+json\" class=\"yoast-schema-graph\">{\"@context\":\"https:\/\/schema.org\",\"@graph\":[{\"@type\":\"WebPage\",\"@id\":\"https:\/\/irishhawkingclub.org\/contact\/\",\"url\":\"https:\/\/irishhawkingclub.org\/contact\/\",\"name\":\"Contact - Irish Hawking Club\",\"isPartOf\":{\"@id\":\"https:\/\/irishhawkingclub.org\/fr\/#website\"},\"primaryImageOfPage\":{\"@id\":\"https:\/\/irishhawkingclub.org\/contact\/#primaryimage\"},\"image\":{\"@id\":\"https:\/\/irishhawkingclub.org\/contact\/#primaryimage\"},\"thumbnailUrl\":\"https:\/\/irishhawkingclub.org\/wp-content\/uploads\/2025\/02\/field_meets_9_falconers_field.jpg\",\"datePublished\":\"2025-01-24T00:04:49+00:00\",\"dateModified\":\"2025-11-14T14:20:53+00:00\",\"breadcrumb\":{\"@id\":\"https:\/\/irishhawkingclub.org\/contact\/#breadcrumb\"},\"inLanguage\":\"fr-FR\",\"potentialAction\":[{\"@type\":\"ReadAction\",\"target\":[\"https:\/\/irishhawkingclub.org\/contact\/\"]}]},{\"@type\":\"ImageObject\",\"inLanguage\":\"fr-FR\",\"@id\":\"https:\/\/irishhawkingclub.org\/contact\/#primaryimage\",\"url\":\"https:\/\/irishhawkingclub.org\/wp-content\/uploads\/2025\/02\/field_meets_9_falconers_field.jpg\",\"contentUrl\":\"https:\/\/irishhawkingclub.org\/wp-content\/uploads\/2025\/02\/field_meets_9_falconers_field.jpg\"},{\"@type\":\"BreadcrumbList\",\"@id\":\"https:\/\/irishhawkingclub.org\/contact\/#breadcrumb\",\"itemListElement\":[{\"@type\":\"ListItem\",\"position\":1,\"name\":\"Home\",\"item\":\"https:\/\/irishhawkingclub.org\/\"},{\"@type\":\"ListItem\",\"position\":2,\"name\":\"Contact\"}]},{\"@type\":\"WebSite\",\"@id\":\"https:\/\/irishhawkingclub.org\/fr\/#website\",\"url\":\"https:\/\/irishhawkingclub.org\/fr\/\",\"name\":\"Irish Hawking Club\",\"description\":\"Seabhaic seilge na h\u00c9ireann\",\"publisher\":{\"@id\":\"https:\/\/irishhawkingclub.org\/fr\/#organization\"},\"alternateName\":\"IHC\",\"potentialAction\":[{\"@type\":\"SearchAction\",\"target\":{\"@type\":\"EntryPoint\",\"urlTemplate\":\"https:\/\/irishhawkingclub.org\/fr\/?s={search_term_string}\"},\"query-input\":{\"@type\":\"PropertyValueSpecification\",\"valueRequired\":true,\"valueName\":\"search_term_string\"}}],\"inLanguage\":\"fr-FR\"},{\"@type\":\"Organization\",\"@id\":\"https:\/\/irishhawkingclub.org\/fr\/#organization\",\"name\":\"Irish Hawking Club\",\"alternateName\":\"IHC\",\"url\":\"https:\/\/irishhawkingclub.org\/fr\/\",\"logo\":{\"@type\":\"ImageObject\",\"inLanguage\":\"fr-FR\",\"@id\":\"https:\/\/irishhawkingclub.org\/fr\/#\/schema\/logo\/image\/\",\"url\":\"https:\/\/irishhawkingclub.org\/wp-content\/uploads\/2025\/02\/IHC-Logo.jpg\",\"contentUrl\":\"https:\/\/irishhawkingclub.org\/wp-content\/uploads\/2025\/02\/IHC-Logo.jpg\",\"width\":1160,\"height\":1420,\"caption\":\"Irish Hawking Club\"},\"image\":{\"@id\":\"https:\/\/irishhawkingclub.org\/fr\/#\/schema\/logo\/image\/\"},\"sameAs\":[\"https:\/\/www.facebook.com\/irishhawkingclub\/\"]}]}<\/script>\n<!-- \/ Yoast SEO plugin. -->","yoast_head_json":{"title":"Contact - Irish Hawking Club","robots":{"index":"index","follow":"follow","max-snippet":"max-snippet:-1","max-image-preview":"max-image-preview:large","max-video-preview":"max-video-preview:-1"},"canonical":"https:\/\/irishhawkingclub.org\/fr\/contact\/","og_locale":"fr_FR","og_type":"article","og_title":"Contact - Irish Hawking Club","og_description":"Contact Us Contact the Irish Hawking Club:&nbsp;irishhawkingclub@gmail.com.&nbsp; PresidentChev. Gary Timbrell DirectorDarry Reed Secretary&nbsp;Jason Deasy TreasurerAndi Chewning Journal &amp; Newsletter EditorAlan Jackson Field Meet co-OrdinatorNeil Carroll Committee MemberDeclan Cairney","og_url":"https:\/\/irishhawkingclub.org\/fr\/contact\/","og_site_name":"Irish Hawking Club","article_publisher":"https:\/\/www.facebook.com\/irishhawkingclub\/","article_modified_time":"2025-11-14T14:20:53+00:00","og_image":[{"url":"https:\/\/irishhawkingclub.org\/wp-content\/uploads\/2025\/02\/field_meets_9_falconers_field.jpg","type":"","width":"","height":""}],"twitter_card":"summary_large_image","schema":{"@context":"https:\/\/schema.org","@graph":[{"@type":"WebPage","@id":"https:\/\/irishhawkingclub.org\/contact\/","url":"https:\/\/irishhawkingclub.org\/contact\/","name":"Contact - Irish Hawking Club","isPartOf":{"@id":"https:\/\/irishhawkingclub.org\/fr\/#website"},"primaryImageOfPage":{"@id":"https:\/\/irishhawkingclub.org\/contact\/#primaryimage"},"image":{"@id":"https:\/\/irishhawkingclub.org\/contact\/#primaryimage"},"thumbnailUrl":"https:\/\/irishhawkingclub.org\/wp-content\/uploads\/2025\/02\/field_meets_9_falconers_field.jpg","datePublished":"2025-01-24T00:04:49+00:00","dateModified":"2025-11-14T14:20:53+00:00","breadcrumb":{"@id":"https:\/\/irishhawkingclub.org\/contact\/#breadcrumb"},"inLanguage":"fr-FR","potentialAction":[{"@type":"ReadAction","target":["https:\/\/irishhawkingclub.org\/contact\/"]}]},{"@type":"ImageObject","inLanguage":"fr-FR","@id":"https:\/\/irishhawkingclub.org\/contact\/#primaryimage","url":"https:\/\/irishhawkingclub.org\/wp-content\/uploads\/2025\/02\/field_meets_9_falconers_field.jpg","contentUrl":"https:\/\/irishhawkingclub.org\/wp-content\/uploads\/2025\/02\/field_meets_9_falconers_field.jpg"},{"@type":"BreadcrumbList","@id":"https:\/\/irishhawkingclub.org\/contact\/#breadcrumb","itemListElement":[{"@type":"ListItem","position":1,"name":"Home","item":"https:\/\/irishhawkingclub.org\/"},{"@type":"ListItem","position":2,"name":"Contact"}]},{"@type":"WebSite","@id":"https:\/\/irishhawkingclub.org\/fr\/#website","url":"https:\/\/irishhawkingclub.org\/fr\/","name":"Irish Hawking Club","description":"Seabhaic seilge na h\u00c9ireann","publisher":{"@id":"https:\/\/irishhawkingclub.org\/fr\/#organization"},"alternateName":"IHC","potentialAction":[{"@type":"SearchAction","target":{"@type":"EntryPoint","urlTemplate":"https:\/\/irishhawkingclub.org\/fr\/?s={search_term_string}"},"query-input":{"@type":"PropertyValueSpecification","valueRequired":true,"valueName":"search_term_string"}}],"inLanguage":"fr-FR"},{"@type":"Organization","@id":"https:\/\/irishhawkingclub.org\/fr\/#organization","name":"Irish Hawking Club","alternateName":"IHC","url":"https:\/\/irishhawkingclub.org\/fr\/","logo":{"@type":"ImageObject","inLanguage":"fr-FR","@id":"https:\/\/irishhawkingclub.org\/fr\/#\/schema\/logo\/image\/","url":"https:\/\/irishhawkingclub.org\/wp-content\/uploads\/2025\/02\/IHC-Logo.jpg","contentUrl":"https:\/\/irishhawkingclub.org\/wp-content\/uploads\/2025\/02\/IHC-Logo.jpg","width":1160,"height":1420,"caption":"Irish Hawking Club"},"image":{"@id":"https:\/\/irishhawkingclub.org\/fr\/#\/schema\/logo\/image\/"},"sameAs":["https:\/\/www.facebook.com\/irishhawkingclub\/"]}]}},"jetpack_sharing_enabled":true,"_links":{"self":[{"href":"https:\/\/irishhawkingclub.org\/fr\/wp-json\/wp\/v2\/pages\/13","targetHints":{"allow":["GET"]}}],"collection":[{"href":"https:\/\/irishhawkingclub.org\/fr\/wp-json\/wp\/v2\/pages"}],"about":[{"href":"https:\/\/irishhawkingclub.org\/fr\/wp-json\/wp\/v2\/types\/page"}],"author":[{"embeddable":true,"href":"https:\/\/irishhawkingclub.org\/fr\/wp-json\/wp\/v2\/users\/1"}],"replies":[{"embeddable":true,"href":"https:\/\/irishhawkingclub.org\/fr\/wp-json\/wp\/v2\/comments?post=13"}],"version-history":[{"count":13,"href":"https:\/\/irishhawkingclub.org\/fr\/wp-json\/wp\/v2\/pages\/13\/revisions"}],"predecessor-version":[{"id":600,"href":"https:\/\/irishhawkingclub.org\/fr\/wp-json\/wp\/v2\/pages\/13\/revisions\/600"}],"wp:attachment":[{"href":"https:\/\/irishhawkingclub.org\/fr\/wp-json\/wp\/v2\/media?parent=13"}],"curies":[{"name":"wp","href":"https:\/\/api.w.org\/{rel}","templated":true}]}}