{"id":102,"date":"2025-02-26T23:44:19","date_gmt":"2025-02-26T23:44:19","guid":{"rendered":"https:\/\/irishhawkingclub.org\/?page_id=102"},"modified":"2025-03-05T15:08:04","modified_gmt":"2025-03-05T15:08:04","slug":"conservation-rehabilitation","status":"publish","type":"page","link":"https:\/\/irishhawkingclub.org\/fr\/conservation-rehabilitation\/","title":{"rendered":"Conservation &amp; R\u00e9habilitation"},"content":{"rendered":"<div class=\"wp-block-group alignfull has-background-background-color has-background has-global-padding is-layout-constrained wp-container-core-group-is-layout-864ebe9b wp-block-group-is-layout-constrained\" style=\"margin-top:0;margin-bottom:0;padding-top:0;padding-right:0;padding-bottom:0;padding-left:0\">\n<div class=\"wp-block-cover alignfull extendify-image-import\" style=\"padding-top:0;padding-right:var(--wp--preset--spacing--30);padding-bottom:0;padding-left:var(--wp--preset--spacing--30);min-height:50px;aspect-ratio:unset;\"><span aria-hidden=\"true\" class=\"wp-block-cover__background has-black-background-color has-background-dim-30 has-background-dim\"><\/span><img loading=\"lazy\" decoding=\"async\" width=\"1100\" height=\"733\" class=\"wp-block-cover__image-background wp-image-142\" alt=\"\" src=\"https:\/\/irishhawkingclub.org\/wp-content\/uploads\/2025\/02\/rehabilitate-birds_7-buzzard-fist.jpg\" data-object-fit=\"cover\" srcset=\"https:\/\/irishhawkingclub.org\/wp-content\/uploads\/2025\/02\/rehabilitate-birds_7-buzzard-fist.jpg 1100w, https:\/\/irishhawkingclub.org\/wp-content\/uploads\/2025\/02\/rehabilitate-birds_7-buzzard-fist-300x200.jpg 300w, https:\/\/irishhawkingclub.org\/wp-content\/uploads\/2025\/02\/rehabilitate-birds_7-buzzard-fist-1024x682.jpg 1024w, https:\/\/irishhawkingclub.org\/wp-content\/uploads\/2025\/02\/rehabilitate-birds_7-buzzard-fist-768x512.jpg 768w\" sizes=\"auto, (max-width: 1100px) 100vw, 1100px\" \/><div class=\"wp-block-cover__inner-container is-layout-flow wp-block-cover-is-layout-flow\">\n<div class=\"wp-block-group has-global-padding is-layout-constrained wp-block-group-is-layout-constrained\" style=\"padding-top:var(--wp--preset--spacing--60);padding-bottom:var(--wp--preset--spacing--60)\">\n<div class=\"wp-block-columns alignwide are-vertically-aligned-center is-layout-flex wp-container-core-columns-is-layout-947c9d80 wp-block-columns-is-layout-flex\">\n<div class=\"wp-block-column is-vertically-aligned-center is-layout-flow wp-block-column-is-layout-flow\">\n<h1 class=\"wp-block-heading has-text-color has-x-large-font-size\" style=\"color:#fffffffc\">Conservation &amp; R\u00e9habilitation <\/h1>\n<\/div>\n\n\n\n<div class=\"wp-block-column is-vertically-aligned-center is-layout-flow wp-block-column-is-layout-flow\">\n<p class=\"has-text-color\" style=\"color:#fffffffc\">Comment conserver les oiseaux de proie et r\u00e9habiliter les oiseaux bless\u00e9s.<\/p>\n<\/div>\n<\/div>\n<\/div>\n<\/div><\/div>\n<\/div>\n\n\n\n<div class=\"wp-block-group alignfull has-tertiary-background-color has-background has-global-padding is-layout-constrained wp-container-core-group-is-layout-7276a2bb wp-block-group-is-layout-constrained\" id=\"faq\" style=\"margin-top:0;margin-bottom:0;padding-top:var(--wp--preset--spacing--60);padding-right:var(--wp--preset--spacing--30);padding-bottom:var(--wp--preset--spacing--60);padding-left:var(--wp--preset--spacing--30)\">\n<h2 class=\"wp-block-heading\">Conservation<\/h2>\n\n\n\n<p>L\u2019Irish Hawking Club (IHC) soutient la conservation des oiseaux de proie et de la faune irlandaise en g\u00e9n\u00e9ral, et plusieurs entre nous sont activement engag\u00e9s dans des projets de conservation.<br><br>Pour devenir un fauconnier comp\u00e9tent, une connaissance approfondie de la campagne et de ses habitants sauvages est n\u00e9cessaire. <br><br>L\u2019IHC et ses membres individuels ont \u00e9t\u00e9 impliqu\u00e9s dans de nombreux projets de conservation, tels que <a title=\"\" href=\"https:\/\/www.greypartridge.ie\/\">Projet irlandais de perdrix grise <\/a>Co.Offaly et la <a title=\"\" href=\"https:\/\/donegalnews.com\/second-generation-of-golden-eagles-soaring-over-donegal\/\">r\u00e9introduction de l\u2019aigle royal \u00e0 Donegal.<\/a>Nous encourageons nos membres \u00e0 offrir leur soutien \u00e0 ces projets et \u00e0 d\u2019autres dans toutes les capacit\u00e9s dont ils disposent.<br><br>Le IHC promeut la conservation des oiseaux de proie et de leur habitat naturel. Le IHC a soutenu un certain nombre de projets de conservation, tels que <strong>Irish Grey Partridge Trust<\/strong>, le <strong>R\u00e9introduction de l'aigle royal<\/strong> projet et le <strong>Crise des vautours asiatiques <\/strong>(<em>en Inde, les populations de vautours orientaux \u00e0 dos blanc ont chut\u00e9 de 99,7% depuis 1990; au Pakistan, 2 500 de ces oiseaux ont \u00e9t\u00e9 \u00e9lev\u00e9s en 2000, mais aucun n'a \u00e9t\u00e9 \u00e9lev\u00e9 en 2007. La crise s'\u00e9tend \u00e0 travers l'Inde, le N\u00e9pal et le Pakistan o\u00f9 le m\u00e9dicament v\u00e9t\u00e9rinaire diclonfenac a \u00e9t\u00e9 utilis\u00e9 pour traiter les animaux malades et bless\u00e9s, et qui est ensuite consomm\u00e9 par les vautours. Les r\u00e9sultats ont eu des probl\u00e8mes \u00e9cologiques, \u00e9conomiques, culturels et de sant\u00e9 publique de grande envergure.<\/em>).<br><br>Les pratiques de gestion du gibier sauvage adopt\u00e9es par le Grey Partridge Trust pr\u00e9sentent des avantages significatifs pour l\u2019ensemble de l\u2019\u00e9cosyst\u00e8me, avec des densit\u00e9s plus \u00e9lev\u00e9es d\u2019invert\u00e9br\u00e9s, de papillons, de souris et d\u2019oiseaux tels que les linottes, les roselins, les autres fingilid\u00e9s et les alouettes. Cela a \u00e0 son tour soutenu une population plus \u00e9lev\u00e9e que la moyenne d\u2019oiseaux de proie tels que les cr\u00e9cerelles, les chouettes effraies, les hiboux grands-ducs, les merlins et les busards de poule. Avec la plantation d\u2019une couverture v\u00e9g\u00e9tale appropri\u00e9e, la pr\u00e9dation de la perdrix grise par les busards et les \u00e9perviers peut \u00eatre minimis\u00e9e.<br><br>En fonction de la nature du projet, le IHC peut mettre \u00e0 disposition des b\u00e9n\u00e9voles pour s\u2019engager dans la collecte de fonds et\/ou apporter une contribution financi\u00e8re aux initiatives de conservation.<br><br><\/p>\n<\/div>\n\n\n\n<h2 class=\"wp-block-heading\">R\u00e9habilitation <\/h2>\n\n\n\n<figure class=\"wp-block-image size-full\"><img loading=\"lazy\" decoding=\"async\" width=\"960\" height=\"720\" src=\"https:\/\/irishhawkingclub.org\/wp-content\/uploads\/2025\/03\/rehab1.jpg\" alt=\"\" class=\"wp-image-370\" srcset=\"https:\/\/irishhawkingclub.org\/wp-content\/uploads\/2025\/03\/rehab1.jpg 960w, https:\/\/irishhawkingclub.org\/wp-content\/uploads\/2025\/03\/rehab1-300x225.jpg 300w, https:\/\/irishhawkingclub.org\/wp-content\/uploads\/2025\/03\/rehab1-768x576.jpg 768w\" sizes=\"auto, (max-width: 960px) 100vw, 960px\" \/><\/figure>\n\n\n\n<p>Si vous trouvez un oiseau de proie bless\u00e9, vous pouvez contacter un membre du comit\u00e9 qui vous mettra en contact avec un fauconnier local qui, selon la nature de la blessure, pourra peut-\u00eatre r\u00e9habiliter l\u2019oiseau et le ramener dans la nature. Bien que vous puissiez emmener l\u2019oiseau chez un v\u00e9t\u00e9rinaire local, tous les v\u00e9t\u00e9rinaires n\u2019ont pas d\u2019exp\u00e9rience en m\u00e9decine v\u00e9t\u00e9rinaire aviaire ou dans la manipulation des rapaces. Les membres du CIC sont susceptibles de conna\u00eetre des anciens combattants qui ont de l\u2019exp\u00e9rience dans ce domaine.<br><br>Si vous trouvez un oiseau de proie sauvage bless\u00e9, vous devez contacter votre garde-forestier local <a href=\"https:\/\/www.npws.ie\/\">Service des parcs nationaux et de la faune<\/a> (voir contacts sur <a href=\"https:\/\/irishhawkingclub.org\/fr\/legislation\/\" data-type=\"page\" data-id=\"88\">L\u00e9gislation <\/a>page L\u00e9gislation). Un permis sp\u00e9cial est requis pour un oiseau de proie sauvage bless\u00e9.<br><br>Ne placez pas un oiseau de proie bless\u00e9 dans une \u00ab\u00a0cage\u00a0\u00bb ou un porte-chat\/chien o\u00f9 il peut voir la lumi\u00e8re \u2013 car il essaiera seulement de voler vers la lumi\u00e8re et d\u2019endommager ses plumes, ce qui pourrait emp\u00eacher sa lib\u00e9ration dans la nature. Une bo\u00eete en carton solide est pr\u00e9f\u00e9r\u00e9e ou jetez une serviette sur un porte-chat\/chien pour bloqu\u00e9 la lumi\u00e8re.<br><br>Si vous essayez de manipuler un oiseau de proie, m\u00e9fiez-vous de ses serres. Placez une serviette enroul\u00e9e pr\u00e8s de ses pieds et laissez l\u2019oiseau saisir le mat\u00e9riau ; avec une autre serviette l\u00e2che sur la t\u00eate et le corps des oiseaux, vous pourriez peut-\u00eatre soulever l\u2019oiseau par derri\u00e8re avec ses pattes tourn\u00e9es vers l\u2019ext\u00e9rieur et loin de vous, puis le placer dans la bo\u00eete. Placer l\u2019oiseau dans un endroit calme, sans courant d\u2019air et avec un minimum de perturbations, avant qu\u2019une personne comp\u00e9tente ayant l\u2019exp\u00e9rience pertinente puisse l\u2019examiner.<br><br>Sous <a href=\"https:\/\/www.irishstatutebook.ie\/eli\/1976\/act\/39\/section\/22\/enacted\/en\/html\">Article 22, paragraphe 9, de la loi de 1976 sur la faune sauvage <\/a>(telle que modifi\u00e9e), le ministre peut d\u00e9livrer un permis \u00e0 une personne pour avoir en sa possession pendant une p\u00e9riode raisonnable un oiseau sauvage bless\u00e9 ou mutil\u00e9.<br><br><em>Veuillez cliquer ici pour voir une gamme d\u2019oiseaux de proie r\u00e9habilit\u00e9s dans la nature par nos membres.<\/em><\/p>\n\n\n\n<figure class=\"wp-block-image size-full\"><img loading=\"lazy\" decoding=\"async\" width=\"772\" height=\"800\" src=\"https:\/\/irishhawkingclub.org\/wp-content\/uploads\/2025\/03\/rehab3.jpg\" alt=\"\" class=\"wp-image-372\" srcset=\"https:\/\/irishhawkingclub.org\/wp-content\/uploads\/2025\/03\/rehab3.jpg 772w, https:\/\/irishhawkingclub.org\/wp-content\/uploads\/2025\/03\/rehab3-290x300.jpg 290w, https:\/\/irishhawkingclub.org\/wp-content\/uploads\/2025\/03\/rehab3-768x796.jpg 768w\" sizes=\"auto, (max-width: 772px) 100vw, 772px\" \/><\/figure>\n\n\n\n<figure class=\"wp-block-image size-full\"><img loading=\"lazy\" decoding=\"async\" width=\"800\" height=\"645\" src=\"https:\/\/irishhawkingclub.org\/wp-content\/uploads\/2025\/03\/rehab.jpg\" alt=\"\" class=\"wp-image-369\" srcset=\"https:\/\/irishhawkingclub.org\/wp-content\/uploads\/2025\/03\/rehab.jpg 800w, https:\/\/irishhawkingclub.org\/wp-content\/uploads\/2025\/03\/rehab-300x242.jpg 300w, https:\/\/irishhawkingclub.org\/wp-content\/uploads\/2025\/03\/rehab-768x619.jpg 768w\" sizes=\"auto, (max-width: 800px) 100vw, 800px\" \/><\/figure>\n\n\n\n<p><\/p>\n\n\n\n<div class=\"wp-block-columns is-layout-flex wp-container-core-columns-is-layout-28f84493 wp-block-columns-is-layout-flex\">\n<div class=\"wp-block-column is-layout-flow wp-block-column-is-layout-flow\">\n<figure class=\"wp-block-image size-full\"><img loading=\"lazy\" decoding=\"async\" width=\"90\" height=\"88\" src=\"https:\/\/irishhawkingclub.org\/wp-content\/uploads\/2025\/02\/8787304.jpg\" alt=\"\" class=\"wp-image-242\"\/><\/figure>\n<\/div>\n\n\n\n<div class=\"wp-block-column is-layout-flow wp-block-column-is-layout-flow\">\n<figure class=\"wp-block-image aligncenter size-large is-resized\"><img loading=\"lazy\" decoding=\"async\" width=\"837\" height=\"1024\" src=\"https:\/\/irishhawkingclub.org\/wp-content\/uploads\/2025\/02\/IHC-Logo-837x1024.jpg\" alt=\"Logo de l&#039;IHC\" class=\"wp-image-230\" style=\"width:77px;height:auto\" srcset=\"https:\/\/irishhawkingclub.org\/wp-content\/uploads\/2025\/02\/IHC-Logo-837x1024.jpg 837w, https:\/\/irishhawkingclub.org\/wp-content\/uploads\/2025\/02\/IHC-Logo-245x300.jpg 245w, https:\/\/irishhawkingclub.org\/wp-content\/uploads\/2025\/02\/IHC-Logo-768x940.jpg 768w, https:\/\/irishhawkingclub.org\/wp-content\/uploads\/2025\/02\/IHC-Logo.jpg 1160w\" sizes=\"auto, (max-width: 837px) 100vw, 837px\" \/><\/figure>\n<\/div>\n\n\n\n<div class=\"wp-block-column is-layout-flow wp-block-column-is-layout-flow\">\n<figure class=\"wp-block-image alignright size-full is-resized\"><img loading=\"lazy\" decoding=\"async\" width=\"508\" height=\"473\" src=\"https:\/\/irishhawkingclub.org\/wp-content\/uploads\/2025\/02\/Hawk-Board-logo.png\" alt=\"Logo du Hawk Board\" class=\"wp-image-227\" style=\"width:99px;height:auto\" srcset=\"https:\/\/irishhawkingclub.org\/wp-content\/uploads\/2025\/02\/Hawk-Board-logo.png 508w, https:\/\/irishhawkingclub.org\/wp-content\/uploads\/2025\/02\/Hawk-Board-logo-300x279.png 300w\" sizes=\"auto, (max-width: 508px) 100vw, 508px\" \/><\/figure>\n<\/div>\n<\/div>\n\n\n\n<p><\/p>","protected":false},"excerpt":{"rendered":"<p>Conservation The Irish Hawking Club (IHC) supports the conservation of both Birds of Prey and Irish wildlife in general and some members are actively engaged in conservation projects. To become a competent Falconer, expert knowledge of the countryside and its wild inhabitants is necessary. The IHC and its individual members have been involved in many [&hellip;]<\/p>","protected":false},"author":1,"featured_media":0,"parent":0,"menu_order":0,"comment_status":"closed","ping_status":"closed","template":"","meta":{"footnotes":""},"class_list":["post-102","page","type-page","status-publish","hentry"],"yoast_head":"<!-- This site is optimized with the Yoast SEO plugin v27.2 - https:\/\/yoast.com\/product\/yoast-seo-wordpress\/ -->\n<title>Conservation &amp; Rehabilitation - Irish Hawking Club<\/title>\n<meta name=\"robots\" content=\"index, follow, max-snippet:-1, max-image-preview:large, max-video-preview:-1\" \/>\n<link rel=\"canonical\" href=\"https:\/\/irishhawkingclub.org\/fr\/conservation-rehabilitation\/\" \/>\n<meta property=\"og:locale\" content=\"fr_FR\" \/>\n<meta property=\"og:type\" content=\"article\" \/>\n<meta property=\"og:title\" content=\"Conservation &amp; Rehabilitation - Irish Hawking Club\" \/>\n<meta property=\"og:description\" content=\"Conservation The Irish Hawking Club (IHC) supports the conservation of both Birds of Prey and Irish wildlife in general and some members are actively engaged in conservation projects. To become a competent Falconer, expert knowledge of the countryside and its wild inhabitants is necessary. The IHC and its individual members have been involved in many [&hellip;]\" \/>\n<meta property=\"og:url\" content=\"https:\/\/irishhawkingclub.org\/fr\/conservation-rehabilitation\/\" \/>\n<meta property=\"og:site_name\" content=\"Irish Hawking Club\" \/>\n<meta property=\"article:publisher\" content=\"https:\/\/www.facebook.com\/irishhawkingclub\/\" \/>\n<meta property=\"article:modified_time\" content=\"2025-03-05T15:08:04+00:00\" \/>\n<meta property=\"og:image\" content=\"https:\/\/irishhawkingclub.org\/wp-content\/uploads\/2025\/02\/rehabilitate-birds_7-buzzard-fist.jpg\" \/>\n<meta name=\"twitter:card\" content=\"summary_large_image\" \/>\n<meta name=\"twitter:label1\" content=\"Dur\u00e9e de lecture estim\u00e9e\" \/>\n\t<meta name=\"twitter:data1\" content=\"3 minutes\" \/>\n<script type=\"application\/ld+json\" class=\"yoast-schema-graph\">{\"@context\":\"https:\/\/schema.org\",\"@graph\":[{\"@type\":\"WebPage\",\"@id\":\"https:\/\/irishhawkingclub.org\/conservation-rehabilitation\/\",\"url\":\"https:\/\/irishhawkingclub.org\/conservation-rehabilitation\/\",\"name\":\"Conservation &amp; Rehabilitation - Irish Hawking Club\",\"isPartOf\":{\"@id\":\"https:\/\/irishhawkingclub.org\/fr\/#website\"},\"primaryImageOfPage\":{\"@id\":\"https:\/\/irishhawkingclub.org\/conservation-rehabilitation\/#primaryimage\"},\"image\":{\"@id\":\"https:\/\/irishhawkingclub.org\/conservation-rehabilitation\/#primaryimage\"},\"thumbnailUrl\":\"https:\/\/irishhawkingclub.org\/wp-content\/uploads\/2025\/02\/rehabilitate-birds_7-buzzard-fist.jpg\",\"datePublished\":\"2025-02-26T23:44:19+00:00\",\"dateModified\":\"2025-03-05T15:08:04+00:00\",\"breadcrumb\":{\"@id\":\"https:\/\/irishhawkingclub.org\/conservation-rehabilitation\/#breadcrumb\"},\"inLanguage\":\"fr-FR\",\"potentialAction\":[{\"@type\":\"ReadAction\",\"target\":[\"https:\/\/irishhawkingclub.org\/conservation-rehabilitation\/\"]}]},{\"@type\":\"ImageObject\",\"inLanguage\":\"fr-FR\",\"@id\":\"https:\/\/irishhawkingclub.org\/conservation-rehabilitation\/#primaryimage\",\"url\":\"https:\/\/irishhawkingclub.org\/wp-content\/uploads\/2025\/02\/rehabilitate-birds_7-buzzard-fist.jpg\",\"contentUrl\":\"https:\/\/irishhawkingclub.org\/wp-content\/uploads\/2025\/02\/rehabilitate-birds_7-buzzard-fist.jpg\"},{\"@type\":\"BreadcrumbList\",\"@id\":\"https:\/\/irishhawkingclub.org\/conservation-rehabilitation\/#breadcrumb\",\"itemListElement\":[{\"@type\":\"ListItem\",\"position\":1,\"name\":\"Home\",\"item\":\"https:\/\/irishhawkingclub.org\/\"},{\"@type\":\"ListItem\",\"position\":2,\"name\":\"Conservation &amp; Rehabilitation\"}]},{\"@type\":\"WebSite\",\"@id\":\"https:\/\/irishhawkingclub.org\/fr\/#website\",\"url\":\"https:\/\/irishhawkingclub.org\/fr\/\",\"name\":\"Irish Hawking Club\",\"description\":\"Seabhaic seilge na h\u00c9ireann\",\"publisher\":{\"@id\":\"https:\/\/irishhawkingclub.org\/fr\/#organization\"},\"alternateName\":\"IHC\",\"potentialAction\":[{\"@type\":\"SearchAction\",\"target\":{\"@type\":\"EntryPoint\",\"urlTemplate\":\"https:\/\/irishhawkingclub.org\/fr\/?s={search_term_string}\"},\"query-input\":{\"@type\":\"PropertyValueSpecification\",\"valueRequired\":true,\"valueName\":\"search_term_string\"}}],\"inLanguage\":\"fr-FR\"},{\"@type\":\"Organization\",\"@id\":\"https:\/\/irishhawkingclub.org\/fr\/#organization\",\"name\":\"Irish Hawking Club\",\"alternateName\":\"IHC\",\"url\":\"https:\/\/irishhawkingclub.org\/fr\/\",\"logo\":{\"@type\":\"ImageObject\",\"inLanguage\":\"fr-FR\",\"@id\":\"https:\/\/irishhawkingclub.org\/fr\/#\/schema\/logo\/image\/\",\"url\":\"https:\/\/irishhawkingclub.org\/wp-content\/uploads\/2025\/02\/IHC-Logo.jpg\",\"contentUrl\":\"https:\/\/irishhawkingclub.org\/wp-content\/uploads\/2025\/02\/IHC-Logo.jpg\",\"width\":1160,\"height\":1420,\"caption\":\"Irish Hawking Club\"},\"image\":{\"@id\":\"https:\/\/irishhawkingclub.org\/fr\/#\/schema\/logo\/image\/\"},\"sameAs\":[\"https:\/\/www.facebook.com\/irishhawkingclub\/\"]}]}<\/script>\n<!-- \/ Yoast SEO plugin. -->","yoast_head_json":{"title":"Conservation &amp; Rehabilitation - Irish Hawking Club","robots":{"index":"index","follow":"follow","max-snippet":"max-snippet:-1","max-image-preview":"max-image-preview:large","max-video-preview":"max-video-preview:-1"},"canonical":"https:\/\/irishhawkingclub.org\/fr\/conservation-rehabilitation\/","og_locale":"fr_FR","og_type":"article","og_title":"Conservation &amp; Rehabilitation - Irish Hawking Club","og_description":"Conservation The Irish Hawking Club (IHC) supports the conservation of both Birds of Prey and Irish wildlife in general and some members are actively engaged in conservation projects. To become a competent Falconer, expert knowledge of the countryside and its wild inhabitants is necessary. The IHC and its individual members have been involved in many [&hellip;]","og_url":"https:\/\/irishhawkingclub.org\/fr\/conservation-rehabilitation\/","og_site_name":"Irish Hawking Club","article_publisher":"https:\/\/www.facebook.com\/irishhawkingclub\/","article_modified_time":"2025-03-05T15:08:04+00:00","og_image":[{"url":"https:\/\/irishhawkingclub.org\/wp-content\/uploads\/2025\/02\/rehabilitate-birds_7-buzzard-fist.jpg","type":"","width":"","height":""}],"twitter_card":"summary_large_image","twitter_misc":{"Dur\u00e9e de lecture estim\u00e9e":"3 minutes"},"schema":{"@context":"https:\/\/schema.org","@graph":[{"@type":"WebPage","@id":"https:\/\/irishhawkingclub.org\/conservation-rehabilitation\/","url":"https:\/\/irishhawkingclub.org\/conservation-rehabilitation\/","name":"Conservation &amp; Rehabilitation - Irish Hawking Club","isPartOf":{"@id":"https:\/\/irishhawkingclub.org\/fr\/#website"},"primaryImageOfPage":{"@id":"https:\/\/irishhawkingclub.org\/conservation-rehabilitation\/#primaryimage"},"image":{"@id":"https:\/\/irishhawkingclub.org\/conservation-rehabilitation\/#primaryimage"},"thumbnailUrl":"https:\/\/irishhawkingclub.org\/wp-content\/uploads\/2025\/02\/rehabilitate-birds_7-buzzard-fist.jpg","datePublished":"2025-02-26T23:44:19+00:00","dateModified":"2025-03-05T15:08:04+00:00","breadcrumb":{"@id":"https:\/\/irishhawkingclub.org\/conservation-rehabilitation\/#breadcrumb"},"inLanguage":"fr-FR","potentialAction":[{"@type":"ReadAction","target":["https:\/\/irishhawkingclub.org\/conservation-rehabilitation\/"]}]},{"@type":"ImageObject","inLanguage":"fr-FR","@id":"https:\/\/irishhawkingclub.org\/conservation-rehabilitation\/#primaryimage","url":"https:\/\/irishhawkingclub.org\/wp-content\/uploads\/2025\/02\/rehabilitate-birds_7-buzzard-fist.jpg","contentUrl":"https:\/\/irishhawkingclub.org\/wp-content\/uploads\/2025\/02\/rehabilitate-birds_7-buzzard-fist.jpg"},{"@type":"BreadcrumbList","@id":"https:\/\/irishhawkingclub.org\/conservation-rehabilitation\/#breadcrumb","itemListElement":[{"@type":"ListItem","position":1,"name":"Home","item":"https:\/\/irishhawkingclub.org\/"},{"@type":"ListItem","position":2,"name":"Conservation &amp; Rehabilitation"}]},{"@type":"WebSite","@id":"https:\/\/irishhawkingclub.org\/fr\/#website","url":"https:\/\/irishhawkingclub.org\/fr\/","name":"Irish Hawking Club","description":"Seabhaic seilge na h\u00c9ireann","publisher":{"@id":"https:\/\/irishhawkingclub.org\/fr\/#organization"},"alternateName":"IHC","potentialAction":[{"@type":"SearchAction","target":{"@type":"EntryPoint","urlTemplate":"https:\/\/irishhawkingclub.org\/fr\/?s={search_term_string}"},"query-input":{"@type":"PropertyValueSpecification","valueRequired":true,"valueName":"search_term_string"}}],"inLanguage":"fr-FR"},{"@type":"Organization","@id":"https:\/\/irishhawkingclub.org\/fr\/#organization","name":"Irish Hawking Club","alternateName":"IHC","url":"https:\/\/irishhawkingclub.org\/fr\/","logo":{"@type":"ImageObject","inLanguage":"fr-FR","@id":"https:\/\/irishhawkingclub.org\/fr\/#\/schema\/logo\/image\/","url":"https:\/\/irishhawkingclub.org\/wp-content\/uploads\/2025\/02\/IHC-Logo.jpg","contentUrl":"https:\/\/irishhawkingclub.org\/wp-content\/uploads\/2025\/02\/IHC-Logo.jpg","width":1160,"height":1420,"caption":"Irish Hawking Club"},"image":{"@id":"https:\/\/irishhawkingclub.org\/fr\/#\/schema\/logo\/image\/"},"sameAs":["https:\/\/www.facebook.com\/irishhawkingclub\/"]}]}},"jetpack_sharing_enabled":true,"_links":{"self":[{"href":"https:\/\/irishhawkingclub.org\/fr\/wp-json\/wp\/v2\/pages\/102","targetHints":{"allow":["GET"]}}],"collection":[{"href":"https:\/\/irishhawkingclub.org\/fr\/wp-json\/wp\/v2\/pages"}],"about":[{"href":"https:\/\/irishhawkingclub.org\/fr\/wp-json\/wp\/v2\/types\/page"}],"author":[{"embeddable":true,"href":"https:\/\/irishhawkingclub.org\/fr\/wp-json\/wp\/v2\/users\/1"}],"replies":[{"embeddable":true,"href":"https:\/\/irishhawkingclub.org\/fr\/wp-json\/wp\/v2\/comments?post=102"}],"version-history":[{"count":9,"href":"https:\/\/irishhawkingclub.org\/fr\/wp-json\/wp\/v2\/pages\/102\/revisions"}],"predecessor-version":[{"id":489,"href":"https:\/\/irishhawkingclub.org\/fr\/wp-json\/wp\/v2\/pages\/102\/revisions\/489"}],"wp:attachment":[{"href":"https:\/\/irishhawkingclub.org\/fr\/wp-json\/wp\/v2\/media?parent=102"}],"curies":[{"name":"wp","href":"https:\/\/api.w.org\/{rel}","templated":true}]}}